{"id":10151,"date":"2019-12-27T10:37:02","date_gmt":"2019-12-27T10:37:02","guid":{"rendered":"http:\/\/www.alpaderm.com\/conditions-generales-de-vente\/"},"modified":"2022-03-02T10:53:17","modified_gmt":"2022-03-02T10:53:17","slug":"conditions-generales-de-vente","status":"publish","type":"page","link":"https:\/\/www.alpaderm.com\/de\/conditions-generales-de-vente\/","title":{"rendered":"Verkaufskonditionen"},"content":{"rendered":"\n<p>&nbsp;<\/p>\n<p>Bitte lesen Sie die folgenden Bedingungen aufmerksam durch. INDEM SIE AUF DIE INTERNETSEITE VON ALPADERM (NACHFOLGEND \u201eDIE WEBSITE\u201c) ZUGREIFEN, AKZEPTIEREN SIE UNTENSTEHENDE BEDINGUNGEN UND RECHTLICHE INFORMATIONEN. SOLLTEN SIE MIT DIESEN NICHT EINVERSTANDEN SEIN, VERLASSEN SIE BITTE DIESE INTERNETSEITE.<\/p>\n<h3>Copyright \u2013 Urheberrechte \u2013 Rechte f\u00fcr geistiges Eigentum<\/h3>\n<p>Der Inhalt der gesamten Website ist urheberrechtlich gesch\u00fctzt. Jede Ver\u00e4nderung der Website oder einem Teil derselben ist streng untersagt. Die Wiedergabe und Wiederverwendung von Informationen der Website oder deren Verwendung f\u00fcr \u00f6ffentliche oder komerzielle Zwecke sind ohne vorherige schriftliche Zustimmung von ALPADERM untersagt.<\/p>\n<p>Falls Sie Software und\/oder Informationen herunterladen oder in beliebiger Form darauf zugreifen, bleibt ALPADERM Besitzer deren Rechte. Der Name ALPADERM, das Logo und die verschiedenen Marken sind gesch\u00fctzt. Die Benutzung der Website gew\u00e4hrt keinesfalls eine Lizenz oder ein Benutzungsrecht auf Bilder, Schutzmarken oder Logos.<\/p>\n<p>Herunterladen, kopieren oder \u00e4hnliche Handhabung der gesamten oder eines Teils der Website \u00fcbertr\u00e4gt keinerlei Rechte auf Software oder andere Elemente der Website. ALPADERM beh\u00e4lt alle Rechte bez\u00fcglich s\u00e4mtlicher Elemente der Website bei (speziell Urheber- und Markenrechte) und wird sich auf alle notwendigen Mittel zur Durchsetzung seiner Rechte berufen.<\/p>\n<h3>Auf der Website enthaltene Informationen<\/h3>\n<p>ALPADERM \u00fcberpr\u00fcft die Inhalte ihrer Website zum Zeitpunkt der Aufschaltung sorgf\u00e4ltig. Weder ALPADERM noch seine allf\u00e4lligen Partner k\u00f6nnen jedoch garantieren, dass die zur Verf\u00fcgung gestellten oder \u00fcbermittelten Daten (Infos, Software, Dokumente, etc.) jederzeit aktuell, vollst\u00e4ndig und exakt sind. Speziell die Pflege- und Gesundheitsratschl\u00e4ge, welche von verschiedenen Spezialisten und Aerzten stammen und auf der Website wiedergegeben werden, verpflichten ALPADERM in keiner Weise.<\/p>\n<h3>Rechts- und Garantie-Ausschluss<\/h3>\n<p>ALPADERM kann keinesfalls f\u00fcr allf\u00e4llige direkte oder indirekte Sch\u00e4den verantwortlich gemacht werden, welche Folge des Gebrauchs von Software, Informationen und anderen auf der Website verf\u00fcgbaren Funktionen oder des Zugangs auf andere Internetseiten \u00fcber Links auf der ALPADERM Website sind.<\/p>\n<p>ALPADERM gew\u00e4hrt keine Garantie, dass die Informationen, Software, Dokumente und anderen auf seiner Website verf\u00fcgbaren Daten frei von Viren oder anderen gef\u00e4hrlichen Bestandteilen sind.<\/p>\n<p>ALPADERM kann keinesfalls f\u00fcr allf\u00e4llige direkte oder indirekte Sch\u00e4den verantwortlich gemacht werden, welche Folge des Zugangs und der Ben\u00fctzung, oder des Scheiterns des Zugangs und der Ben\u00fctzung, auf resp. von Elementen ihrer Website sind.<\/p>\n<p>ES WIRD DARAUF HINGEWIESEN, DASS DIE ALPADERM PRODUKTE KEINE MEDIZINISCHE, SONDERN REIN KOSMETISCHE PRODUKTE SIND.<\/p>\n<h3>Links auf andere Internetseiten<\/h3>\n<p>Die Website enth\u00e4lt Links auf die Internetseiten Dritter, welche von ALPADERM nicht \u00fcberpr\u00fcft werden. Sie kann nicht verantwortlich gemacht werden f\u00fcr den Inhalt dieser externen Seiten. Der Zugang zu diesen Seiten erfolgt demnach auf eigenes Risiko.<\/p>\n<h3>Datenschutz<\/h3>\n<p>ALPADERM sch\u00fctzt die pers\u00f6nlichen Daten durch geeignete Massnahmen vor Missbrauch. Sie kann jedoch keine rechtskr\u00e4ftige Verantwortung f\u00fcr die Sicherheit dieser Daten \u00fcbernehmen. Das Internet ist \u00f6ffentlich zug\u00e4ngig, Sie \u00fcbertragen pers\u00f6nliche Informationen freiwillig und auf eigenes Risiko. Ihre Daten k\u00f6nnen bei der \u00dcbertragung verloren gehen oder nichtautorisierten Personen zug\u00e4nglich werden. Die Informations\u00fcbermittlung via Internet kann St\u00f6rungen, Versp\u00e4tungen oder Fehlern unterliegen, welche nicht ALPADERM zuzuschreiben sind. ALPADERM ist nicht f\u00fcr die direkten und indirekten Sch\u00e4den infolge dieser St\u00f6rungen verantwortlich.<\/p>\n<p>Der Datenschutz ist f\u00fcr ALPADERM speziell wichtig. Dies ist die Website und das Eigentum der ALPADERM GmbH, welche dem Schweizer Recht unterstellt ist und deren Hauptsitz in Ardon ist. Die Firma ist im Schweizer Handelsregister unter der Nr. CH-626.4.009.486-4 eingetragen. Die Verarbeitung pers\u00f6nlicher Daten, welche sich auf diese Website beziehen, sind dem Schweizer Recht, insbesondere dem Schweizer Datenschutzgesetz, unterstellt.<\/p>\n<p>Wir bewahren bei Ihrem Besuch auf unserer Website folgende Informationen zur\u00fcck :<\/p>\n<p>\u2013 Ihr Bet\u00e4tigungsfeld<br>\u2013 Ihre E-Mailadresse falls Sie uns diese angegeben haben, zum Beispiel durch Senden von Nachrichten oder Fragen, durch E-Mail Kommunikation, Teilnahme an Diskussionsforen, durch Zugreifen auf den nur durch Identifikation zug\u00e4nglichen Teil der Website, etc.<br>-s\u00e4mtliche Informationen zu den Seiten, auf welche Sie \u00fcber unsere Website zugegriffen haben<br>\u2013 all Informationen, die Sie uns freiwillig gegeben haben (z. Bsp. durch Anfragen f\u00fcr Ausk\u00fcnfte und\/oder Einschreibungen auf der Website, oder Zugreifen auf den nur durch Identifikation zug\u00e4nglichen Teil der Website).<\/p>\n<p>Diese Informationen werden an keine andere Organisation oder Firma weitergegeben, deren Aktivit\u00e4ten nicht direkt an jene von ALPADERM gebunden sind. Sie werden in erster Linie in der Schweiz bearbeitet und auf einem Server in der Schweiz platziert. Sie k\u00f6nnen jederzeit ins Ausland \u00fcbertragen werden, an Firmen der ALPADERM Gruppe oder an von ALPADERM im Rahmen ihrer T\u00e4tigkeit beauftragte Drittfirmen.<\/p>\n<p>Die Informationen werden verwendet, um den Inhalt unserer Website und unser Angebot zu verbessern, Sie \u00fcber Aktualisierungen zu informieren, Sie nachtr\u00e4glich f\u00fcr Marketingzwecke zu kontaktieren, sei dies f\u00fcr unsere Produkte oder jene ausgew\u00e4hlter Dritter welche Sie \u00fcber uns kontaktieren m\u00f6chten, sowie zur Erstellung von Statistiken. Falls Sie zuk\u00fcnftig keine E-Mails von uns erhalten m\u00f6chten, teilen Sie uns dies mit einem E-Mail an folgende Adresse mit:&nbsp;<a href=\"mailto:desabonnement@alpaderm.com\">desabonnement@alpaderm.com<\/a><\/p>\n<p>Wir verwenden auf dieser Website Cookies (Cookies sind kleine Dateien, die Ihnen von unserem Server gesandt und auf Ihrer Festplatte gespeichert werden. Sie speichern diverse Informationen im Zusammenhang mit dem Besuch der Website). Unsere Cookies sind haupts\u00e4chlich dazu da, dass die Website funktioniert (technische Cookies). Wir verwenden sie zudem, um (1) Sie besser kennen zu lernen und die Website effizienter zu aktualisieren, (2) Sie sp\u00e4ter zu Marketingzwecken zu kontaktieren und (3) zur Erstellung von Statistiken.<\/p>\n<p>Wir haben bereits angemessene Sicherheitsmassnahmen getroffen, um den Verlust, den Missbrauch oder die Verf\u00e4lschung \u00fcber unsere Website erhaltener Informationen zu vermeiden.<\/p>\n<p>Falls Sie uns Ihre Postanschrift oder Telefonnummer \u00fcber das Web mitteilen, kann es vorkommen, dass wir Sie kontaktieren, um Sie \u00fcber Produkte und Dienstleistungen oder k\u00fcnftige Begebenheiten zu informieren. Falls Sie nicht kontaktiert werden m\u00f6chten, teilen Sie uns dies bitte \u00fcber folgende E-Mailadresse mit:&nbsp;<a href=\"mailto:desabonnement@alpaderm.com\">desabonnement@alpaderm.com<\/a><\/p>\n<p>Sie haben Gesetzeskonform ein Zugangs- und Berichtigungsrecht zu den Sie betreffenden Informationen. Auf Anfrage k\u00f6nnen Sie so Ihre pers\u00f6nlichen Daten einsehen und allf\u00e4llige Ungenauigkeiten berichtigen. Falls Sie dieses Recht aus\u00fcben m\u00f6chten, kontaktieren Sie uns \u00fcber folgende Adresse:&nbsp;<a href=\"mailto:info@alpaderm.com\">info@alpaderm.com<\/a><\/p>\n<h3>Anwendungsbereich, Einschr\u00e4nkung und Ausdehnung der vorliegenden Bedingungen<\/h3>\n<p>ALPADERM ist eine GmbH, welche dem Schweizer Recht unterstellt ist und deren Hauptsitz in Ardon ist. Die Firma ist im Schweizer Handelsregister unter der Nr. CH-626.4.009.486-4 eingetragen. Unter Vorbehalt gegenteiliger Angaben wenden sich die \u00fcber Internet vertriebenen Produkte und Dienstleistungen von ALPADERM nur an Personen und Firmen in der Schweiz, Deutschland, den Benelux L\u00e4ndern und Frankreich (Mutterland). Ein Hinweis auf ein Produkt oder eine Dienstleistung von ALPADERM bedeutet nicht, dass ein solches Produkt oder eine solche Dienstleistung in Ihrer Region erh\u00e4ltlich sind.<\/p>\n<p>DIE BENUTZERBEDINGUNGEN DER WEBSITE, S\u00c4MTLICHE INFORMATIONEN UND DATEN, SEINE BEN\u00dcTZUNG SOWIE JEDER SICH DARAUS ERGEBENDE RECHTSSTREIT UNTERLIEGEN AUSSCHLIESSLICH DER SCHWEIZER RECHTSSPRECHUNG. GERICHTSSTAND IST LAUSANNE.<\/p>\n<p>ALPADERM beh\u00e4lt sich das Recht vor, die Informationen und Daten ihrer Website jederzeit und ohne vorangehenden Hinweis zu modifizieren. Bitte konsultieren Sie diese Bedingungen bei jedem Besuch der Website.<\/p>\n","protected":false},"excerpt":{"rendered":"","protected":false},"author":58,"featured_media":0,"parent":0,"menu_order":0,"comment_status":"closed","ping_status":"closed","template":"","meta":{"footnotes":""},"class_list":["post-10151","page","type-page","status-publish","hentry"],"_links":{"self":[{"href":"https:\/\/www.alpaderm.com\/de\/wp-json\/wp\/v2\/pages\/10151","targetHints":{"allow":["GET"]}}],"collection":[{"href":"https:\/\/www.alpaderm.com\/de\/wp-json\/wp\/v2\/pages"}],"about":[{"href":"https:\/\/www.alpaderm.com\/de\/wp-json\/wp\/v2\/types\/page"}],"author":[{"embeddable":true,"href":"https:\/\/www.alpaderm.com\/de\/wp-json\/wp\/v2\/users\/58"}],"replies":[{"embeddable":true,"href":"https:\/\/www.alpaderm.com\/de\/wp-json\/wp\/v2\/comments?post=10151"}],"version-history":[{"count":1,"href":"https:\/\/www.alpaderm.com\/de\/wp-json\/wp\/v2\/pages\/10151\/revisions"}],"predecessor-version":[{"id":11076,"href":"https:\/\/www.alpaderm.com\/de\/wp-json\/wp\/v2\/pages\/10151\/revisions\/11076"}],"wp:attachment":[{"href":"https:\/\/www.alpaderm.com\/de\/wp-json\/wp\/v2\/media?parent=10151"}],"curies":[{"name":"wp","href":"https:\/\/api.w.org\/{rel}","templated":true}]}}