{"id":8758,"date":"2021-02-12T14:47:18","date_gmt":"2021-02-12T14:47:18","guid":{"rendered":"http:\/\/www.alpaderm.com\/?page_id=8758"},"modified":"2023-06-12T21:16:27","modified_gmt":"2023-06-12T21:16:27","slug":"alpaderm","status":"publish","type":"page","link":"https:\/\/www.alpaderm.com\/de\/alpaderm\/","title":{"rendered":"Alpaderm"},"content":{"rendered":"\n\n\t<section class=\"section dark\" id=\"section_1670288156\">\n\t\t<div class=\"section-bg fill\" >\n\t\t\t\t\t\t\t\t\t\n\t\t\t\n\n\t\t<\/div>\n\n\t\t\n\n\t\t<div class=\"section-content relative\">\n\t\t\t\n\n<div class=\"row\"  id=\"row-1658220171\">\n\n\n\t<div id=\"col-1937475860\" class=\"col medium-8 small-12 large-8\"  >\n\t\t\t\t<div class=\"col-inner\"  >\n\t\t\t\n\t\t\t\n\n<h1><span style=\"font-size: 180%;\">Am Anfang war ein Engel<\/span><\/h1>\n<h3>Unsere Geschichte<\/h3>\n\n\t\t<\/div>\n\t\t\t\t\t<\/div>\n\n\t\n\n<\/div>\n\n\t\t<\/div>\n\n\t\t\n<style>\n#section_1670288156 {\n  padding-top: 100px;\n  padding-bottom: 100px;\n  background-color: rgb(0, 119, 200);\n}\n@media (min-width:550px) {\n  #section_1670288156 {\n    padding-top: 150px;\n    padding-bottom: 150px;\n  }\n}\n@media (min-width:850px) {\n  #section_1670288156 {\n    padding-top: 80px;\n    padding-bottom: 80px;\n  }\n}\n<\/style>\n\t<\/section>\n\t\n\n\t<section class=\"section\" id=\"section_1634310371\">\n\t\t<div class=\"section-bg fill\" >\n\t\t\t\t\t\t\t\t\t\n\t\t\t\n\n\t\t<\/div>\n\n\t\t\n\n\t\t<div class=\"section-content relative\">\n\t\t\t\n\n<div class=\"row\"  id=\"row-562136910\">\n\n\n\t<div id=\"col-294260073\" class=\"col small-12 large-12\"  >\n\t\t\t\t<div class=\"col-inner\"  >\n\t\t\t\n\t\t\t\n\n<div class=\"row row-small\"  id=\"row-518853663\">\n\n\n\t<div id=\"col-2093542490\" class=\"col medium-4 small-12 large-4\"  >\n\t\t\t\t<div class=\"col-inner\"  >\n\t\t\t\n\t\t\t\n\n\t<div class=\"box has-hover   has-hover box-shade dark box-text-bottom\" >\n\n\t\t<div class=\"box-image\" >\n\t\t\t\t\t\t<div class=\"image-cover\" style=\"padding-top:120%;\">\n\t\t\t\t<img loading=\"lazy\" decoding=\"async\" width=\"317\" height=\"317\" src=\"https:\/\/www.alpaderm.com\/wp-content\/uploads\/2021\/01\/imageInstitutionnelle.jpg\" class=\"attachment- size-\" alt=\"imageInstitutionnelle\" srcset=\"https:\/\/www.alpaderm.com\/wp-content\/uploads\/2021\/01\/imageInstitutionnelle.jpg 317w, https:\/\/www.alpaderm.com\/wp-content\/uploads\/2021\/01\/imageInstitutionnelle-100x100.jpg 100w, https:\/\/www.alpaderm.com\/wp-content\/uploads\/2021\/01\/imageInstitutionnelle-280x280.jpg 280w\" sizes=\"auto, (max-width: 317px) 100vw, 317px\" \/>\t\t\t\t\t\t\t\t<div class=\"shade\"><\/div>\t\t\t<\/div>\n\t\t\t\t\t<\/div>\n\n\t\t<div class=\"box-text text-left\" style=\"padding:20px 20px 0px 20px;\">\n\t\t\t<div class=\"box-text-inner\">\n\t\t\t\t\n\n<h3><span style=\"font-size: 160%;\">Unsere Geschichte<\/span><\/h3>\n<p>&nbsp;<\/p>\n<a href=\"http:\/\/www.alpaderm.com\/de\/alpaderm\/unsere-geschichte\/\" class=\"button primary lowercase\"  style=\"border-radius:15px;\">\n\t\t<span>Weiter lesen<\/span>\n\t<\/a>\n\n\n\t<div id=\"gap-73245378\" class=\"gap-element clearfix\" style=\"display:block; height:auto;\">\n\t\t\n<style>\n#gap-73245378 {\n  padding-top: 30px;\n}\n<\/style>\n\t<\/div>\n\t\n\n\n\t\t\t<\/div>\n\t\t<\/div>\n\t<\/div>\n\t\n\n\t\t<\/div>\n\t\t\t\t\t<\/div>\n\n\t\n\n\t<div id=\"col-1413383681\" class=\"col medium-4 small-12 large-4\"  >\n\t\t\t\t<div class=\"col-inner\"  >\n\t\t\t\n\t\t\t\n\n\t<div class=\"box has-hover   has-hover box-shade dark box-text-bottom\" >\n\n\t\t<div class=\"box-image\" >\n\t\t\t\t\t\t<div class=\"image-cover\" style=\"padding-top:120%;\">\n\t\t\t\t<img loading=\"lazy\" decoding=\"async\" width=\"193\" height=\"235\" src=\"https:\/\/www.alpaderm.com\/wp-content\/uploads\/2021\/01\/fille.png\" class=\"attachment- size-\" alt=\"fille\" \/>\t\t\t\t\t\t\t\t<div class=\"shade\"><\/div>\t\t\t<\/div>\n\t\t\t\t\t<\/div>\n\n\t\t<div class=\"box-text text-left\" style=\"padding:20px 20px 0px 20px;\">\n\t\t\t<div class=\"box-text-inner\">\n\t\t\t\t\n\n<h3><span style=\"font-size: 160%;\">Unser Engagement<\/span><\/h3>\n<p>&nbsp;<\/p>\n<a href=\"http:\/\/www.alpaderm.com\/de\/alpaderm\/unser-engagement\/\" class=\"button primary lowercase\"  style=\"border-radius:15px;\">\n\t\t<span>Weiter lesen<\/span>\n\t<\/a>\n\n\n\t<div id=\"gap-420872595\" class=\"gap-element clearfix\" style=\"display:block; height:auto;\">\n\t\t\n<style>\n#gap-420872595 {\n  padding-top: 30px;\n}\n<\/style>\n\t<\/div>\n\t\n\n\n\t\t\t<\/div>\n\t\t<\/div>\n\t<\/div>\n\t\n\n\t\t<\/div>\n\t\t\t\t\t<\/div>\n\n\t\n\n\t<div id=\"col-1303577755\" class=\"col medium-4 small-12 large-4\"  >\n\t\t\t\t<div class=\"col-inner\"  >\n\t\t\t\n\t\t\t\n\n\t<div class=\"box has-hover   has-hover box-shade dark box-text-bottom\" >\n\n\t\t<div class=\"box-image\" >\n\t\t\t\t\t\t<div class=\"image-cover\" style=\"padding-top:120%;\">\n\t\t\t\t<img loading=\"lazy\" decoding=\"async\" width=\"1920\" height=\"907\" src=\"https:\/\/www.alpaderm.com\/wp-content\/uploads\/2020\/03\/Bandeau-v3B.jpg\" class=\"attachment- size-\" alt=\"Bandeau v3B\" srcset=\"https:\/\/www.alpaderm.com\/wp-content\/uploads\/2020\/03\/Bandeau-v3B.jpg 1920w, https:\/\/www.alpaderm.com\/wp-content\/uploads\/2020\/03\/Bandeau-v3B-510x241.jpg 510w, https:\/\/www.alpaderm.com\/wp-content\/uploads\/2020\/03\/Bandeau-v3B-300x142.jpg 300w, https:\/\/www.alpaderm.com\/wp-content\/uploads\/2020\/03\/Bandeau-v3B-1024x484.jpg 1024w, https:\/\/www.alpaderm.com\/wp-content\/uploads\/2020\/03\/Bandeau-v3B-768x363.jpg 768w, https:\/\/www.alpaderm.com\/wp-content\/uploads\/2020\/03\/Bandeau-v3B-1536x726.jpg 1536w\" sizes=\"auto, (max-width: 1920px) 100vw, 1920px\" \/>\t\t\t\t\t\t\t\t<div class=\"shade\"><\/div>\t\t\t<\/div>\n\t\t\t\t\t<\/div>\n\n\t\t<div class=\"box-text text-left\" style=\"padding:20px 20px 0px 20px;\">\n\t\t\t<div class=\"box-text-inner\">\n\t\t\t\t\n\n<h3><span style=\"font-size: 160%;\">Die Inhaltsstoffe<\/span><\/h3>\n<p>&nbsp;<\/p>\n<a href=\"http:\/\/www.alpaderm.com\/de\/alpaderm\/inhaltsstoffe\/\" class=\"button primary lowercase\"  style=\"border-radius:15px;\">\n\t\t<span>Weiter lesen<\/span>\n\t<\/a>\n\n\n\t<div id=\"gap-1805794676\" class=\"gap-element clearfix\" style=\"display:block; height:auto;\">\n\t\t\n<style>\n#gap-1805794676 {\n  padding-top: 30px;\n}\n<\/style>\n\t<\/div>\n\t\n\n\n\t\t\t<\/div>\n\t\t<\/div>\n\t<\/div>\n\t\n\n\t\t<\/div>\n\t\t\t\t\t<\/div>\n\n\t\n\n<\/div>\n\n\t\t<\/div>\n\t\t\t\t\n<style>\n#col-294260073 > .col-inner {\n  margin: -140px 0px 0px 0px;\n}\n<\/style>\n\t<\/div>\n\n\t\n\n<\/div>\n\n\t\t<\/div>\n\n\t\t\n<style>\n#section_1634310371 {\n  padding-top: 30px;\n  padding-bottom: 30px;\n}\n<\/style>\n\t<\/section>\n\t\n\n\t<section class=\"section\" id=\"section_1483091526\">\n\t\t<div class=\"section-bg fill\" >\n\t\t\t\t\t\t\t\t\t\n\t\t\t\n\n\t\t<\/div>\n\n\t\t\n\n\t\t<div class=\"section-content relative\">\n\t\t\t\n\n<div class=\"container section-title-container\" ><h3 class=\"section-title section-title-normal\"><b><\/b><span class=\"section-title-main\" >Am Anfang war ein Engel<\/span><b><\/b><\/h3><\/div>\n\n<div class=\"row align-middle\"  id=\"row-1714600539\">\n\n\n\t<div id=\"col-1813379509\" class=\"col medium-6 small-12 large-6\"  >\n\t\t\t\t<div class=\"col-inner\"  >\n\t\t\t\n\t\t\t\n\n<p><span class=\"fancy-underline\">Am Anfang war ein Engel<\/span><\/p>\n<p>Alles begann als Lilly, das zweite Kind der Gr\u00fcnderfamilie von Alpaderm, in ihren ersten Lebensmonaten an einer schweren atopischen Dermatitis (schwere Hautallergien) litt. Die Kinder\u00e4rzte verschrieben ihr starke Medikamente (Kortison), um den Juckreiz zu stoppen und so ihr Leiden zu mildern.<\/p>\n<a href=\"http:\/\/www.alpaderm.com\/de\/alpaderm\/unsere-geschichte\/\" class=\"button primary lowercase\"  style=\"border-radius:15px;\">\n\t\t<span>Weiter lesen<\/span>\n\t<\/a>\n\n\n\n\t\t<\/div>\n\t\t\t\t\t<\/div>\n\n\t\n\n\t<div id=\"col-1925664054\" class=\"col medium-6 small-12 large-6\"  >\n\t\t\t\t<div class=\"col-inner\"  >\n\t\t\t\n\t\t\t\n\n\t<div class=\"img has-hover x md-x lg-x y md-y lg-y\" id=\"image_383378120\">\n\t\t\t\t\t\t\t\t<div class=\"img-inner dark\" >\n\t\t\t<img loading=\"lazy\" decoding=\"async\" width=\"317\" height=\"317\" src=\"https:\/\/www.alpaderm.com\/wp-content\/uploads\/2021\/01\/imageInstitutionnelle.jpg\" class=\"attachment-large size-large\" alt=\"imageInstitutionnelle\" srcset=\"https:\/\/www.alpaderm.com\/wp-content\/uploads\/2021\/01\/imageInstitutionnelle.jpg 317w, https:\/\/www.alpaderm.com\/wp-content\/uploads\/2021\/01\/imageInstitutionnelle-100x100.jpg 100w, https:\/\/www.alpaderm.com\/wp-content\/uploads\/2021\/01\/imageInstitutionnelle-280x280.jpg 280w\" sizes=\"auto, (max-width: 317px) 100vw, 317px\" \/>\t\t\t\t\t\t\n\t\t\t\t\t<\/div>\n\t\t\t\t\t\t\t\t\n<style>\n#image_383378120 {\n  width: 100%;\n}\n<\/style>\n\t<\/div>\n\t\n\n\n\t\t<\/div>\n\t\t\t\t\t<\/div>\n\n\t\n\n<\/div>\n\n\t\t<\/div>\n\n\t\t\n<style>\n#section_1483091526 {\n  padding-top: 30px;\n  padding-bottom: 30px;\n}\n<\/style>\n\t<\/section>\n\t\n\n\t<section class=\"section\" id=\"section_571170922\">\n\t\t<div class=\"section-bg fill\" >\n\t\t\t\t\t\t\t\t\t\n\t\t\t\n\n\t\t<\/div>\n\n\t\t\n\n\t\t<div class=\"section-content relative\">\n\t\t\t\n\n<div class=\"container section-title-container\" ><h3 class=\"section-title section-title-normal\"><b><\/b><span class=\"section-title-main\" >Nat\u00fcrliches Mineralwasser<\/span><b><\/b><\/h3><\/div>\n\n<div class=\"row align-middle\"  id=\"row-2124586733\">\n\n\n\t<div id=\"col-1826171184\" class=\"col medium-6 small-12 large-6\"  >\n\t\t\t\t<div class=\"col-inner\"  >\n\t\t\t\n\t\t\t\n\n<p>Das Kosmetik Labor Alpaderm hat ein nat\u00fcrliches Mineralwasser ausgew\u00e4hlt, das hoch aus den Schweizer Alpen gewonnen wird .<\/p>\n<p>Seine spezifische konstante Mineral- und Spurenelementzusammensetzung verleiht ihm die Benennung \u201enat\u00fcrliches Mineralwasser\u201c. Dieses schwach mineralisierte nat\u00fcrliche Mineralwasser ist besonders f\u00fcr die Pflege der empfindlichen Haut der Babys zu empfehlen.<\/p>\n<p>N\u00fctzliche Information: Was ist nat\u00fcrliches Mineralwasser ?<\/p>\n<p>Damit ein Wasser die Benennung \u201enat\u00fcrliches Mineralwasser\u201c erh\u00e4lt, mu\u00df es zahlreiche Kontrollen bestanden haben. Die Verordnung \u00fcber die Anerkennung von nat\u00fcrlichen Mineralw\u00e4ssern vom 12. Februar 1986 und die Lebensmittelverordnung regeln diese Benennung.<\/p>\n<p>Gem\u00e4ss diesen Verordnungen ist nat\u00fcrliches Mineralwasser ein mikrobiologisch (bakteriologisch) einwandfreies Wasser, das aus einer oder aus mehreren nat\u00fcrlichen oder angezapften Quellen stammt.<\/p>\n<p>Das nat\u00fcrliche Mineralwasser mu\u00df sich durch seine besondere geologische Herkunft, durch die Natur und die Menge seiner Mineralbestandteile, durch seine urspr\u00fcngliche Reinheit und durch seine konstante Zusammensetzung so wie eine konstante Temperatur in den Grenzen der nat\u00fcrlichen Variationen unterscheiden. Diese Eigenschaften m\u00fcssen durch wissenschaftlich anerkannte Verfahren gepr\u00fcft worden sein.<\/p>\n\n\t\t<\/div>\n\t\t\t\t\t<\/div>\n\n\t\n\n\t<div id=\"col-1418099170\" class=\"col medium-6 small-12 large-6\"  >\n\t\t\t\t<div class=\"col-inner\"  >\n\t\t\t\n\t\t\t\n\n\t<div class=\"img has-hover x md-x lg-x y md-y lg-y\" id=\"image_221285189\">\n\t\t\t\t\t\t\t\t<div class=\"img-inner dark\" >\n\t\t\t<img loading=\"lazy\" decoding=\"async\" width=\"800\" height=\"800\" src=\"https:\/\/www.alpaderm.com\/wp-content\/uploads\/2021\/02\/Source-800x800.png\" class=\"attachment-large size-large\" alt=\"Source\" srcset=\"https:\/\/www.alpaderm.com\/wp-content\/uploads\/2021\/02\/Source-800x800.png 800w, https:\/\/www.alpaderm.com\/wp-content\/uploads\/2021\/02\/Source-100x100.png 100w, https:\/\/www.alpaderm.com\/wp-content\/uploads\/2021\/02\/Source-510x510.png 510w, https:\/\/www.alpaderm.com\/wp-content\/uploads\/2021\/02\/Source-400x400.png 400w, https:\/\/www.alpaderm.com\/wp-content\/uploads\/2021\/02\/Source-280x280.png 280w, https:\/\/www.alpaderm.com\/wp-content\/uploads\/2021\/02\/Source-768x768.png 768w, https:\/\/www.alpaderm.com\/wp-content\/uploads\/2021\/02\/Source.png 1080w\" sizes=\"auto, (max-width: 800px) 100vw, 800px\" \/>\t\t\t\t\t\t\n\t\t\t\t\t<\/div>\n\t\t\t\t\t\t\t\t\n<style>\n#image_221285189 {\n  width: 100%;\n}\n<\/style>\n\t<\/div>\n\t\n\n\n\t\t<\/div>\n\t\t\t\t\t<\/div>\n\n\t\n\n<\/div>\n\n\t\t<\/div>\n\n\t\t\n<style>\n#section_571170922 {\n  padding-top: 30px;\n  padding-bottom: 30px;\n}\n<\/style>\n\t<\/section>\n\t\n\n\t<section class=\"section\" id=\"section_890741152\">\n\t\t<div class=\"section-bg fill\" >\n\t\t\t\t\t\t\t\t\t\n\t\t\t\n\n\t\t<\/div>\n\n\t\t\n\n\t\t<div class=\"section-content relative\">\n\t\t\t\n\n<div class=\"container section-title-container\" ><h3 class=\"section-title section-title-normal\"><b><\/b><span class=\"section-title-main\" >Verm\u00f6genswerte von Natur aus<\/span><b><\/b><\/h3><\/div>\n\n<div class=\"row align-middle\"  id=\"row-326405971\">\n\n\n\t<div id=\"col-458454378\" class=\"col medium-6 small-12 large-6\"  >\n\t\t\t\t<div class=\"col-inner\"  >\n\t\t\t\n\t\t\t\n\n<p><span class=\"fancy-underline\">Alpaderm verwendet edle und nat\u00fcrliche Inhaltsstoffe, die von Natur aus aktiv sind.<\/span><\/p>\n\n\t\t<\/div>\n\t\t\t\t\t<\/div>\n\n\t\n\n\t<div id=\"col-1698104040\" class=\"col medium-6 small-12 large-6\"  >\n\t\t\t\t<div class=\"col-inner text-center\"  >\n\t\t\t\n\t\t\t\n\n\t<div class=\"img has-hover x md-x lg-x y md-y lg-y\" id=\"image_1111225509\">\n\t\t\t\t\t\t\t\t<div class=\"img-inner dark\" >\n\t\t\t<img loading=\"lazy\" decoding=\"async\" width=\"800\" height=\"800\" src=\"https:\/\/www.alpaderm.com\/wp-content\/uploads\/2021\/02\/1-800x800.png\" class=\"attachment-large size-large\" alt=\"1\" srcset=\"https:\/\/www.alpaderm.com\/wp-content\/uploads\/2021\/02\/1-800x800.png 800w, https:\/\/www.alpaderm.com\/wp-content\/uploads\/2021\/02\/1-100x100.png 100w, https:\/\/www.alpaderm.com\/wp-content\/uploads\/2021\/02\/1-510x510.png 510w, https:\/\/www.alpaderm.com\/wp-content\/uploads\/2021\/02\/1-400x400.png 400w, https:\/\/www.alpaderm.com\/wp-content\/uploads\/2021\/02\/1-280x280.png 280w, https:\/\/www.alpaderm.com\/wp-content\/uploads\/2021\/02\/1-768x768.png 768w, https:\/\/www.alpaderm.com\/wp-content\/uploads\/2021\/02\/1.png 1080w\" sizes=\"auto, (max-width: 800px) 100vw, 800px\" \/>\t\t\t\t\t\t\n\t\t\t\t\t<\/div>\n\t\t\t\t\t\t\t\t\n<style>\n#image_1111225509 {\n  width: 80%;\n}\n<\/style>\n\t<\/div>\n\t\n\n\n\t\t<\/div>\n\t\t\t\t\t<\/div>\n\n\t\n\n<\/div>\n\n\t\t<\/div>\n\n\t\t\n<style>\n#section_890741152 {\n  padding-top: 30px;\n  padding-bottom: 30px;\n}\n<\/style>\n\t<\/section>\n\t\n\n\t<section class=\"section\" id=\"section_1327603932\">\n\t\t<div class=\"section-bg fill\" >\n\t\t\t\t\t\t\t\t\t\n\t\t\t\n\n\t\t<\/div>\n\n\t\t\n\n\t\t<div class=\"section-content relative\">\n\t\t\t\n\n<div class=\"is-divider divider clearfix\" style=\"max-width:100%;height:1px;\"><\/div>\n\n\t<div id=\"gap-867699086\" class=\"gap-element clearfix\" style=\"display:block; height:auto;\">\n\t\t\n<style>\n#gap-867699086 {\n  padding-top: 30px;\n}\n<\/style>\n\t<\/div>\n\t\n\n\n  \n    <div class=\"row large-columns-6 medium-columns-4 small-columns-3 row-small slider row-slider slider-nav-reveal\"  data-flickity-options='{&quot;imagesLoaded&quot;: true, &quot;groupCells&quot;: &quot;100%&quot;, &quot;dragThreshold&quot; : 5, &quot;cellAlign&quot;: &quot;left&quot;,&quot;wrapAround&quot;: true,&quot;prevNextButtons&quot;: true,&quot;percentPosition&quot;: true,&quot;pageDots&quot;: false, &quot;rightToLeft&quot;: false, &quot;autoPlay&quot; : 3000}' >\n\n  <div class=\"gallery-col col\" >\n          <div class=\"col-inner\">\n            <a class=\"image-lightbox lightbox-gallery\" href=\"\" title=\"B fly\">            <div class=\"box has-hover gallery-box box-none\">\n              <div class=\"box-image\" >\n                                                                              <\/div>\n              <div class=\"box-text text-left\" >\n                 <p>B fly<\/p>\n              <\/div>\n            <\/div>\n            <\/a>          <\/div>\n         <\/div><div class=\"gallery-col col\" >\n          <div class=\"col-inner\">\n            <a class=\"image-lightbox lightbox-gallery\" href=\"\" title=\"onagre\">            <div class=\"box has-hover gallery-box box-none\">\n              <div class=\"box-image\" >\n                                                                              <\/div>\n              <div class=\"box-text text-left\" >\n                 <p>onagre<\/p>\n              <\/div>\n            <\/div>\n            <\/a>          <\/div>\n         <\/div><div class=\"gallery-col col\" >\n          <div class=\"col-inner\">\n            <a class=\"image-lightbox lightbox-gallery\" href=\"\" title=\"main logo\">            <div class=\"box has-hover gallery-box box-none\">\n              <div class=\"box-image\" >\n                                                                              <\/div>\n              <div class=\"box-text text-left\" >\n                 <p>main logo<\/p>\n              <\/div>\n            <\/div>\n            <\/a>          <\/div>\n         <\/div><\/div>\n\n\n\t\t<\/div>\n\n\t\t\n<style>\n#section_1327603932 {\n  padding-top: 30px;\n  padding-bottom: 30px;\n}\n<\/style>\n\t<\/section>\n\t\n\n","protected":false},"excerpt":{"rendered":"","protected":false},"author":58,"featured_media":0,"parent":0,"menu_order":0,"comment_status":"closed","ping_status":"closed","template":"page-blank.php","meta":{"footnotes":""},"class_list":["post-8758","page","type-page","status-publish","hentry"],"_links":{"self":[{"href":"https:\/\/www.alpaderm.com\/de\/wp-json\/wp\/v2\/pages\/8758","targetHints":{"allow":["GET"]}}],"collection":[{"href":"https:\/\/www.alpaderm.com\/de\/wp-json\/wp\/v2\/pages"}],"about":[{"href":"https:\/\/www.alpaderm.com\/de\/wp-json\/wp\/v2\/types\/page"}],"author":[{"embeddable":true,"href":"https:\/\/www.alpaderm.com\/de\/wp-json\/wp\/v2\/users\/58"}],"replies":[{"embeddable":true,"href":"https:\/\/www.alpaderm.com\/de\/wp-json\/wp\/v2\/comments?post=8758"}],"version-history":[{"count":1,"href":"https:\/\/www.alpaderm.com\/de\/wp-json\/wp\/v2\/pages\/8758\/revisions"}],"predecessor-version":[{"id":10945,"href":"https:\/\/www.alpaderm.com\/de\/wp-json\/wp\/v2\/pages\/8758\/revisions\/10945"}],"wp:attachment":[{"href":"https:\/\/www.alpaderm.com\/de\/wp-json\/wp\/v2\/media?parent=8758"}],"curies":[{"name":"wp","href":"https:\/\/api.w.org\/{rel}","templated":true}]}}