{"id":8769,"date":"2021-02-12T14:51:51","date_gmt":"2021-02-12T14:51:51","guid":{"rendered":"http:\/\/www.alpaderm.com\/?page_id=8769"},"modified":"2023-06-12T21:16:29","modified_gmt":"2023-06-12T21:16:29","slug":"unsere-geschichte","status":"publish","type":"page","link":"https:\/\/www.alpaderm.com\/de\/alpaderm\/unsere-geschichte\/","title":{"rendered":"Unsere Geschichte"},"content":{"rendered":"\n\n\t<section class=\"section dark\" id=\"section_46040333\">\n\t\t<div class=\"section-bg fill\" >\n\t\t\t<img loading=\"lazy\" decoding=\"async\" width=\"1920\" height=\"1080\" src=\"https:\/\/www.alpaderm.com\/wp-content\/uploads\/2021\/03\/3.jpg\" class=\"bg attachment- size-\" alt=\"3\" \/>\t\t\t\t\t\t\n\t\t\t\n\n\t\t<\/div>\n\n\t\t\n\n\t\t<div class=\"section-content relative\">\n\t\t\t\n\n<div class=\"row\"  id=\"row-1300146833\">\n\n\n\t<div id=\"col-15394572\" class=\"col medium-8 small-12 large-8\"  >\n\t\t\t\t<div class=\"col-inner\"  >\n\t\t\t\n\t\t\t\n\n<h1><span style=\"font-size: 180%;\">Unsere Geschichte<\/span><\/h1>\n<h3>Alpaderm<\/h3>\n\n\t\t<\/div>\n\t\t\t\t\t<\/div>\n\n\t\n\n<\/div>\n\n\t\t<\/div>\n\n\t\t\n<style>\n#section_46040333 {\n  padding-top: 100px;\n  padding-bottom: 100px;\n  background-color: rgb(0, 119, 200);\n}\n@media (min-width:550px) {\n  #section_46040333 {\n    padding-top: 150px;\n    padding-bottom: 150px;\n  }\n}\n@media (min-width:850px) {\n  #section_46040333 {\n    padding-top: 80px;\n    padding-bottom: 80px;\n  }\n}\n<\/style>\n\t<\/section>\n\t\n\n\t<section class=\"section\" id=\"section_1476908240\">\n\t\t<div class=\"section-bg fill\" >\n\t\t\t\t\t\t\t\t\t\n\t\t\t\n\n\t\t<\/div>\n\n\t\t\n\n\t\t<div class=\"section-content relative\">\n\t\t\t\n\n<div class=\"row\"  id=\"row-1369529354\">\n\n\n\t<div id=\"col-646363512\" class=\"col small-12 large-12\"  >\n\t\t\t\t<div class=\"col-inner\"  >\n\t\t\t\n\t\t\t\n\n<div class=\"row row-small\"  id=\"row-1468490736\">\n\n\n\t<div id=\"col-1252144439\" class=\"col medium-4 small-12 large-4\"  >\n\t\t\t\t<div class=\"col-inner\"  >\n\t\t\t\n\t\t\t\n\n\t<div class=\"box has-hover   has-hover box-shade dark box-text-bottom\" >\n\n\t\t<div class=\"box-image\" >\n\t\t\t\t\t\t<div class=\"image-cover\" style=\"padding-top:120%;\">\n\t\t\t\t<img loading=\"lazy\" decoding=\"async\" width=\"193\" height=\"235\" src=\"https:\/\/www.alpaderm.com\/wp-content\/uploads\/2021\/01\/fille.png\" class=\"attachment- size-\" alt=\"fille\" \/>\t\t\t\t\t\t\t\t<div class=\"shade\"><\/div>\t\t\t<\/div>\n\t\t\t\t\t<\/div>\n\n\t\t<div class=\"box-text text-left\" style=\"padding:20px 20px 0px 20px;\">\n\t\t\t<div class=\"box-text-inner\">\n\t\t\t\t\n\n<h3><span style=\"font-size: 160%;\">Unser Engagement<\/span><\/h3>\n<p>&nbsp;<\/p>\n<a href=\"http:\/\/www.alpaderm.com\/de\/alpaderm\/unser-engagement\/\" class=\"button primary lowercase\"  style=\"border-radius:15px;\">\n\t\t<span>Mehr lesen<\/span>\n\t<\/a>\n\n\n\t<div id=\"gap-1582590535\" class=\"gap-element clearfix\" style=\"display:block; height:auto;\">\n\t\t\n<style>\n#gap-1582590535 {\n  padding-top: 30px;\n}\n<\/style>\n\t<\/div>\n\t\n\n\n\t\t\t<\/div>\n\t\t<\/div>\n\t<\/div>\n\t\n\n\t\t<\/div>\n\t\t\t\t\t<\/div>\n\n\t\n\n\t<div id=\"col-433305095\" class=\"col medium-4 small-12 large-4\"  >\n\t\t\t\t<div class=\"col-inner\"  >\n\t\t\t\n\t\t\t\n\n\t<div class=\"box has-hover   has-hover box-shade dark box-text-bottom\" >\n\n\t\t<div class=\"box-image\" >\n\t\t\t\t\t\t<div class=\"image-cover\" style=\"padding-top:120%;\">\n\t\t\t\t<img loading=\"lazy\" decoding=\"async\" width=\"1920\" height=\"907\" src=\"https:\/\/www.alpaderm.com\/wp-content\/uploads\/2020\/03\/Bandeau-v3B.jpg\" class=\"attachment- size-\" alt=\"Bandeau v3B\" srcset=\"https:\/\/www.alpaderm.com\/wp-content\/uploads\/2020\/03\/Bandeau-v3B.jpg 1920w, https:\/\/www.alpaderm.com\/wp-content\/uploads\/2020\/03\/Bandeau-v3B-510x241.jpg 510w, https:\/\/www.alpaderm.com\/wp-content\/uploads\/2020\/03\/Bandeau-v3B-300x142.jpg 300w, https:\/\/www.alpaderm.com\/wp-content\/uploads\/2020\/03\/Bandeau-v3B-1024x484.jpg 1024w, https:\/\/www.alpaderm.com\/wp-content\/uploads\/2020\/03\/Bandeau-v3B-768x363.jpg 768w, https:\/\/www.alpaderm.com\/wp-content\/uploads\/2020\/03\/Bandeau-v3B-1536x726.jpg 1536w\" sizes=\"auto, (max-width: 1920px) 100vw, 1920px\" \/>\t\t\t\t\t\t\t\t<div class=\"shade\"><\/div>\t\t\t<\/div>\n\t\t\t\t\t<\/div>\n\n\t\t<div class=\"box-text text-left\" style=\"padding:20px 20px 0px 20px;\">\n\t\t\t<div class=\"box-text-inner\">\n\t\t\t\t\n\n<h3><span style=\"font-size: 160%;\">Inhaltstoffe<\/span><\/h3>\n<p>&nbsp;<\/p>\n<a href=\"http:\/\/www.alpaderm.com\/de\/alpaderm\/inhaltsstoffe\/\" class=\"button primary lowercase\"  style=\"border-radius:15px;\">\n\t\t<span>Mehr lesen<\/span>\n\t<\/a>\n\n\n\t<div id=\"gap-533697397\" class=\"gap-element clearfix\" style=\"display:block; height:auto;\">\n\t\t\n<style>\n#gap-533697397 {\n  padding-top: 30px;\n}\n<\/style>\n\t<\/div>\n\t\n\n\n\t\t\t<\/div>\n\t\t<\/div>\n\t<\/div>\n\t\n\n\t\t<\/div>\n\t\t\t\t\t<\/div>\n\n\t\n\n\t<div id=\"col-1231585872\" class=\"col medium-4 small-12 large-4\"  >\n\t\t\t\t<div class=\"col-inner\"  >\n\t\t\t\n\t\t\t\n\n\t<div class=\"box has-hover   has-hover box-shade dark box-text-bottom\" >\n\n\t\t<div class=\"box-image\" >\n\t\t\t\t\t\t<div class=\"image-cover\" style=\"padding-top:120%;\">\n\t\t\t\t<img loading=\"lazy\" decoding=\"async\" width=\"1707\" height=\"2560\" src=\"https:\/\/www.alpaderm.com\/wp-content\/uploads\/2021\/02\/DSC_0069-scaled.jpg\" class=\"attachment- size-\" alt=\"DSC 0069 scaled\" srcset=\"https:\/\/www.alpaderm.com\/wp-content\/uploads\/2021\/02\/DSC_0069-scaled.jpg 1707w, https:\/\/www.alpaderm.com\/wp-content\/uploads\/2021\/02\/DSC_0069-scaled-510x765.jpg 510w, https:\/\/www.alpaderm.com\/wp-content\/uploads\/2021\/02\/DSC_0069-267x400.jpg 267w, https:\/\/www.alpaderm.com\/wp-content\/uploads\/2021\/02\/DSC_0069-533x800.jpg 533w, https:\/\/www.alpaderm.com\/wp-content\/uploads\/2021\/02\/DSC_0069-768x1152.jpg 768w, https:\/\/www.alpaderm.com\/wp-content\/uploads\/2021\/02\/DSC_0069-1024x1536.jpg 1024w, https:\/\/www.alpaderm.com\/wp-content\/uploads\/2021\/02\/DSC_0069-1365x2048.jpg 1365w\" sizes=\"auto, (max-width: 1707px) 100vw, 1707px\" \/>\t\t\t\t\t\t\t\t<div class=\"shade\"><\/div>\t\t\t<\/div>\n\t\t\t\t\t<\/div>\n\n\t\t<div class=\"box-text text-left\" style=\"padding:20px 20px 0px 20px;\">\n\t\t\t<div class=\"box-text-inner\">\n\t\t\t\t\n\n<h3><span style=\"font-size: 160%;\">Die Shop<\/span><\/h3>\n<p>&nbsp;<\/p>\n<a href=\"http:\/\/www.alpaderm.com\/de\/shop\/\" class=\"button primary lowercase\"  style=\"border-radius:15px;\">\n\t\t<span>Mehr lesen<\/span>\n\t<\/a>\n\n\n\t<div id=\"gap-803582389\" class=\"gap-element clearfix\" style=\"display:block; height:auto;\">\n\t\t\n<style>\n#gap-803582389 {\n  padding-top: 30px;\n}\n<\/style>\n\t<\/div>\n\t\n\n\n\t\t\t<\/div>\n\t\t<\/div>\n\t<\/div>\n\t\n\n\t\t<\/div>\n\t\t\t\t\t<\/div>\n\n\t\n\n<\/div>\n\n\t\t<\/div>\n\t\t\t\t\n<style>\n#col-646363512 > .col-inner {\n  margin: -140px 0px 0px 0px;\n}\n<\/style>\n\t<\/div>\n\n\t\n\n<\/div>\n\n\t\t<\/div>\n\n\t\t\n<style>\n#section_1476908240 {\n  padding-top: 30px;\n  padding-bottom: 30px;\n}\n<\/style>\n\t<\/section>\n\t\n\n\t<section class=\"section\" id=\"section_1776202448\">\n\t\t<div class=\"section-bg fill\" >\n\t\t\t\t\t\t\t\t\t\n\t\t\t\n\n\t\t<\/div>\n\n\t\t\n\n\t\t<div class=\"section-content relative\">\n\t\t\t\n\n<div class=\"row\"  id=\"row-241246929\">\n\n\n\t<div id=\"col-1540233153\" class=\"col medium-6 small-12 large-6\"  >\n\t\t\t\t<div class=\"col-inner\"  >\n\t\t\t\n\t\t\t\n\n<p>Alles begann als Lilly, das zweite Kind der Gr\u00fcnderfamilie von Alpaderm, in ihren ersten Lebensmonaten an einer schweren atopischen Dermatitis (schwere Hautallergien) litt. Die Kinder\u00e4rzte verschrieben ihr starke Medikamente (Kortison), um den Juckreiz zu stoppen und so ihr Leiden zu mildern.<\/p>\n<p>Angesichts der Schwierigkeit Lilly mit den \u00fcblichen Produkten zu&nbsp;pflegen, begannen ihre Eltern die m\u00f6glichen Ursachen ihres Hautausschlages aufs Genaueste zu erforschen. Sie entfernten die&nbsp;Allergene&nbsp;aus ihrer Ern\u00e4hrung und Umgebung. Dabei mussten sie die traurige Feststellung machen, dass chemische Syntheseprodukte in den handels\u00fcblichen Produkten, und speziell in Produkten f\u00fcr S\u00e4uglinge, leider allgegenw\u00e4rtig sind.<\/p>\n<p>France BOURELY, Doktor&nbsp;der Pharmazie der Fakult\u00e4t von Paris und mit einem Biologieabschluss von&nbsp;der Universit\u00e4t von Berkeley in Kalifornien \u2013 einer Hochburg der \u00f6kologischen Bewegung \u2013 war schon immer von der Kraft der Pflanzen und der \u00e4therischen \u00d6le fasziniert. Sie konnte rechtm\u00e4ssig entscheiden, f\u00fcr ihr Kind eine feuchtigkeitsspendende, beruhigende und v\u00f6llig nat\u00fcrliche Creme herzustellen. Sie kombinierte darin nur das Beste, dass die Natur zu bieten hat. Geduldig forschte sie in allen wissenschaftlichen Datenbanken nach den urspr\u00fcnglichen Eigenschaften jedes Inhaltsstoffes ihrer Rezepte. Und sie verwendete nur die reiz- und&nbsp;allergie\u00e4rmsten Komponenten.<\/p>\n<p>So ist z.B nicht allgemein bekannt, dass Rosenwasser f\u00fcr S\u00e4uglinge ziemlich&nbsp;allergieerregend ist. Trotzdem ist es in vielen handels\u00fcblichen Pr\u00e4paraten enthalten!<\/p>\n\n\t\t<\/div>\n\t\t\t\t\t<\/div>\n\n\t\n\n\t<div id=\"col-1564823067\" class=\"col medium-6 small-12 large-6\"  >\n\t\t\t\t<div class=\"col-inner\"  >\n\t\t\t\n\t\t\t\n\n<p>France BOURELY hat aus den in Europa von alters her f\u00fcr die S\u00e4uglingspflege&nbsp;bekannten \u00d6len und Stoffen nur diejenigen ausgew\u00e4hlt, welche die empfindliche Babyhaut reinigen und wirksam bes\u00e4nftigen. Deshalb verwendet die Marke&nbsp;ALPADERM&nbsp;zur Herstellung ihrer Produkte heute vorwiegend so kostbare, tiefenwirkende \u00d6le wie zum Beispiel&nbsp;Nachtkerzen-, Borretsch- oder Jojoba\u00f6l.<\/p>\n<p>Die durch France BOURELY zubereitete Emulsion hat der kleinen Lilly ihre zarte Babyhaut zur\u00fcckgegeben. Dieses dermatologisch getestete Produkt ist f\u00fcr alle Eltern, deren Kinder an derselben Hauthypersensibilit\u00e4t leiden. Denn es gibt ihnen die z\u00e4rtlichen und liebenden Gesten der t\u00e4glichen Babypflege&nbsp;wieder zur\u00fcck.<\/p>\n<p>So entstand&nbsp;ALPADERM&nbsp;nach einer langen Entwicklungsphase und dem Willen seiner Gr\u00fcnder, die Qualit\u00e4t und Sanftheit der t\u00e4glichen K\u00f6rperpflege&nbsp;zu bewahren und ihre Entdeckung mit anderen Eltern zu teilen.<\/p>\n<p>Die&nbsp;ALPADERM Zertifizierte&nbsp;biologishe&nbsp;Pflegeprodukte&nbsp;bietet heute eine spezielle, wertvolle, nat\u00fcrliche und biologische&nbsp;Pflegelinie f\u00fcr die trockene und empfindliche Haut (Erwachsene und Kinder).<br>Sie k\u00f6nnen jetzt von den wertvollen&nbsp;Wirkstoffen der Natur profitieren:<\/p>\n<ul>\n<li>Wachssalbe (C\u00e9rat) aus den Alpen BIO, mit Jojoba,&nbsp;Nachtkerze, weisser Lilie und Kamille, regenierende&nbsp;Pflege&nbsp;f\u00fcr ausgetrocknete und geschw\u00e4chte Haut (Coldcream)<\/li>\n<li>N\u00e4hrcreme BIO, reich an wertvollen Pflanzen\u00f6len (1. Kaltpressung) wie Jojoba,&nbsp;Nachtkerze, Boretsch) t\u00e4gliche&nbsp;Pflege&nbsp;f\u00fcr empfindliche und m\u00fcde Haut (Tagescreme)<\/li>\n<li>Reinigungsmilch BIO, mit Jojoba,&nbsp;Nachtkerze, weisser Lilie und Kamille reinigt sanft und feuchtigkeitsspendend f\u00fcr ausgetrocknete und geschw\u00e4chte Haut<\/li>\n<li>Sonnenschutzcreme LSF 30 BIO mit Jojoba,&nbsp;Nachtkerze&nbsp;und&nbsp;Aloe Vera&nbsp;100% mineralischer Filter, speziell f\u00fcr das Gesicht und empfindliche Stellen<\/li>\n<li>Shampoo extra-mild BIO mit Ringelblume und Sanddorn, besonders sanfte Reinigung f\u00fcr feines und empfindliches Haar<\/li>\n<\/ul>\n\n\t\t<\/div>\n\t\t\t\t\t<\/div>\n\n\t\n\n<\/div>\n\n\t\t<\/div>\n\n\t\t\n<style>\n#section_1776202448 {\n  padding-top: 30px;\n  padding-bottom: 30px;\n}\n<\/style>\n\t<\/section>\n\t\n\n\t<section class=\"section dark\" id=\"section_1533090549\">\n\t\t<div class=\"section-bg fill\" >\n\t\t\t<img loading=\"lazy\" decoding=\"async\" width=\"1920\" height=\"907\" src=\"https:\/\/www.alpaderm.com\/wp-content\/uploads\/2020\/03\/Bandeau-v1-1.jpg\" class=\"bg attachment- size-\" alt=\"Bandeau v1 1\" \/>\t\t\t\t\t\t\n\t\t\t\n\n\t\t<\/div>\n\n\t\t\n\n\t\t<div class=\"section-content relative\">\n\t\t\t\n\n<div class=\"row align-center\"  id=\"row-1317701579\">\n\n\n\t<div id=\"col-2045800392\" class=\"col medium-10 small-11 large-8\"  >\n\t\t\t\t<div class=\"col-inner text-center\"  >\n\t\t\t\n\t\t\t\n\n<h2><span style=\"font-size: 140%;\">Alpaderm<\/span><\/h2>\n\t<div id=\"gap-518979562\" class=\"gap-element clearfix\" style=\"display:block; height:auto;\">\n\t\t\n<style>\n#gap-518979562 {\n  padding-top: 30px;\n}\n<\/style>\n\t<\/div>\n\t\n\n<div class=\"video video-fit mb\" style=\"padding-top:56.25%;\"><iframe loading=\"lazy\" title=\"Alpaderm - Histoire d&#039;un ange\" width=\"1020\" height=\"574\" src=\"https:\/\/www.youtube.com\/embed\/XtWvzxaOeco?feature=oembed\" frameborder=\"0\" allow=\"accelerometer; autoplay; clipboard-write; encrypted-media; gyroscope; picture-in-picture\" allowfullscreen><\/iframe><\/div>\n\n\t<div id=\"gap-305710522\" class=\"gap-element clearfix\" style=\"display:block; height:auto;\">\n\t\t\n<style>\n#gap-305710522 {\n  padding-top: 30px;\n}\n<\/style>\n\t<\/div>\n\t\n\n<a href=\"https:\/\/www.youtube.com\/channel\/UCPYwUzTt69Mh65S_XQqvwCA\" target=\"_blank\" class=\"button primary is-outline lowercase\" rel=\"noopener\" style=\"border-radius:5px;padding:10px 25px 10px 25px;\">\n\t\t<span>Entdecken Sie unsere Youtube-Kan\u00e4le<\/span>\n\t<\/a>\n\n\n\n\t\t<\/div>\n\t\t\t\t\t<\/div>\n\n\t\n\n\n<style>\n#row-1317701579 > .col > .col-inner {\n  padding: 30px 0px 0px 0px;\n}\n<\/style>\n<\/div>\n\n\t\t<\/div>\n\n\t\t\n<style>\n#section_1533090549 {\n  padding-top: 50px;\n  padding-bottom: 50px;\n}\n@media (min-width:850px) {\n  #section_1533090549 {\n    padding-top: 70px;\n    padding-bottom: 70px;\n  }\n}\n<\/style>\n\t<\/section>\n\t\n\n","protected":false},"excerpt":{"rendered":"","protected":false},"author":58,"featured_media":0,"parent":8758,"menu_order":0,"comment_status":"closed","ping_status":"closed","template":"page-blank.php","meta":{"footnotes":""},"class_list":["post-8769","page","type-page","status-publish","hentry"],"_links":{"self":[{"href":"https:\/\/www.alpaderm.com\/de\/wp-json\/wp\/v2\/pages\/8769","targetHints":{"allow":["GET"]}}],"collection":[{"href":"https:\/\/www.alpaderm.com\/de\/wp-json\/wp\/v2\/pages"}],"about":[{"href":"https:\/\/www.alpaderm.com\/de\/wp-json\/wp\/v2\/types\/page"}],"author":[{"embeddable":true,"href":"https:\/\/www.alpaderm.com\/de\/wp-json\/wp\/v2\/users\/58"}],"replies":[{"embeddable":true,"href":"https:\/\/www.alpaderm.com\/de\/wp-json\/wp\/v2\/comments?post=8769"}],"version-history":[{"count":3,"href":"https:\/\/www.alpaderm.com\/de\/wp-json\/wp\/v2\/pages\/8769\/revisions"}],"predecessor-version":[{"id":12243,"href":"https:\/\/www.alpaderm.com\/de\/wp-json\/wp\/v2\/pages\/8769\/revisions\/12243"}],"up":[{"embeddable":true,"href":"https:\/\/www.alpaderm.com\/de\/wp-json\/wp\/v2\/pages\/8758"}],"wp:attachment":[{"href":"https:\/\/www.alpaderm.com\/de\/wp-json\/wp\/v2\/media?parent=8769"}],"curies":[{"name":"wp","href":"https:\/\/api.w.org\/{rel}","templated":true}]}}