{"id":9309,"date":"2013-08-06T20:13:19","date_gmt":"2013-08-06T20:13:19","guid":{"rendered":"http:\/\/www.alpaderm.com\/classic-shop\/"},"modified":"2023-12-27T21:17:05","modified_gmt":"2023-12-27T21:17:05","slug":"classic-shop","status":"publish","type":"page","link":"https:\/\/www.alpaderm.com\/de\/","title":{"rendered":"Accueil"},"content":{"rendered":"\n\n  <div class=\"banner has-hover\" id=\"banner-673137907\">\n          <div class=\"banner-inner fill\">\n        <div class=\"banner-bg fill\" >\n            <img loading=\"lazy\" decoding=\"async\" width=\"1920\" height=\"1200\" src=\"https:\/\/www.alpaderm.com\/wp-content\/uploads\/2022\/04\/Alpaderm-Image-Lilly-SansLogo.jpg\" class=\"bg attachment-original size-original\" alt=\"\" \/>                        <div class=\"overlay\"><\/div>            \n                    <\/div>\n\t\t\n        <div class=\"banner-layers container\">\n            <div class=\"fill banner-link\"><\/div>            \n\n   <div id=\"text-box-499366149\" class=\"text-box banner-layer x95 md-x95 lg-x95 y50 md-y50 lg-y50 res-text\">\n                                <div class=\"text-box-content text dark\">\n              \n              <div class=\"text-inner text-center\">\n                  \n\n<h1 class=\"alt-font\" style=\"text-align: left;\"><span style=\"font-size: 100%;\">Ein Engel am Ursprung der Produkte<\/span><\/h1>\n\n              <\/div>\n           <\/div>\n                            \n<style>\n#text-box-499366149 .text-box-content {\n  background-color: rgba(11, 11, 11, 0.308);\n  font-size: 100%;\n}\n#text-box-499366149 .text-inner {\n  padding: 20px 20px 20px 20px;\n}\n#text-box-499366149 {\n  width: 60%;\n}\n@media (min-width:550px) {\n  #text-box-499366149 {\n    width: 42%;\n  }\n}\n<\/style>\n    <\/div>\n \n\n        <\/div>\n      <\/div>\n\n            \n<style>\n#banner-673137907 {\n  padding-top: 600px;\n  background-color: rgb(255, 255, 255);\n}\n#banner-673137907 .overlay {\n  background-color: rgba(190, 190, 190, 0.2);\n}\n#banner-673137907 .banner-bg img {\n  object-position: 0% 86%;\n}\n@media (min-width:550px) {\n  #banner-673137907 {\n    padding-top: 500px;\n  }\n}\n<\/style>\n  <\/div>\n\n\n<div class=\"row align-middle align-center\"  id=\"row-1167661971\">\n\n\n\t<div id=\"col-1277009762\" class=\"col medium-4 small-12 large-4\"  >\n\t\t\t\t<div class=\"col-inner\"  >\n\t\t\t\n\t\t\t\n\n\n\t\t<\/div>\n\t\t\t\t\n<style>\n#col-1277009762 > .col-inner {\n  padding: 0 0px 0px 0px;\n  margin: 0 0px 0px 0px;\n}\n<\/style>\n\t<\/div>\n\n\t\n\n\t<div id=\"col-801577466\" class=\"col medium-4 small-12 large-4\"  >\n\t\t\t\t<div class=\"col-inner text-center\"  >\n\t\t\t\n\t\t\t\n\n\t<div class=\"img has-hover x md-x lg-x y md-y lg-y\" id=\"image_1857431951\">\n\t\t\t\t\t\t<div data-animate=\"fadeInLeft\">\t\t<div class=\"img-inner dark\" style=\"margin:0 0px 0px 0px;\">\n\t\t\t<img loading=\"lazy\" decoding=\"async\" width=\"66\" height=\"65\" src=\"https:\/\/www.alpaderm.com\/wp-content\/uploads\/2021\/02\/B-fly.png\" class=\"attachment-original size-original\" alt=\"B fly\" \/>\t\t\t\t\t\t\n\t\t\t\t\t<\/div>\n\t\t<\/div>\t\t\t\t\t\t\n<style>\n#image_1857431951 {\n  width: 22%;\n}\n<\/style>\n\t<\/div>\n\t\n\n\n\t\t<\/div>\n\t\t\t\t\n<style>\n#col-801577466 > .col-inner {\n  padding: 0 0px 0px 0px;\n  margin: 0 0px 0px 0px;\n}\n<\/style>\n\t<\/div>\n\n\t\n\n\t<div id=\"col-1522514975\" class=\"col medium-4 small-12 large-4\"  >\n\t\t\t\t<div class=\"col-inner\"  >\n\t\t\t\n\t\t\t\n\n\n\t\t<\/div>\n\t\t\t\t\t<\/div>\n\n\t\n\n\n<style>\n#row-1167661971 > .col > .col-inner {\n  padding: 0 0px 0px 0px;\n}\n<\/style>\n<\/div>\n<div class=\"row\"  id=\"row-1261667923\">\n\n\n\t<div id=\"col-1611389715\" class=\"col small-12 large-12\"  >\n\t\t\t\t<div class=\"col-inner\"  >\n\t\t\t\n\t\t\t\n\n<p><span style=\"font-size: 120%;\">Liebe Freunde von Alpaderm,<\/span><\/p>\n<p><span style=\"font-size: 120%;\">Wir danken Ihnen f\u00fcr Ihre unersch\u00fctterliche Treue in den vergangenen 20 Jahren (2004 \u2013 2024). Von Anfang an haben wir unsere Philosophie der kompromisslosen Qualit\u00e4t in unseren Produkten stets beibehalten. Heute hat sich der wirtschaftliche und kommerzielle Kontext stark ver\u00e4ndert, die Kosten f\u00fcr Zutaten sind explodiert und schwanken st\u00e4ndig, was uns der Sichtbarkeit beraubt&#8230; Wir haben beschlossen, unsere Produktion ab Dezember 2023 zu pausieren. Unser Engagement im Kampf gegen Ekzeme geht weiter&#8230;<\/span><\/p>\n<p><span style=\"font-size: 120%;\">Philippe &amp; France J<\/span><\/p>\n<div class=\"row\"  id=\"row-1984614319\">\n\n\n\t<div id=\"col-1166247366\" class=\"col small-12 large-12\"  >\n\t\t\t\t<div class=\"col-inner\"  >\n\t\t\t\n\t\t\t\n\n<div class=\"row row-small\"  id=\"row-1415391886\">\n\n\n\t<div id=\"col-1926312548\" class=\"col medium-4 small-12 large-4\"  >\n\t\t\t\t<div class=\"col-inner\"  >\n\t\t\t\n\t\t\t\n\n\t<div class=\"box has-hover   has-hover box-shadow-2 box-shade dark box-text-bottom\" >\n\n\t\t<div class=\"box-image\" >\n\t\t\t\t\t\t<div class=\"image-cover\" style=\"padding-top:100%;\">\n\t\t\t\t<img loading=\"lazy\" decoding=\"async\" width=\"317\" height=\"317\" src=\"https:\/\/www.alpaderm.com\/wp-content\/uploads\/2021\/01\/imageInstitutionnelle.jpg\" class=\"attachment- size-\" alt=\"imageInstitutionnelle\" srcset=\"https:\/\/www.alpaderm.com\/wp-content\/uploads\/2021\/01\/imageInstitutionnelle.jpg 317w, https:\/\/www.alpaderm.com\/wp-content\/uploads\/2021\/01\/imageInstitutionnelle-100x100.jpg 100w, https:\/\/www.alpaderm.com\/wp-content\/uploads\/2021\/01\/imageInstitutionnelle-280x280.jpg 280w\" sizes=\"auto, (max-width: 317px) 100vw, 317px\" \/>\t\t\t\t\t\t\t\t<div class=\"shade\"><\/div>\t\t\t<\/div>\n\t\t\t\t\t<\/div>\n\n\t\t<div class=\"box-text text-left\" style=\"padding:20px 20px 0px 20px;\">\n\t\t\t<div class=\"box-text-inner\">\n\t\t\t\t\n\n<h3><span style=\"font-size: 160%;\">Unsere Geschichte<\/span><\/h3>\n<p>&nbsp;<\/p>\n<a href=\"https:\/\/www.alpaderm.com\/de\/alpaderm\/unsere-geschichte\/\" class=\"button primary lowercase\"  style=\"border-radius:15px;\">\n\t\t<span>Finde heraus<\/span>\n\t<\/a>\n\n\n\t<div id=\"gap-233586614\" class=\"gap-element clearfix\" style=\"display:block; height:auto;\">\n\t\t\n<style>\n#gap-233586614 {\n  padding-top: 30px;\n}\n<\/style>\n\t<\/div>\n\t\n\n\n\t\t\t<\/div>\n\t\t<\/div>\n\t<\/div>\n\t\n\n\t\t<\/div>\n\t\t\t\t\t<\/div>\n\n\t\n\n\t<div id=\"col-245388026\" class=\"col medium-4 small-12 large-4\"  >\n\t\t\t\t<div class=\"col-inner\"  >\n\t\t\t\n\t\t\t\n\n\t<div class=\"box has-hover   has-hover box-shadow-2 box-shade dark box-text-bottom\" >\n\n\t\t<div class=\"box-image\" >\n\t\t\t\t\t\t<div class=\"image-cover\" style=\"padding-top:100%;\">\n\t\t\t\t<img loading=\"lazy\" decoding=\"async\" width=\"600\" height=\"582\" src=\"https:\/\/www.alpaderm.com\/wp-content\/uploads\/2021\/03\/Alpaderm-Image-Lilly-Carre\u03012.jpg\" class=\"attachment- size-\" alt=\"Alpaderm Image Lilly Carre\u03012\" srcset=\"https:\/\/www.alpaderm.com\/wp-content\/uploads\/2021\/03\/Alpaderm-Image-Lilly-Carre\u03012.jpg 600w, https:\/\/www.alpaderm.com\/wp-content\/uploads\/2021\/03\/Alpaderm-Image-Lilly-Carre\u03012-510x495.jpg 510w, https:\/\/www.alpaderm.com\/wp-content\/uploads\/2021\/03\/Alpaderm-Image-Lilly-Carre\u03012-412x400.jpg 412w\" sizes=\"auto, (max-width: 600px) 100vw, 600px\" \/>\t\t\t\t\t\t\t\t<div class=\"shade\"><\/div>\t\t\t<\/div>\n\t\t\t\t\t<\/div>\n\n\t\t<div class=\"box-text text-left\" style=\"padding:20px 20px 0px 20px;\">\n\t\t\t<div class=\"box-text-inner\">\n\t\t\t\t\n\n<h3><span style=\"font-size: 160%;\">Unser Engagement<\/span><\/h3>\n<p>&nbsp;<\/p>\n<a href=\"https:\/\/www.alpaderm.com\/de\/alpaderm\/unser-engagement\/\" class=\"button primary lowercase\"  style=\"border-radius:15px;\">\n\t\t<span>Finde heraus<\/span>\n\t<\/a>\n\n\n\t<div id=\"gap-1670910043\" class=\"gap-element clearfix\" style=\"display:block; height:auto;\">\n\t\t\n<style>\n#gap-1670910043 {\n  padding-top: 30px;\n}\n<\/style>\n\t<\/div>\n\t\n\n\n\t\t\t<\/div>\n\t\t<\/div>\n\t<\/div>\n\t\n\n\t\t<\/div>\n\t\t\t\t\t<\/div>\n\n\t\n\n\t<div id=\"col-485720946\" class=\"col medium-4 small-12 large-4\"  >\n\t\t\t\t<div class=\"col-inner\"  >\n\t\t\t\n\t\t\t\n\n\t<div class=\"box has-hover   has-hover box-shadow-2 box-shade dark box-text-bottom\" >\n\n\t\t<div class=\"box-image\" >\n\t\t\t\t\t\t<div class=\"image-cover\" style=\"padding-top:100%;\">\n\t\t\t\t<img loading=\"lazy\" decoding=\"async\" width=\"1920\" height=\"907\" src=\"https:\/\/www.alpaderm.com\/wp-content\/uploads\/2020\/03\/Bandeau-v3B.jpg\" class=\"attachment- size-\" alt=\"Bandeau v3B\" srcset=\"https:\/\/www.alpaderm.com\/wp-content\/uploads\/2020\/03\/Bandeau-v3B.jpg 1920w, https:\/\/www.alpaderm.com\/wp-content\/uploads\/2020\/03\/Bandeau-v3B-510x241.jpg 510w, https:\/\/www.alpaderm.com\/wp-content\/uploads\/2020\/03\/Bandeau-v3B-300x142.jpg 300w, https:\/\/www.alpaderm.com\/wp-content\/uploads\/2020\/03\/Bandeau-v3B-1024x484.jpg 1024w, https:\/\/www.alpaderm.com\/wp-content\/uploads\/2020\/03\/Bandeau-v3B-768x363.jpg 768w, https:\/\/www.alpaderm.com\/wp-content\/uploads\/2020\/03\/Bandeau-v3B-1536x726.jpg 1536w\" sizes=\"auto, (max-width: 1920px) 100vw, 1920px\" \/>\t\t\t\t\t\t\t\t<div class=\"shade\"><\/div>\t\t\t<\/div>\n\t\t\t\t\t<\/div>\n\n\t\t<div class=\"box-text text-left\" style=\"padding:20px 20px 0px 20px;\">\n\t\t\t<div class=\"box-text-inner\">\n\t\t\t\t\n\n<h3><span style=\"font-size: 160%;\">Zutaten<\/span><\/h3>\n<p>&nbsp;<\/p>\n<a href=\"https:\/\/www.alpaderm.com\/de\/alpaderm\/inhaltsstoffe\/\" class=\"button primary lowercase\"  style=\"border-radius:15px;\">\n\t\t<span>Finde heraus<\/span>\n\t<\/a>\n\n\n\t<div id=\"gap-1640953908\" class=\"gap-element clearfix\" style=\"display:block; height:auto;\">\n\t\t\n<style>\n#gap-1640953908 {\n  padding-top: 30px;\n}\n<\/style>\n\t<\/div>\n\t\n\n\n\t\t\t<\/div>\n\t\t<\/div>\n\t<\/div>\n\t\n\n\t\t<\/div>\n\t\t\t\t\t<\/div>\n\n\t\n\n<\/div>\n\n\t\t<\/div>\n\t\t\t\t\t<\/div>\n\n\t\n\n<\/div>\n\n\t\t<\/div>\n\t\t\t\t\t<\/div>\n\n\t\n\n<\/div>\n\n\t<section class=\"section\" id=\"section_1232181403\">\n\t\t<div class=\"section-bg fill\" >\n\t\t\t\t\t\t\t\t\t\n\t\t\t\n\n\t\t<\/div>\n\n\t\t\n\n\t\t<div class=\"section-content relative\">\n\t\t\t\n\n<div class=\"is-divider divider clearfix\" style=\"max-width:0px;\"><\/div>\n\n\t<div id=\"text-2391983168\" class=\"text\">\n\t\t\n\n<h2 class=\"alt-font\"><span style=\"color: #ffffff; font-size: 140%;\">Unsere Neuigkeiten<\/span><\/h2>\n\t\t\n<style>\n#text-2391983168 {\n  text-align: center;\n}\n<\/style>\n\t<\/div>\n\t\n\t<div id=\"gap-1112944409\" class=\"gap-element clearfix\" style=\"display:block; height:auto;\">\n\t\t\n<style>\n#gap-1112944409 {\n  padding-top: 30px;\n}\n<\/style>\n\t<\/div>\n\t\n\n\n  \n    <div class=\"row large-columns-4 medium-columns-3 small-columns-1 slider row-slider slider-nav-circle slider-nav-outside slider-nav-push\"  data-flickity-options='{&quot;imagesLoaded&quot;: true, &quot;groupCells&quot;: &quot;100%&quot;, &quot;dragThreshold&quot; : 5, &quot;cellAlign&quot;: &quot;left&quot;,&quot;wrapAround&quot;: true,&quot;prevNextButtons&quot;: true,&quot;percentPosition&quot;: true,&quot;pageDots&quot;: false, &quot;rightToLeft&quot;: false, &quot;autoPlay&quot; : false}' >\n\n  <div class=\"col post-item\" data-animate=\"fadeInLeft\">\n\t\t\t<div class=\"col-inner\">\n\t\t\t\t<div class=\"box box-default box-text-bottom box-blog-post has-hover\">\n            \t\t\t\t\t<div class=\"box-image\" >\n  \t\t\t\t\t\t<div class=\"image-cover\" style=\"padding-top:70%;\">\n\t\t\t\t\t\t\t<a href=\"https:\/\/www.alpaderm.com\/de\/zeugnisse\/pflegeroutine-fuer-atopische-haut\/\" class=\"plain\" aria-label=\"PFLEGEROUTINE F\u00dcR ATOPISCHE HAUT\">\n\t\t\t\t\t\t\t\t<img loading=\"lazy\" decoding=\"async\" width=\"640\" height=\"359\" src=\"https:\/\/www.alpaderm.com\/wp-content\/uploads\/2021\/02\/two-man-hiking-on-snow-mountain-869258.jpg\" class=\"attachment-medium size-medium wp-post-image\" alt=\"two man hiking on snow mountain 869258\" srcset=\"https:\/\/www.alpaderm.com\/wp-content\/uploads\/2021\/02\/two-man-hiking-on-snow-mountain-869258.jpg 640w, https:\/\/www.alpaderm.com\/wp-content\/uploads\/2021\/02\/two-man-hiking-on-snow-mountain-869258-510x286.jpg 510w\" sizes=\"auto, (max-width: 640px) 100vw, 640px\" \/>\t\t\t\t\t\t\t<\/a>\n  \t\t\t\t\t\t\t  \t\t\t\t\t\t\t  \t\t\t\t\t\t<\/div>\n  \t\t\t\t\t\t  \t\t\t\t\t<\/div>\n          \t\t\t\t\t<div class=\"box-text text-center dark\" >\n\t\t\t\t\t<div class=\"box-text-inner blog-post-inner\">\n\n\t\t\t\t\t\n\t\t\t\t\t\t\t\t\t\t<h5 class=\"post-title is-large \">\n\t\t\t\t\t\t<a href=\"https:\/\/www.alpaderm.com\/de\/zeugnisse\/pflegeroutine-fuer-atopische-haut\/\" class=\"plain\">PFLEGEROUTINE F\u00dcR ATOPISCHE HAUT<\/a>\n\t\t\t\t\t<\/h5>\n\t\t\t\t\t\t\t\t\t\t<div class=\"is-divider\"><\/div>\n\t\t\t\t\t                    \n\t\t\t\t\t\n\t\t\t\t\t\n\t\t\t\t\t<\/div>\n\t\t\t\t\t<\/div>\n\t\t\t\t\t\t\t\t\t\t\t\t\t\t\t\t<div class=\"badge absolute top post-date badge-outline\">\n\t\t\t\t\t\t\t<div class=\"badge-inner\">\n\t\t\t\t\t\t\t\t<span class=\"post-date-day\">16<\/span><br>\n\t\t\t\t\t\t\t\t<span class=\"post-date-month is-xsmall\">Feb.<\/span>\n\t\t\t\t\t\t\t<\/div>\n\t\t\t\t\t\t<\/div>\n\t\t\t\t\t\t\t\t\t<\/div>\n\t\t\t<\/div>\n\t\t<\/div><div class=\"col post-item\" data-animate=\"fadeInLeft\">\n\t\t\t<div class=\"col-inner\">\n\t\t\t\t<div class=\"box box-default box-text-bottom box-blog-post has-hover\">\n            \t\t\t\t\t<div class=\"box-image\" >\n  \t\t\t\t\t\t<div class=\"image-cover\" style=\"padding-top:70%;\">\n\t\t\t\t\t\t\t<a href=\"https:\/\/www.alpaderm.com\/de\/zeugnisse\/pflegeroutine-zur-hautreinigung-2\/\" class=\"plain\" aria-label=\"PFLEGEROUTINE ZUR HAUTREINIGUNG\">\n\t\t\t\t\t\t\t\t<img loading=\"lazy\" decoding=\"async\" width=\"408\" height=\"400\" src=\"https:\/\/www.alpaderm.com\/wp-content\/uploads\/2021\/02\/routine-grand-froid-408x400.jpg\" class=\"attachment-medium size-medium wp-post-image\" alt=\"routine grand froid\" srcset=\"https:\/\/www.alpaderm.com\/wp-content\/uploads\/2021\/02\/routine-grand-froid-408x400.jpg 408w, https:\/\/www.alpaderm.com\/wp-content\/uploads\/2021\/02\/routine-grand-froid-510x500.jpg 510w, https:\/\/www.alpaderm.com\/wp-content\/uploads\/2021\/02\/routine-grand-froid.jpg 640w\" sizes=\"auto, (max-width: 408px) 100vw, 408px\" \/>\t\t\t\t\t\t\t<\/a>\n  \t\t\t\t\t\t\t  \t\t\t\t\t\t\t  \t\t\t\t\t\t<\/div>\n  \t\t\t\t\t\t  \t\t\t\t\t<\/div>\n          \t\t\t\t\t<div class=\"box-text text-center dark\" >\n\t\t\t\t\t<div class=\"box-text-inner blog-post-inner\">\n\n\t\t\t\t\t\n\t\t\t\t\t\t\t\t\t\t<h5 class=\"post-title is-large \">\n\t\t\t\t\t\t<a href=\"https:\/\/www.alpaderm.com\/de\/zeugnisse\/pflegeroutine-zur-hautreinigung-2\/\" class=\"plain\">PFLEGEROUTINE ZUR HAUTREINIGUNG<\/a>\n\t\t\t\t\t<\/h5>\n\t\t\t\t\t\t\t\t\t\t<div class=\"is-divider\"><\/div>\n\t\t\t\t\t                    \n\t\t\t\t\t\n\t\t\t\t\t\n\t\t\t\t\t<\/div>\n\t\t\t\t\t<\/div>\n\t\t\t\t\t\t\t\t\t\t\t\t\t\t\t\t<div class=\"badge absolute top post-date badge-outline\">\n\t\t\t\t\t\t\t<div class=\"badge-inner\">\n\t\t\t\t\t\t\t\t<span class=\"post-date-day\">16<\/span><br>\n\t\t\t\t\t\t\t\t<span class=\"post-date-month is-xsmall\">Feb.<\/span>\n\t\t\t\t\t\t\t<\/div>\n\t\t\t\t\t\t<\/div>\n\t\t\t\t\t\t\t\t\t<\/div>\n\t\t\t<\/div>\n\t\t<\/div><div class=\"col post-item\" data-animate=\"fadeInLeft\">\n\t\t\t<div class=\"col-inner\">\n\t\t\t\t<div class=\"box box-default box-text-bottom box-blog-post has-hover\">\n            \t\t\t\t\t<div class=\"box-image\" >\n  \t\t\t\t\t\t<div class=\"image-cover\" style=\"padding-top:70%;\">\n\t\t\t\t\t\t\t<a href=\"https:\/\/www.alpaderm.com\/de\/unkategorisiert\/pflegeroutine-zur-hautreinigung\/\" class=\"plain\" aria-label=\"Pflegeroutine zur Hautreinigung\">\n\t\t\t\t\t\t\t\t<img loading=\"lazy\" decoding=\"async\" width=\"711\" height=\"400\" src=\"https:\/\/www.alpaderm.com\/wp-content\/uploads\/2021\/02\/Copie-de-Copie-de-Base-photo-711x400.png\" class=\"attachment-medium size-medium wp-post-image\" alt=\"Copie de Copie de Base photo\" srcset=\"https:\/\/www.alpaderm.com\/wp-content\/uploads\/2021\/02\/Copie-de-Copie-de-Base-photo-711x400.png 711w, https:\/\/www.alpaderm.com\/wp-content\/uploads\/2021\/02\/Copie-de-Copie-de-Base-photo-510x287.png 510w, https:\/\/www.alpaderm.com\/wp-content\/uploads\/2021\/02\/Copie-de-Copie-de-Base-photo-1400x788.png 1400w, https:\/\/www.alpaderm.com\/wp-content\/uploads\/2021\/02\/Copie-de-Copie-de-Base-photo-768x432.png 768w, https:\/\/www.alpaderm.com\/wp-content\/uploads\/2021\/02\/Copie-de-Copie-de-Base-photo-1536x864.png 1536w, https:\/\/www.alpaderm.com\/wp-content\/uploads\/2021\/02\/Copie-de-Copie-de-Base-photo.png 1920w\" sizes=\"auto, (max-width: 711px) 100vw, 711px\" \/>\t\t\t\t\t\t\t<\/a>\n  \t\t\t\t\t\t\t  \t\t\t\t\t\t\t  \t\t\t\t\t\t<\/div>\n  \t\t\t\t\t\t  \t\t\t\t\t<\/div>\n          \t\t\t\t\t<div class=\"box-text text-center dark\" >\n\t\t\t\t\t<div class=\"box-text-inner blog-post-inner\">\n\n\t\t\t\t\t\n\t\t\t\t\t\t\t\t\t\t<h5 class=\"post-title is-large \">\n\t\t\t\t\t\t<a href=\"https:\/\/www.alpaderm.com\/de\/unkategorisiert\/pflegeroutine-zur-hautreinigung\/\" class=\"plain\">Pflegeroutine zur Hautreinigung<\/a>\n\t\t\t\t\t<\/h5>\n\t\t\t\t\t\t\t\t\t\t<div class=\"is-divider\"><\/div>\n\t\t\t\t\t                    \n\t\t\t\t\t\n\t\t\t\t\t\n\t\t\t\t\t<\/div>\n\t\t\t\t\t<\/div>\n\t\t\t\t\t\t\t\t\t\t\t\t\t\t\t\t<div class=\"badge absolute top post-date badge-outline\">\n\t\t\t\t\t\t\t<div class=\"badge-inner\">\n\t\t\t\t\t\t\t\t<span class=\"post-date-day\">16<\/span><br>\n\t\t\t\t\t\t\t\t<span class=\"post-date-month is-xsmall\">Feb.<\/span>\n\t\t\t\t\t\t\t<\/div>\n\t\t\t\t\t\t<\/div>\n\t\t\t\t\t\t\t\t\t<\/div>\n\t\t\t<\/div>\n\t\t<\/div><div class=\"col post-item\" data-animate=\"fadeInLeft\">\n\t\t\t<div class=\"col-inner\">\n\t\t\t\t<div class=\"box box-default box-text-bottom box-blog-post has-hover\">\n            \t\t\t\t\t<div class=\"box-image\" >\n  \t\t\t\t\t\t<div class=\"image-cover\" style=\"padding-top:70%;\">\n\t\t\t\t\t\t\t<a href=\"https:\/\/www.alpaderm.com\/de\/tipps\/das-ekzem\/\" class=\"plain\" aria-label=\"Das Ekzem\">\n\t\t\t\t\t\t\t\t<img loading=\"lazy\" decoding=\"async\" width=\"711\" height=\"400\" src=\"https:\/\/www.alpaderm.com\/wp-content\/uploads\/2019\/12\/8-711x400.png\" class=\"attachment-medium size-medium wp-post-image\" alt=\"8\" srcset=\"https:\/\/www.alpaderm.com\/wp-content\/uploads\/2019\/12\/8-711x400.png 711w, https:\/\/www.alpaderm.com\/wp-content\/uploads\/2019\/12\/8-510x287.png 510w, https:\/\/www.alpaderm.com\/wp-content\/uploads\/2019\/12\/8-1400x788.png 1400w, https:\/\/www.alpaderm.com\/wp-content\/uploads\/2019\/12\/8-768x432.png 768w, https:\/\/www.alpaderm.com\/wp-content\/uploads\/2019\/12\/8-1536x864.png 1536w, https:\/\/www.alpaderm.com\/wp-content\/uploads\/2019\/12\/8.png 1920w\" sizes=\"auto, (max-width: 711px) 100vw, 711px\" \/>\t\t\t\t\t\t\t<\/a>\n  \t\t\t\t\t\t\t  \t\t\t\t\t\t\t  \t\t\t\t\t\t<\/div>\n  \t\t\t\t\t\t  \t\t\t\t\t<\/div>\n          \t\t\t\t\t<div class=\"box-text text-center dark\" >\n\t\t\t\t\t<div class=\"box-text-inner blog-post-inner\">\n\n\t\t\t\t\t\n\t\t\t\t\t\t\t\t\t\t<h5 class=\"post-title is-large \">\n\t\t\t\t\t\t<a href=\"https:\/\/www.alpaderm.com\/de\/tipps\/das-ekzem\/\" class=\"plain\">Das Ekzem<\/a>\n\t\t\t\t\t<\/h5>\n\t\t\t\t\t\t\t\t\t\t<div class=\"is-divider\"><\/div>\n\t\t\t\t\t                    \n\t\t\t\t\t\n\t\t\t\t\t\n\t\t\t\t\t<\/div>\n\t\t\t\t\t<\/div>\n\t\t\t\t\t\t\t\t\t\t\t\t\t\t\t\t<div class=\"badge absolute top post-date badge-outline\">\n\t\t\t\t\t\t\t<div class=\"badge-inner\">\n\t\t\t\t\t\t\t\t<span class=\"post-date-day\">16<\/span><br>\n\t\t\t\t\t\t\t\t<span class=\"post-date-month is-xsmall\">Feb.<\/span>\n\t\t\t\t\t\t\t<\/div>\n\t\t\t\t\t\t<\/div>\n\t\t\t\t\t\t\t\t\t<\/div>\n\t\t\t<\/div>\n\t\t<\/div><\/div>\n\n\n\t\t<\/div>\n\n\t\t\n<style>\n#section_1232181403 {\n  padding-top: 0px;\n  padding-bottom: 0px;\n  margin-bottom: 0px;\n  min-height: 0px;\n  background-color: #0077c8;\n}\n<\/style>\n\t<\/section>\n\t\n\n","protected":false},"excerpt":{"rendered":"","protected":false},"author":58,"featured_media":0,"parent":0,"menu_order":1,"comment_status":"closed","ping_status":"closed","template":"page-blank.php","meta":{"footnotes":""},"class_list":["post-9309","page","type-page","status-publish","hentry"],"_links":{"self":[{"href":"https:\/\/www.alpaderm.com\/de\/wp-json\/wp\/v2\/pages\/9309","targetHints":{"allow":["GET"]}}],"collection":[{"href":"https:\/\/www.alpaderm.com\/de\/wp-json\/wp\/v2\/pages"}],"about":[{"href":"https:\/\/www.alpaderm.com\/de\/wp-json\/wp\/v2\/types\/page"}],"author":[{"embeddable":true,"href":"https:\/\/www.alpaderm.com\/de\/wp-json\/wp\/v2\/users\/58"}],"replies":[{"embeddable":true,"href":"https:\/\/www.alpaderm.com\/de\/wp-json\/wp\/v2\/comments?post=9309"}],"version-history":[{"count":5,"href":"https:\/\/www.alpaderm.com\/de\/wp-json\/wp\/v2\/pages\/9309\/revisions"}],"predecessor-version":[{"id":16154,"href":"https:\/\/www.alpaderm.com\/de\/wp-json\/wp\/v2\/pages\/9309\/revisions\/16154"}],"wp:attachment":[{"href":"https:\/\/www.alpaderm.com\/de\/wp-json\/wp\/v2\/media?parent=9309"}],"curies":[{"name":"wp","href":"https:\/\/api.w.org\/{rel}","templated":true}]}}