{"id":9459,"date":"2019-12-27T11:45:37","date_gmt":"2019-12-27T11:45:37","guid":{"rendered":"http:\/\/www.alpaderm.com\/temoignages\/"},"modified":"2023-06-12T21:16:29","modified_gmt":"2023-06-12T21:16:29","slug":"testimonials","status":"publish","type":"page","link":"https:\/\/www.alpaderm.com\/de\/testimonials\/","title":{"rendered":"Empfehlungsschreiben"},"content":{"rendered":"\n<div class=\"container section-title-container\" ><h3 class=\"section-title section-title-center\"><b><\/b><span class=\"section-title-main\" >Testimonials<\/span><b><\/b><\/h3><\/div>\n\n<div class=\"row\"  id=\"row-143097619\">\n\n\n\t<div id=\"col-999432779\" class=\"col medium-4 small-12 large-4 small-col-first\"  >\n\t\t\t\t<div class=\"col-inner\"  >\n\t\t\t\n\t\t\t\n\n  <div class=\"icon-box testimonial-box icon-box-center text-center\">\n                <div class=\"icon-box-text p-last-0\">\n          <div class=\"star-rating\"><span style=\"width:100%\"><strong class=\"rating\"><\/strong><\/span><\/div>  \t\t\t\t<div class=\"testimonial-text line-height-small italic test_text first-reset last-reset is-italic\">\n            \n\n<p style=\"text-align: center;\">Ich habe lange gebraucht, um die Creme zu finden, die den Juckreiz meiner reaktiven Haut lindert und verhindert, dass ich einen Ausschlag von kleinen roten Pickeln bekomme. Mit Alpaderm habe ich eine ganze Reihe von nat\u00fcrlichen und feuchtigkeitsspendenden Cremes gefunden, die zu mir passen und einen echten Komfort auf t\u00e4glicher Basis bieten, ohne zu viel Parf\u00fcm zu haben, etwas, das ich wirklich nicht mag.<\/p>\n<h4 style=\"text-align: center;\"><strong>Jean-Marc, Paris<\/strong><\/h4>\n\n          <\/div>\n          <div class=\"testimonial-meta pt-half\">\n             <strong class=\"testimonial-name test_name\"><\/strong>\n                          <span class=\"testimonial-company test_company\"><\/span>\n          <\/div>\n        <\/div>\n  <\/div>\n\n  \n\n\t\t<\/div>\n\t\t\t\t\t<\/div>\n\n\t\n\n\t<div id=\"col-587790882\" class=\"col medium-4 small-12 large-4 medium-col-first\"  >\n\t\t\t\t<div class=\"col-inner\"  >\n\t\t\t\n\t\t\t\n\n  <div class=\"icon-box testimonial-box icon-box-center text-center\">\n                <div class=\"icon-box-text p-last-0\">\n          <div class=\"star-rating\"><span style=\"width:100%\"><strong class=\"rating\"><\/strong><\/span><\/div>  \t\t\t\t<div class=\"testimonial-text line-height-small italic test_text first-reset last-reset is-italic\">\n            \n\n<p>Mein Name ist Pierre-Antoine, ich bin 10 Jahre alt und mein kleiner Bruder Valentin ist 8 Jahre alt. Ich habe gro\u00dfe Hautprobleme. Meine Mutter hat mir eine Creme von Mr. Alpaderm mitgebracht.F\u00fcr mich ist dieses Produkt au\u00dfergew\u00f6hnlich, es erm\u00f6glicht mir, das Brennen meiner Haut zu stoppen und es riecht nach Orange. Sogar Papa benutzt es f\u00fcr die rissigen Lippen. Diese Creme ist revolution\u00e4r.&nbsp;<\/p>\n<h4 style=\"text-align: center;\"><strong>Pierre-Antoine, Waadt<\/strong><\/h4>\n\n          <\/div>\n          <div class=\"testimonial-meta pt-half\">\n             <strong class=\"testimonial-name test_name\"><\/strong>\n                          <span class=\"testimonial-company test_company\"><\/span>\n          <\/div>\n        <\/div>\n  <\/div>\n\n  \n\n\t\t<\/div>\n\t\t\t\t\t<\/div>\n\n\t\n\n\t<div id=\"col-69050041\" class=\"col medium-4 small-12 large-4 small-col-first\"  >\n\t\t\t\t<div class=\"col-inner\"  >\n\t\t\t\n\t\t\t\n\n  <div class=\"icon-box testimonial-box icon-box-center text-center\">\n                <div class=\"icon-box-text p-last-0\">\n          <div class=\"star-rating\"><span style=\"width:100%\"><strong class=\"rating\"><\/strong><\/span><\/div>  \t\t\t\t<div class=\"testimonial-text line-height-small italic test_text first-reset last-reset is-italic\">\n            \n\n<p style=\"text-align: center;\">C\u00e9rat ist der absolute SCHUTZ bei GROSSER KALTE, f\u00fcr die weichen Wangen meiner Kinder. Sie verbringen 3 Tage pro Woche an der frischen Luft, im Wald, und werden nie rissig.&nbsp; &nbsp; &nbsp; &nbsp; &nbsp; &nbsp; &nbsp; &nbsp; &nbsp; &nbsp; &nbsp; &nbsp;Ein bisschen morgens vor dem Ausgehen, ein bisschen abends vor dem Einschlafen und das war&#8217;s.<\/p>\n<p style=\"text-align: center;\">Danke, es ist toll und es riecht so gut!!!&nbsp; Tausend Dank.<\/p>\n<h4 style=\"text-align: center;\"><strong>Alexandra, Z\u00fcrich <\/strong><\/h4>\n\n          <\/div>\n          <div class=\"testimonial-meta pt-half\">\n             <strong class=\"testimonial-name test_name\"><\/strong>\n                          <span class=\"testimonial-company test_company\"><\/span>\n          <\/div>\n        <\/div>\n  <\/div>\n\n  \n\n\t\t<\/div>\n\t\t\t\t\t<\/div>\n\n\t\n\n<\/div>\n<div class=\"slider-wrapper relative\" id=\"slider-1088165662\" >\n    <div class=\"slider slider-nav-dots-simple slider-nav-circle slider-nav-normal slider-nav-dark slider-nav-outside slider-style-focus slider-show-nav\"\n        data-flickity-options='{\n            \"cellAlign\": \"center\",\n            \"imagesLoaded\": true,\n            \"lazyLoad\": 1,\n            \"freeScroll\": true,\n            \"wrapAround\": true,\n            \"autoPlay\": 3000,\n            \"pauseAutoPlayOnHover\" : true,\n            \"prevNextButtons\": true,\n            \"contain\" : true,\n            \"adaptiveHeight\" : true,\n            \"dragThreshold\" : 10,\n            \"percentPosition\": true,\n            \"pageDots\": true,\n            \"rightToLeft\": false,\n            \"draggable\": true,\n            \"selectedAttraction\": 0.1,\n            \"parallax\" : 0,\n            \"friction\": 0.6        }'\n        >\n        \n\n\n\t<section class=\"section\" id=\"section_1511658352\">\n\t\t<div class=\"section-bg fill\" >\n\t\t\t\t\t\t\t\t\t\n\t\t\t\n\n\t\t<\/div>\n\n\t\t\n\n\t\t<div class=\"section-content relative\">\n\t\t\t\n\n  <div class=\"icon-box testimonial-box icon-box-left text-left\">\n                <div class=\"icon-box-text p-last-0\">\n          <div class=\"star-rating\"><span style=\"width:100%\"><strong class=\"rating\"><\/strong><\/span><\/div>  \t\t\t\t<div class=\"testimonial-text line-height-small italic test_text first-reset last-reset is-italic\">\n            \n\n<p>In diesen Tagen wird viel \u00fcber Umwelt und Bio gesprochen. Ich f\u00fchle mich sehr betroffen und versuche, meinen \u00f6kologischen Fu\u00dfabdruck zu begrenzen, indem ich ein verantwortungsvolles Verhalten gegen\u00fcber dem Planeten an den Tag lege. Ich konsumiere anders, indem ich Bio-Produkte ohne Erd\u00f6lderivate bevorzuge, auch bei der Wahl meiner Hautpflegecremes. Ich lebe in den Bergen. Im Winter leidet meine empfindliche Haut besonders unter der Sonne und der K\u00e4lte. Der C\u00e9rat des Alpes von Alpaderm ist ein Balsam, der meine Haut beruhigt und dabei nat\u00fcrlich ist, ohne Zus\u00e4tze von Petrochemikalien. Ich glaube, dass Sie hier wirklich qualitativ hochwertige Produkte finden k\u00f6nnen, die zu 100 % biologisch sind und mit Ihren \u00dcberzeugungen \u00fcbereinstimmen.<\/p>\n<h4 style=\"text-align: center;\"><strong>Anne-Marie, Jura<\/strong><\/h4>\n\n          <\/div>\n          <div class=\"testimonial-meta pt-half\">\n             <strong class=\"testimonial-name test_name\"><\/strong>\n                          <span class=\"testimonial-company test_company\"><\/span>\n          <\/div>\n        <\/div>\n  <\/div>\n\n  \n\n\t\t<\/div>\n\n\t\t\n<style>\n#section_1511658352 {\n  padding-top: 30px;\n  padding-bottom: 30px;\n}\n<\/style>\n\t<\/section>\n\t\n\n\t<section class=\"section\" id=\"section_985856618\">\n\t\t<div class=\"section-bg fill\" >\n\t\t\t\t\t\t\t\t\t\n\t\t\t\n\n\t\t<\/div>\n\n\t\t\n\n\t\t<div class=\"section-content relative\">\n\t\t\t\n\n  <div class=\"icon-box testimonial-box icon-box-left text-left\">\n                <div class=\"icon-box-text p-last-0\">\n          <div class=\"star-rating\"><span style=\"width:100%\"><strong class=\"rating\"><\/strong><\/span><\/div>  \t\t\t\t<div class=\"testimonial-text line-height-small italic test_text first-reset last-reset is-italic\">\n            \n\n<p>Vor ein paar Jahren machte mich eine Sendung auf France 2 auf die Chemikalien und die \u00c4ngste vor Parabenen aufmerksam, einem chemischen Konservierungsstoff, der in fast allen Hautpflege- und Toilettenprodukten enthalten ist. Wir haben w\u00e4hrend der Sitzung mit dem Kinderarzt dar\u00fcber gesprochen. Das hat mich ein bisschen erschreckt, weil ein Baby ein unreifes Immunsystem hat und es ziemlich sch\u00e4dlich ist, ein Baby von einem sehr jungen Alter an dieser Art von Produkt auszusetzen. Ich habe mich entschieden, Bio-Produkte zu verwenden, ohne Paraben. Ich denke, das ist ges\u00fcnder f\u00fcr Anna. Alpaderm ist meine Kosmetik- und Pflegelinie f\u00fcr Anna und jetzt auch f\u00fcr die ganze Familie. Ohne Paraben, ohne Hilfsstoffe auf Erd\u00f6lbasis, biologisch und sehr wirksam.<\/p>\n<h4 style=\"text-align: center;\"><strong>Catherine, Haute-Savoie<\/strong><\/h4>\n\n          <\/div>\n          <div class=\"testimonial-meta pt-half\">\n             <strong class=\"testimonial-name test_name\"><\/strong>\n                          <span class=\"testimonial-company test_company\"><\/span>\n          <\/div>\n        <\/div>\n  <\/div>\n\n  \n\n\t\t<\/div>\n\n\t\t\n<style>\n#section_985856618 {\n  padding-top: 30px;\n  padding-bottom: 30px;\n}\n<\/style>\n\t<\/section>\n\t\n\n\t<section class=\"section\" id=\"section_1866923061\">\n\t\t<div class=\"section-bg fill\" >\n\t\t\t\t\t\t\t\t\t\n\t\t\t\n\n\t\t<\/div>\n\n\t\t\n\n\t\t<div class=\"section-content relative\">\n\t\t\t\n\n  <div class=\"icon-box testimonial-box icon-box-left text-left\">\n                <div class=\"icon-box-text p-last-0\">\n          <div class=\"star-rating\"><span style=\"width:100%\"><strong class=\"rating\"><\/strong><\/span><\/div>  \t\t\t\t<div class=\"testimonial-text line-height-small italic test_text first-reset last-reset is-italic\">\n            \n\n<p>Hallo, nur eine kleine Nachricht, um Ihnen f\u00fcr die Proben zu danken, die Marjolaine vorgeschlagen wurden: sobald ich sie ausprobiert habe, sobald ich sie angenommen habe, habe ich gerade meine erste Bestellung aufgegeben. Das C\u00e9rat hat mein Ekzem in nur drei Anwendungen deutlich reduziert (es h\u00e4ngt mit einer Nahrungsmittelallergie zusammen), und die Feuchtigkeitscreme ist sowohl f\u00fcr meine Gesichtshaut (gemischt und reaktiv) als auch f\u00fcr die Haut meines 2 Monate alten Babys geeignet, sehr trocken&#8230;. ihre \u00e4lteren Schwestern werden die Tubenversion testen, die Probe war zu klein f\u00fcr uns alle \ud83d\ude09 und ich freue mich auf das Massage\u00f6l.<\/p>\n<p>Bravo f\u00fcr diese nat\u00fcrlichen Zusammensetzungen und viel organischer als andere Bioprodukte&#8230; wenn ich nicht den Bluff-Effekt an mir selbst gesehen h\u00e4tte, h\u00e4tte ich es nie glauben k\u00f6nnen!<\/p>\n<p>Mit freundlichen Gr\u00fc\u00dfen<\/p>\n<h4 style=\"text-align: center;\"><strong>Emmanuelle, Paris<\/strong><\/h4>\n\n          <\/div>\n          <div class=\"testimonial-meta pt-half\">\n             <strong class=\"testimonial-name test_name\"><\/strong>\n                          <span class=\"testimonial-company test_company\"><\/span>\n          <\/div>\n        <\/div>\n  <\/div>\n\n  \n\n\t\t<\/div>\n\n\t\t\n<style>\n#section_1866923061 {\n  padding-top: 30px;\n  padding-bottom: 30px;\n}\n<\/style>\n\t<\/section>\n\t\n\n\t<section class=\"section\" id=\"section_125339202\">\n\t\t<div class=\"section-bg fill\" >\n\t\t\t\t\t\t\t\t\t\n\t\t\t\n\n\t\t<\/div>\n\n\t\t\n\n\t\t<div class=\"section-content relative\">\n\t\t\t\n\n  <div class=\"icon-box testimonial-box icon-box-left text-left\">\n                <div class=\"icon-box-text p-last-0\">\n          <div class=\"star-rating\"><span style=\"width:100%\"><strong class=\"rating\"><\/strong><\/span><\/div>  \t\t\t\t<div class=\"testimonial-text line-height-small italic test_text first-reset last-reset is-italic\">\n            \n\n<p>Der Reihe nach: Ich habe Allergien gegen Erdn\u00fcsse, Garnelen und bestimmte Pollen. Zwischen dem Schnupfen, meiner reaktiven Haut und meiner Di\u00e4t, um Schwellungen zu vermeiden, bin ich wirklich geschminkt. Die Runde der Antihistaminika, Kortikoide kenne ich auswendig und bin immer auf der Wer lebt mit 20 Jahren macht mich betrunken ! Ich kann mich nicht mit irgendeinem Produkt waschen und ich muss vorsichtig sein, was ich auf mein Gesicht auftrage, sonst entstehen Plaques. Bio-Hautpflegeprodukte mit echten nat\u00fcrlichen Wirkstoffen zu finden, ist gar nicht so einfach. Es war meine Kosmetikerin, die mir (in halben Worten) von Alpaderm-Produkten erz\u00e4hlte. Tats\u00e4chlich verwendet sie die Creme f\u00fcr ihren Sohn, der Hautprobleme hat. Ich habe zuerst das Cerat getestet, dann die N\u00e4hrstoffcreme und seit diesem Sommer benutze ich den Sonnenschutz. Keine Probleme mit R\u00f6tungen oder Unvertr\u00e4glichkeiten zu berichten. Meine Haut ist sch\u00f6n! Mir f\u00e4llt endlich etwas anderes ein. Danke an das Ehepaar, das sie erfunden hat. Ich habe ihre Geschichte auf der Website gelesen, ziemlich nette Andeutung!<\/p>\n<h4 style=\"text-align: center;\"><strong>Anne, Saint-Suplice<\/strong><\/h4>\n\n          <\/div>\n          <div class=\"testimonial-meta pt-half\">\n             <strong class=\"testimonial-name test_name\"><\/strong>\n                          <span class=\"testimonial-company test_company\"><\/span>\n          <\/div>\n        <\/div>\n  <\/div>\n\n  \n\n\t\t<\/div>\n\n\t\t\n<style>\n#section_125339202 {\n  padding-top: 30px;\n  padding-bottom: 30px;\n}\n<\/style>\n\t<\/section>\n\t\n\n     <\/div>\n\n     <div class=\"loading-spin dark large centered\"><\/div>\n\n\t<\/div>\n\n\n<div class=\"row\"  id=\"row-168797943\">\n\n\n\t<div id=\"col-111337120\" class=\"col medium-4 small-12 large-4 small-col-first\"  >\n\t\t\t\t<div class=\"col-inner\"  >\n\t\t\t\n\t\t\t\n\n  <div class=\"icon-box testimonial-box icon-box-center text-center\">\n                <div class=\"icon-box-text p-last-0\">\n          <div class=\"star-rating\"><span style=\"width:100%\"><strong class=\"rating\"><\/strong><\/span><\/div>  \t\t\t\t<div class=\"testimonial-text line-height-small italic test_text first-reset last-reset is-italic\">\n            \n\n<p style=\"text-align: center;\">Es ist ein Wunderwerk! Nur eine winzige Menge davon auftragen und die Hydratation ist erstaunlich. Was das Parf\u00fcm betrifft, ist es ebenfalls sehr angenehm.<\/p>\n<h4 style=\"text-align: center;\"><strong>Bel\u00e9n, Miss-Bio, Espa\u00f1a<\/strong><\/h4>\n\n          <\/div>\n          <div class=\"testimonial-meta pt-half\">\n             <strong class=\"testimonial-name test_name\"><\/strong>\n                          <span class=\"testimonial-company test_company\"><\/span>\n          <\/div>\n        <\/div>\n  <\/div>\n\n  \n\n\t\t<\/div>\n\t\t\t\t\t<\/div>\n\n\t\n\n\t<div id=\"col-1546606801\" class=\"col medium-4 small-12 large-4 medium-col-first\"  >\n\t\t\t\t<div class=\"col-inner\"  >\n\t\t\t\n\t\t\t\n\n  <div class=\"icon-box testimonial-box icon-box-center text-center\">\n                <div class=\"icon-box-text p-last-0\">\n          <div class=\"star-rating\"><span style=\"width:100%\"><strong class=\"rating\"><\/strong><\/span><\/div>  \t\t\t\t<div class=\"testimonial-text line-height-small italic test_text first-reset last-reset is-italic\">\n            \n\n<p>Ihre Reinigungsmilch duftet nicht nur k\u00f6stlich &#8211; genau wie der Rest Ihrer Produkte &#8211; sondern wirkt auch als K\u00f6rperlotion wahre Wunder.&nbsp;<\/p>\n<h4 style=\"text-align: center;\"><strong>Witikon, Z\u00fcrich<\/strong><\/h4>\n\n          <\/div>\n          <div class=\"testimonial-meta pt-half\">\n             <strong class=\"testimonial-name test_name\"><\/strong>\n                          <span class=\"testimonial-company test_company\"><\/span>\n          <\/div>\n        <\/div>\n  <\/div>\n\n  \n\n\t\t<\/div>\n\t\t\t\t\t<\/div>\n\n\t\n\n\t<div id=\"col-1760643683\" class=\"col medium-4 small-12 large-4 small-col-first\"  >\n\t\t\t\t<div class=\"col-inner\"  >\n\t\t\t\n\t\t\t\n\n  <div class=\"icon-box testimonial-box icon-box-center text-center\">\n                <div class=\"icon-box-text p-last-0\">\n          <div class=\"star-rating\"><span style=\"width:100%\"><strong class=\"rating\"><\/strong><\/span><\/div>  \t\t\t\t<div class=\"testimonial-text line-height-small italic test_text first-reset last-reset is-italic\">\n            \n\n<p>C\u00e9rat des Alpes hat mich von einem fiesen Ekzem im Gesicht (beide Wangen) befreit; seither benutze ich es t\u00e4glich und habe es meinen Bekannten empfohlen&#8230;<\/p>\n<h4 style=\"text-align: center;\"><strong>Alice, Genf<\/strong><\/h4>\n\n          <\/div>\n          <div class=\"testimonial-meta pt-half\">\n             <strong class=\"testimonial-name test_name\"><\/strong>\n                          <span class=\"testimonial-company test_company\"><\/span>\n          <\/div>\n        <\/div>\n  <\/div>\n\n  \n\n\t\t<\/div>\n\t\t\t\t\t<\/div>\n\n\t\n\n<\/div>\n<div class=\"row\"  id=\"row-987908682\">\n\n\n\t<div id=\"col-1762681329\" class=\"col medium-4 small-12 large-4 small-col-first\"  >\n\t\t\t\t<div class=\"col-inner\"  >\n\t\t\t\n\t\t\t\n\n  <div class=\"icon-box testimonial-box icon-box-center text-center\">\n                <div class=\"icon-box-text p-last-0\">\n          <div class=\"star-rating\"><span style=\"width:100%\"><strong class=\"rating\"><\/strong><\/span><\/div>  \t\t\t\t<div class=\"testimonial-text line-height-small italic test_text first-reset last-reset is-italic\">\n            \n\n<p>Meine Kinder sind 2 und 4 Jahre alt, daher ist es f\u00fcr mich wichtig, ungiftige Hautpflegeprodukte zu verwenden, die der Haut nicht schaden. Deshalb verwende ich regelm\u00e4\u00dfig Alpaderm C\u00e9rat des Alpes, um ihre durch die K\u00e4lte und den Aufenthalt im Freien ausgetrockneten B\u00e4ckchen mit Feuchtigkeit zu versorgen. Und ich selbst verwende es von Zeit zu Zeit als Feuchtigkeitspflege f\u00fcr mein Gesicht, das empfindliche Haut hat. Ich bin sehr zufrieden mit dem Ergebnis.<\/p>\n<h4 style=\"text-align: center;\"><strong>Alexandra, Z\u00fcrich<\/strong><\/h4>\n\n          <\/div>\n          <div class=\"testimonial-meta pt-half\">\n             <strong class=\"testimonial-name test_name\"><\/strong>\n                          <span class=\"testimonial-company test_company\"><\/span>\n          <\/div>\n        <\/div>\n  <\/div>\n\n  \n\n\t\t<\/div>\n\t\t\t\t\t<\/div>\n\n\t\n\n\t<div id=\"col-936939698\" class=\"col medium-4 small-12 large-4 medium-col-first\"  >\n\t\t\t\t<div class=\"col-inner\"  >\n\t\t\t\n\t\t\t\n\n  <div class=\"icon-box testimonial-box icon-box-center text-center\">\n                <div class=\"icon-box-text p-last-0\">\n          <div class=\"star-rating\"><span style=\"width:100%\"><strong class=\"rating\"><\/strong><\/span><\/div>  \t\t\t\t<div class=\"testimonial-text line-height-small italic test_text first-reset last-reset is-italic\">\n            \n\n<p>Alpaderm Produkte sind 100% nat\u00fcrlich und ohne chemische Bestandteile. Ich habe eine Sonnenallergie und ihre Sonnencreme ist ein gro\u00dfer Erfolg, sie ist nicht dick, zieht sehr schnell ein und verursacht keine Reizungen. Wir sch\u00e4tzen und unterst\u00fctzen voll und ganz den Ansatz der Gr\u00fcnder, \u00fcber die Gesetzgebung hinauszugehen und saubere Produkte anzubieten.<\/p>\n<p style=\"text-align: center;\">Nochmals vielen Dank.<\/p>\n<h4 style=\"text-align: center;\"><strong>Anne, Gen\u00e8ve<\/strong><\/h4>\n\n          <\/div>\n          <div class=\"testimonial-meta pt-half\">\n             <strong class=\"testimonial-name test_name\"><\/strong>\n                          <span class=\"testimonial-company test_company\"><\/span>\n          <\/div>\n        <\/div>\n  <\/div>\n\n  \n\n\t\t<\/div>\n\t\t\t\t\t<\/div>\n\n\t\n\n\t<div id=\"col-1621514843\" class=\"col medium-4 small-12 large-4 small-col-first\"  >\n\t\t\t\t<div class=\"col-inner\"  >\n\t\t\t\n\t\t\t\n\n  <div class=\"icon-box testimonial-box icon-box-center text-center\">\n                <div class=\"icon-box-text p-last-0\">\n          <div class=\"star-rating\"><span style=\"width:100%\"><strong class=\"rating\"><\/strong><\/span><\/div>  \t\t\t\t<div class=\"testimonial-text line-height-small italic test_text first-reset last-reset is-italic\">\n            \n\n<p style=\"text-align: center;\">Ich liebe Alpaderm Shampoo. Es kombiniert die Sanftheit von Bio-Shampoos mit der Textur und dem Schaum von normalen Shampoos. Ein echtes Vergn\u00fcgen bei der Anwendung&#8230;und weiches Haar, das keine Sp\u00fclung mehr braucht. Ich liebe auch Cerat, das ist f\u00fcr mich meine n\u00e4hrende und feuchtigkeitsspendende Allzweckcreme. Ich benutze es f\u00fcr meine H\u00e4nde, nach der Rasur, f\u00fcr leicht trockene Stellen.&nbsp; &nbsp; &nbsp; &nbsp; &nbsp; &nbsp; &nbsp; &nbsp; &nbsp; &nbsp; &nbsp; &nbsp; &nbsp; &nbsp; &nbsp; &nbsp; &nbsp; &nbsp; &nbsp; &nbsp; &nbsp; &nbsp; &nbsp; &nbsp; &nbsp; &nbsp; &nbsp;Danke, Alpaderm.<\/p>\n<h4 style=\"text-align: center;\"><strong>Florenz, Pully<\/strong><\/h4>\n\n          <\/div>\n          <div class=\"testimonial-meta pt-half\">\n             <strong class=\"testimonial-name test_name\"><\/strong>\n                          <span class=\"testimonial-company test_company\"><\/span>\n          <\/div>\n        <\/div>\n  <\/div>\n\n  \n\n\t\t<\/div>\n\t\t\t\t\t<\/div>\n\n\t\n\n<\/div>\n","protected":false},"excerpt":{"rendered":"","protected":false},"author":58,"featured_media":0,"parent":0,"menu_order":0,"comment_status":"closed","ping_status":"closed","template":"","meta":{"footnotes":""},"class_list":["post-9459","page","type-page","status-publish","hentry"],"_links":{"self":[{"href":"https:\/\/www.alpaderm.com\/de\/wp-json\/wp\/v2\/pages\/9459","targetHints":{"allow":["GET"]}}],"collection":[{"href":"https:\/\/www.alpaderm.com\/de\/wp-json\/wp\/v2\/pages"}],"about":[{"href":"https:\/\/www.alpaderm.com\/de\/wp-json\/wp\/v2\/types\/page"}],"author":[{"embeddable":true,"href":"https:\/\/www.alpaderm.com\/de\/wp-json\/wp\/v2\/users\/58"}],"replies":[{"embeddable":true,"href":"https:\/\/www.alpaderm.com\/de\/wp-json\/wp\/v2\/comments?post=9459"}],"version-history":[{"count":2,"href":"https:\/\/www.alpaderm.com\/de\/wp-json\/wp\/v2\/pages\/9459\/revisions"}],"predecessor-version":[{"id":15979,"href":"https:\/\/www.alpaderm.com\/de\/wp-json\/wp\/v2\/pages\/9459\/revisions\/15979"}],"wp:attachment":[{"href":"https:\/\/www.alpaderm.com\/de\/wp-json\/wp\/v2\/media?parent=9459"}],"curies":[{"name":"wp","href":"https:\/\/api.w.org\/{rel}","templated":true}]}}