{"id":8759,"date":"2021-02-12T12:34:19","date_gmt":"2021-02-12T12:34:19","guid":{"rendered":"http:\/\/www.alpaderm.com\/?page_id=8759"},"modified":"2023-06-12T21:16:27","modified_gmt":"2023-06-12T21:16:27","slug":"alpaderm","status":"publish","type":"page","link":"https:\/\/www.alpaderm.com\/en\/alpaderm\/","title":{"rendered":"Alpaderm"},"content":{"rendered":"\n\n\t<section class=\"section dark\" id=\"section_1362695427\">\n\t\t<div class=\"section-bg fill\" >\n\t\t\t<img loading=\"lazy\" decoding=\"async\" width=\"1920\" height=\"1080\" src=\"https:\/\/www.alpaderm.com\/wp-content\/uploads\/2021\/03\/3.jpg\" class=\"bg attachment- size-\" alt=\"3\" \/>\t\t\t\t\t\t\n\t\t\t\n\n\t\t<\/div>\n\n\t\t\n\n\t\t<div class=\"section-content relative\">\n\t\t\t\n\n<div class=\"row\"  id=\"row-1894698790\">\n\n\n\t<div id=\"col-2113438089\" class=\"col medium-8 small-12 large-8\"  >\n\t\t\t\t<div class=\"col-inner\"  >\n\t\t\t\n\t\t\t\n\n<h1><span style=\"font-size: 180%;\">An angel, at the origin of the products<\/span><\/h1>\n<h3>Our history<\/h3>\n\n\t\t<\/div>\n\t\t\t\t\t<\/div>\n\n\t\n\n<\/div>\n\n\t\t<\/div>\n\n\t\t\n<style>\n#section_1362695427 {\n  padding-top: 100px;\n  padding-bottom: 100px;\n  background-color: rgb(0, 119, 200);\n}\n@media (min-width:550px) {\n  #section_1362695427 {\n    padding-top: 150px;\n    padding-bottom: 150px;\n  }\n}\n@media (min-width:850px) {\n  #section_1362695427 {\n    padding-top: 80px;\n    padding-bottom: 80px;\n  }\n}\n<\/style>\n\t<\/section>\n\t\n\n\t<section class=\"section\" id=\"section_379740993\">\n\t\t<div class=\"section-bg fill\" >\n\t\t\t\t\t\t\t\t\t\n\t\t\t\n\n\t\t<\/div>\n\n\t\t\n\n\t\t<div class=\"section-content relative\">\n\t\t\t\n\n<div class=\"row\"  id=\"row-690436044\">\n\n\n\t<div id=\"col-935447333\" class=\"col small-12 large-12\"  >\n\t\t\t\t<div class=\"col-inner\"  >\n\t\t\t\n\t\t\t\n\n<div class=\"row row-small\"  id=\"row-804193080\">\n\n\n\t<div id=\"col-1229568089\" class=\"col medium-4 small-12 large-4\"  >\n\t\t\t\t<div class=\"col-inner\"  >\n\t\t\t\n\t\t\t\n\n\t<div class=\"box has-hover   has-hover box-shade dark box-text-bottom\" >\n\n\t\t<div class=\"box-image\" >\n\t\t\t\t\t\t<div class=\"image-cover\" style=\"padding-top:120%;\">\n\t\t\t\t<img loading=\"lazy\" decoding=\"async\" width=\"317\" height=\"317\" src=\"https:\/\/www.alpaderm.com\/wp-content\/uploads\/2021\/01\/imageInstitutionnelle.jpg\" class=\"attachment- size-\" alt=\"imageInstitutionnelle\" srcset=\"https:\/\/www.alpaderm.com\/wp-content\/uploads\/2021\/01\/imageInstitutionnelle.jpg 317w, https:\/\/www.alpaderm.com\/wp-content\/uploads\/2021\/01\/imageInstitutionnelle-100x100.jpg 100w, https:\/\/www.alpaderm.com\/wp-content\/uploads\/2021\/01\/imageInstitutionnelle-280x280.jpg 280w\" sizes=\"auto, (max-width: 317px) 100vw, 317px\" \/>\t\t\t\t\t\t\t\t<div class=\"shade\"><\/div>\t\t\t<\/div>\n\t\t\t\t\t<\/div>\n\n\t\t<div class=\"box-text text-left\" style=\"padding:20px 20px 0px 20px;\">\n\t\t\t<div class=\"box-text-inner\">\n\t\t\t\t\n\n<h3><span style=\"font-size: 160%;\">Our history<\/span><\/h3>\n<p>\u00a0<\/p>\n<a href=\"http:\/\/www.alpaderm.com\/en\/alpaderm\/our-story\/\" class=\"button primary lowercase\"  style=\"border-radius:15px;\">\n\t\t<span>Read more<\/span>\n\t<\/a>\n\n\n\t<div id=\"gap-620181402\" class=\"gap-element clearfix\" style=\"display:block; height:auto;\">\n\t\t\n<style>\n#gap-620181402 {\n  padding-top: 30px;\n}\n<\/style>\n\t<\/div>\n\t\n\n\n\t\t\t<\/div>\n\t\t<\/div>\n\t<\/div>\n\t\n\n\t\t<\/div>\n\t\t\t\t\t<\/div>\n\n\t\n\n\t<div id=\"col-886457750\" class=\"col medium-4 small-12 large-4\"  >\n\t\t\t\t<div class=\"col-inner\"  >\n\t\t\t\n\t\t\t\n\n\t<div class=\"box has-hover   has-hover box-shade dark box-text-bottom\" >\n\n\t\t<div class=\"box-image\" >\n\t\t\t\t\t\t<div class=\"image-cover\" style=\"padding-top:120%;\">\n\t\t\t\t<img loading=\"lazy\" decoding=\"async\" width=\"193\" height=\"235\" src=\"https:\/\/www.alpaderm.com\/wp-content\/uploads\/2021\/01\/fille.png\" class=\"attachment- size-\" alt=\"fille\" \/>\t\t\t\t\t\t\t\t<div class=\"shade\"><\/div>\t\t\t<\/div>\n\t\t\t\t\t<\/div>\n\n\t\t<div class=\"box-text text-left\" style=\"padding:20px 20px 0px 20px;\">\n\t\t\t<div class=\"box-text-inner\">\n\t\t\t\t\n\n<h3><span style=\"font-size: 160%;\">Our commitment<\/span><\/h3>\n<p>\u00a0<\/p>\n<a href=\"http:\/\/www.alpaderm.com\/en\/alpaderm\/our-commitment\/\" class=\"button primary lowercase\"  style=\"border-radius:15px;\">\n\t\t<span>Read more<\/span>\n\t<\/a>\n\n\n\t<div id=\"gap-843208059\" class=\"gap-element clearfix\" style=\"display:block; height:auto;\">\n\t\t\n<style>\n#gap-843208059 {\n  padding-top: 30px;\n}\n<\/style>\n\t<\/div>\n\t\n\n\n\t\t\t<\/div>\n\t\t<\/div>\n\t<\/div>\n\t\n\n\t\t<\/div>\n\t\t\t\t\t<\/div>\n\n\t\n\n\t<div id=\"col-1055460360\" class=\"col medium-4 small-12 large-4\"  >\n\t\t\t\t<div class=\"col-inner\"  >\n\t\t\t\n\t\t\t\n\n\t<div class=\"box has-hover   has-hover box-shade dark box-text-bottom\" >\n\n\t\t<div class=\"box-image\" >\n\t\t\t\t\t\t<div class=\"image-cover\" style=\"padding-top:120%;\">\n\t\t\t\t<img loading=\"lazy\" decoding=\"async\" width=\"1920\" height=\"907\" src=\"https:\/\/www.alpaderm.com\/wp-content\/uploads\/2020\/03\/Bandeau-v3B.jpg\" class=\"attachment- size-\" alt=\"Bandeau v3B\" srcset=\"https:\/\/www.alpaderm.com\/wp-content\/uploads\/2020\/03\/Bandeau-v3B.jpg 1920w, https:\/\/www.alpaderm.com\/wp-content\/uploads\/2020\/03\/Bandeau-v3B-510x241.jpg 510w, https:\/\/www.alpaderm.com\/wp-content\/uploads\/2020\/03\/Bandeau-v3B-800x378.jpg 800w, https:\/\/www.alpaderm.com\/wp-content\/uploads\/2020\/03\/Bandeau-v3B-1400x661.jpg 1400w, https:\/\/www.alpaderm.com\/wp-content\/uploads\/2020\/03\/Bandeau-v3B-768x363.jpg 768w, https:\/\/www.alpaderm.com\/wp-content\/uploads\/2020\/03\/Bandeau-v3B-1536x726.jpg 1536w\" sizes=\"auto, (max-width: 1920px) 100vw, 1920px\" \/>\t\t\t\t\t\t\t\t<div class=\"shade\"><\/div>\t\t\t<\/div>\n\t\t\t\t\t<\/div>\n\n\t\t<div class=\"box-text text-left\" style=\"padding:20px 20px 0px 20px;\">\n\t\t\t<div class=\"box-text-inner\">\n\t\t\t\t\n\n<h3><span style=\"font-size: 160%;\">Our ingredients<\/span><\/h3>\n<p>\u00a0<\/p>\n<a href=\"http:\/\/www.alpaderm.com\/en\/alpaderm\/our-ingredients\/\" class=\"button primary lowercase\"  style=\"border-radius:15px;\">\n\t\t<span>Read more<\/span>\n\t<\/a>\n\n\n\t<div id=\"gap-1143798026\" class=\"gap-element clearfix\" style=\"display:block; height:auto;\">\n\t\t\n<style>\n#gap-1143798026 {\n  padding-top: 30px;\n}\n<\/style>\n\t<\/div>\n\t\n\n\n\t\t\t<\/div>\n\t\t<\/div>\n\t<\/div>\n\t\n\n\t\t<\/div>\n\t\t\t\t\t<\/div>\n\n\t\n\n<\/div>\n\n\t\t<\/div>\n\t\t\t\t\n<style>\n#col-935447333 > .col-inner {\n  margin: -140px 0px 0px 0px;\n}\n<\/style>\n\t<\/div>\n\n\t\n\n<\/div>\n\n\t\t<\/div>\n\n\t\t\n<style>\n#section_379740993 {\n  padding-top: 30px;\n  padding-bottom: 30px;\n}\n<\/style>\n\t<\/section>\n\t\n\n\t<section class=\"section\" id=\"section_1056785654\">\n\t\t<div class=\"section-bg fill\" >\n\t\t\t\t\t\t\t\t\t\n\t\t\t\n\n\t\t<\/div>\n\n\t\t\n\n\t\t<div class=\"section-content relative\">\n\t\t\t\n\n<div class=\"container section-title-container\" ><h2 class=\"section-title section-title-normal\"><b><\/b><span class=\"section-title-main\" >Un ange, \u00e0 l\u2019origine des produits<\/span><b><\/b><\/h2><\/div>\n\n<div class=\"row align-middle\"  id=\"row-571611985\">\n\n\n\t<div id=\"col-417980762\" class=\"col medium-6 small-12 large-6\"  >\n\t\t\t\t<div class=\"col-inner\"  >\n\t\t\t\n\t\t\t\n\n<p class=\"lead\"><span class=\"fancy-underline\">Un ange, \u00e0 l&#8217;origine des produits<\/span><\/p>\n<p>Tout a commenc\u00e9 lorsque <strong><span style=\"color: #0077c8;\">Lilly<\/span>,<\/strong> le second enfant des cr\u00e9ateurs de la marque a \u00e9t\u00e9 confront\u00e9e, d\u00e8s ses premiers mois, \u00e0 une dermatite atopique s\u00e9v\u00e8re. Les p\u00e9diatres lui ont prescrit des dermotico\u00efdes \u00e0 forte dose pour lutter contre les d\u00e9mangeaisons incessantes et apaiser sa souffrance.<\/p>\n<a href=\"http:\/\/www.alpaderm.com\/en\/alpaderm\/our-story\/\" class=\"button primary lowercase\"  style=\"border-radius:15px;\">\n\t\t<span>D\u00e9couvrir<\/span>\n\t<\/a>\n\n\n\n\t\t<\/div>\n\t\t\t\t\t<\/div>\n\n\t\n\n\t<div id=\"col-2094338723\" class=\"col medium-6 small-12 large-6\"  >\n\t\t\t\t<div class=\"col-inner text-center\"  >\n\t\t\t\n\t\t\t\n\n\t<div class=\"img has-hover x md-x lg-x y md-y lg-y\" id=\"image_1879228672\">\n\t\t\t\t\t\t\t\t<div class=\"img-inner dark\" >\n\t\t\t<img loading=\"lazy\" decoding=\"async\" width=\"317\" height=\"317\" src=\"https:\/\/www.alpaderm.com\/wp-content\/uploads\/2021\/01\/imageInstitutionnelle.jpg\" class=\"attachment-large size-large\" alt=\"imageInstitutionnelle\" srcset=\"https:\/\/www.alpaderm.com\/wp-content\/uploads\/2021\/01\/imageInstitutionnelle.jpg 317w, https:\/\/www.alpaderm.com\/wp-content\/uploads\/2021\/01\/imageInstitutionnelle-100x100.jpg 100w, https:\/\/www.alpaderm.com\/wp-content\/uploads\/2021\/01\/imageInstitutionnelle-280x280.jpg 280w\" sizes=\"auto, (max-width: 317px) 100vw, 317px\" \/>\t\t\t\t\t\t\n\t\t\t\t\t<\/div>\n\t\t\t\t\t\t\t\t\n<style>\n#image_1879228672 {\n  width: 81%;\n}\n<\/style>\n\t<\/div>\n\t\n\n\n\t\t<\/div>\n\t\t\t\t\t<\/div>\n\n\t\n\n<\/div>\n\n\t\t<\/div>\n\n\t\t\n<style>\n#section_1056785654 {\n  padding-top: 30px;\n  padding-bottom: 30px;\n}\n<\/style>\n\t<\/section>\n\t\n\n\t<section class=\"section\" id=\"section_1529407948\">\n\t\t<div class=\"section-bg fill\" >\n\t\t\t\t\t\t\t\t\t\n\t\t\t\n\n\t\t<\/div>\n\n\t\t\n\n\t\t<div class=\"section-content relative\">\n\t\t\t\n\n<div class=\"container section-title-container\" ><h2 class=\"section-title section-title-normal\"><b><\/b><span class=\"section-title-main\" >Eau de source naturelle<\/span><b><\/b><\/h2><\/div>\n\n<div class=\"row align-middle\"  id=\"row-1872932074\">\n\n\n\t<div id=\"col-216133529\" class=\"col medium-6 small-12 large-6\"  >\n\t\t\t\t<div class=\"col-inner\"  >\n\t\t\t\n\t\t\t\n\n<p>Le laboratoire <span style=\"color: #0077c8;\"><strong>Alpaderm<\/strong><\/span> a s\u00e9lectionn\u00e9\u00a0sa propre eau de source naturelle capt\u00e9e en altitude\u00a0au c\u0153ur des Alpes suisses, dans le canton du Valais.<\/p>\n<p><strong><span style=\"color: #0077c8;\">L\u2019eau de source<\/span><\/strong> provient de nappes d\u2019eaux souterraines profondes\u00a0et prot\u00e9g\u00e9es de toute pollution d\u2019origine humaine. <br \/><span style=\"color: #0077c8;\"><strong>Elle convient \u00e0 la consommation humaine<\/strong><\/span> et est microbiologiquement saine.<\/p>\n<p>Naturellement pure, elle ne subit aucun traitement de d\u00e9sinfection. L\u2019eau capt\u00e9e est test\u00e9e microbiologiquement avant chaque mise en production selon les bonnes pratiques de fabrication.<\/p>\n<p>Cette\u00a0eau de source naturelle\u00a0faiblement min\u00e9ralis\u00e9e est particuli\u00e8rement adapt\u00e9e pour les\u00a0soins des peaux fragiles.<\/p>\n\n\t\t<\/div>\n\t\t\t\t\t<\/div>\n\n\t\n\n\t<div id=\"col-650473535\" class=\"col medium-6 small-12 large-6\"  >\n\t\t\t\t<div class=\"col-inner text-center\"  >\n\t\t\t\n\t\t\t\n\n\t<div class=\"img has-hover x md-x lg-x y md-y lg-y\" id=\"image_921596424\">\n\t\t\t\t\t\t\t\t<div class=\"img-inner dark\" >\n\t\t\t<img loading=\"lazy\" decoding=\"async\" width=\"800\" height=\"800\" src=\"https:\/\/www.alpaderm.com\/wp-content\/uploads\/2021\/02\/Source-800x800.png\" class=\"attachment-large size-large\" alt=\"Source\" srcset=\"https:\/\/www.alpaderm.com\/wp-content\/uploads\/2021\/02\/Source-800x800.png 800w, https:\/\/www.alpaderm.com\/wp-content\/uploads\/2021\/02\/Source-100x100.png 100w, https:\/\/www.alpaderm.com\/wp-content\/uploads\/2021\/02\/Source-510x510.png 510w, https:\/\/www.alpaderm.com\/wp-content\/uploads\/2021\/02\/Source-400x400.png 400w, https:\/\/www.alpaderm.com\/wp-content\/uploads\/2021\/02\/Source-280x280.png 280w, https:\/\/www.alpaderm.com\/wp-content\/uploads\/2021\/02\/Source-768x768.png 768w, https:\/\/www.alpaderm.com\/wp-content\/uploads\/2021\/02\/Source.png 1080w\" sizes=\"auto, (max-width: 800px) 100vw, 800px\" \/>\t\t\t\t\t\t\n\t\t\t\t\t<\/div>\n\t\t\t\t\t\t\t\t\n<style>\n#image_921596424 {\n  width: 79%;\n}\n<\/style>\n\t<\/div>\n\t\n\n\n\t\t<\/div>\n\t\t\t\t\t<\/div>\n\n\t\n\n<\/div>\n\n\t\t<\/div>\n\n\t\t\n<style>\n#section_1529407948 {\n  padding-top: 30px;\n  padding-bottom: 30px;\n}\n<\/style>\n\t<\/section>\n\t\n\n\t<section class=\"section\" id=\"section_2102962883\">\n\t\t<div class=\"section-bg fill\" >\n\t\t\t\t\t\t\t\t\t\n\t\t\t\n\n\t\t<\/div>\n\n\t\t\n\n\t\t<div class=\"section-content relative\">\n\t\t\t\n\n<div class=\"container section-title-container\" ><h2 class=\"section-title section-title-normal\"><b><\/b><span class=\"section-title-main\" >Actifs par nature<\/span><b><\/b><\/h2><\/div>\n\n<div class=\"row align-middle\"  id=\"row-1822900868\">\n\n\n\t<div id=\"col-625878449\" class=\"col medium-6 small-12 large-6\"  >\n\t\t\t\t<div class=\"col-inner\"  >\n\t\t\t\n\t\t\t\n\n<p><span class=\"fancy-underline\" style=\"font-size: 130%;\">Alpaderm utilise des ingr\u00e9dients nobles et naturels actifs par nature.<\/span><\/p>\n\n\t\t<\/div>\n\t\t\t\t\t<\/div>\n\n\t\n\n\t<div id=\"col-1002488440\" class=\"col medium-6 small-12 large-6\"  >\n\t\t\t\t<div class=\"col-inner text-center\"  >\n\t\t\t\n\t\t\t\n\n\t<div class=\"img has-hover x md-x lg-x y md-y lg-y\" id=\"image_1722315454\">\n\t\t\t\t\t\t\t\t<div class=\"img-inner dark\" >\n\t\t\t<img loading=\"lazy\" decoding=\"async\" width=\"800\" height=\"800\" src=\"https:\/\/www.alpaderm.com\/wp-content\/uploads\/2021\/02\/1-800x800.png\" class=\"attachment-large size-large\" alt=\"1\" srcset=\"https:\/\/www.alpaderm.com\/wp-content\/uploads\/2021\/02\/1-800x800.png 800w, https:\/\/www.alpaderm.com\/wp-content\/uploads\/2021\/02\/1-100x100.png 100w, https:\/\/www.alpaderm.com\/wp-content\/uploads\/2021\/02\/1-510x510.png 510w, https:\/\/www.alpaderm.com\/wp-content\/uploads\/2021\/02\/1-400x400.png 400w, https:\/\/www.alpaderm.com\/wp-content\/uploads\/2021\/02\/1-280x280.png 280w, https:\/\/www.alpaderm.com\/wp-content\/uploads\/2021\/02\/1-768x768.png 768w, https:\/\/www.alpaderm.com\/wp-content\/uploads\/2021\/02\/1.png 1080w\" sizes=\"auto, (max-width: 800px) 100vw, 800px\" \/>\t\t\t\t\t\t\n\t\t\t\t\t<\/div>\n\t\t\t\t\t\t\t\t\n<style>\n#image_1722315454 {\n  width: 79%;\n}\n<\/style>\n\t<\/div>\n\t\n\n\n\t\t<\/div>\n\t\t\t\t\t<\/div>\n\n\t\n\n<\/div>\n\n\t\t<\/div>\n\n\t\t\n<style>\n#section_2102962883 {\n  padding-top: 30px;\n  padding-bottom: 30px;\n}\n<\/style>\n\t<\/section>\n\t\n\n\t<section class=\"section\" id=\"section_92700558\">\n\t\t<div class=\"section-bg fill\" >\n\t\t\t\t\t\t\t\t\t\n\t\t\t\n\n\t\t<\/div>\n\n\t\t\n\n\t\t<div class=\"section-content relative\">\n\t\t\t\n\n<div class=\"is-divider divider clearfix\" style=\"max-width:100%;height:1px;\"><\/div>\n\n\t<div id=\"gap-605355408\" class=\"gap-element clearfix\" style=\"display:block; height:auto;\">\n\t\t\n<style>\n#gap-605355408 {\n  padding-top: 30px;\n}\n<\/style>\n\t<\/div>\n\t\n\n\n  \n    <div class=\"row large-columns-6 medium-columns-4 small-columns-3 row-small slider row-slider slider-nav-reveal\"  data-flickity-options='{&quot;imagesLoaded&quot;: true, &quot;groupCells&quot;: &quot;100%&quot;, &quot;dragThreshold&quot; : 5, &quot;cellAlign&quot;: &quot;left&quot;,&quot;wrapAround&quot;: true,&quot;prevNextButtons&quot;: true,&quot;percentPosition&quot;: true,&quot;pageDots&quot;: false, &quot;rightToLeft&quot;: false, &quot;autoPlay&quot; : 3000}' >\n\n  <div class=\"gallery-col col\" >\n          <div class=\"col-inner\">\n            <a class=\"image-lightbox lightbox-gallery\" href=\"\" title=\"B fly\">            <div class=\"box has-hover gallery-box box-none\">\n              <div class=\"box-image\" >\n                                                                              <\/div>\n              <div class=\"box-text text-left\" >\n                 <p>B fly<\/p>\n              <\/div>\n            <\/div>\n            <\/a>          <\/div>\n         <\/div><div class=\"gallery-col col\" >\n          <div class=\"col-inner\">\n            <a class=\"image-lightbox lightbox-gallery\" href=\"\" title=\"onagre\">            <div class=\"box has-hover gallery-box box-none\">\n              <div class=\"box-image\" >\n                                                                              <\/div>\n              <div class=\"box-text text-left\" >\n                 <p>onagre<\/p>\n              <\/div>\n            <\/div>\n            <\/a>          <\/div>\n         <\/div><div class=\"gallery-col col\" >\n          <div class=\"col-inner\">\n            <a class=\"image-lightbox lightbox-gallery\" href=\"\" title=\"main logo\">            <div class=\"box has-hover gallery-box box-none\">\n              <div class=\"box-image\" >\n                                                                              <\/div>\n              <div class=\"box-text text-left\" >\n                 <p>main logo<\/p>\n              <\/div>\n            <\/div>\n            <\/a>          <\/div>\n         <\/div><\/div>\n\n\n\t\t<\/div>\n\n\t\t\n<style>\n#section_92700558 {\n  padding-top: 30px;\n  padding-bottom: 30px;\n}\n<\/style>\n\t<\/section>\n\t\n\n","protected":false},"excerpt":{"rendered":"","protected":false},"author":58,"featured_media":0,"parent":0,"menu_order":0,"comment_status":"closed","ping_status":"closed","template":"page-blank.php","meta":{"footnotes":""},"class_list":["post-8759","page","type-page","status-publish","hentry"],"_links":{"self":[{"href":"https:\/\/www.alpaderm.com\/en\/wp-json\/wp\/v2\/pages\/8759","targetHints":{"allow":["GET"]}}],"collection":[{"href":"https:\/\/www.alpaderm.com\/en\/wp-json\/wp\/v2\/pages"}],"about":[{"href":"https:\/\/www.alpaderm.com\/en\/wp-json\/wp\/v2\/types\/page"}],"author":[{"embeddable":true,"href":"https:\/\/www.alpaderm.com\/en\/wp-json\/wp\/v2\/users\/58"}],"replies":[{"embeddable":true,"href":"https:\/\/www.alpaderm.com\/en\/wp-json\/wp\/v2\/comments?post=8759"}],"version-history":[{"count":5,"href":"https:\/\/www.alpaderm.com\/en\/wp-json\/wp\/v2\/pages\/8759\/revisions"}],"predecessor-version":[{"id":15980,"href":"https:\/\/www.alpaderm.com\/en\/wp-json\/wp\/v2\/pages\/8759\/revisions\/15980"}],"wp:attachment":[{"href":"https:\/\/www.alpaderm.com\/en\/wp-json\/wp\/v2\/media?parent=8759"}],"curies":[{"name":"wp","href":"https:\/\/api.w.org\/{rel}","templated":true}]}}