{"id":8778,"date":"2021-02-21T22:21:39","date_gmt":"2021-02-21T22:21:39","guid":{"rendered":"http:\/\/www.alpaderm.com\/?page_id=8778"},"modified":"2023-06-12T21:16:29","modified_gmt":"2023-06-12T21:16:29","slug":"nuestro-compromiso","status":"publish","type":"page","link":"https:\/\/www.alpaderm.com\/es\/alpaderm\/nuestro-compromiso\/","title":{"rendered":"Nuestro compromiso"},"content":{"rendered":"\n\n\t<section class=\"section dark\" id=\"section_1923111569\">\n\t\t<div class=\"section-bg fill\" >\n\t\t\t<img loading=\"lazy\" decoding=\"async\" width=\"1920\" height=\"1080\" src=\"https:\/\/www.alpaderm.com\/wp-content\/uploads\/2021\/03\/3.jpg\" class=\"bg attachment- size-\" alt=\"\" \/>\t\t\t\t\t\t\n\t\t\t\n\n\t\t<\/div>\n\n\t\t\n\n\t\t<div class=\"section-content relative\">\n\t\t\t\n\n<div class=\"row\"  id=\"row-1327394002\">\n\n\n\t<div id=\"col-1417927093\" class=\"col medium-8 small-12 large-8\"  >\n\t\t\t\t<div class=\"col-inner\"  >\n\t\t\t\n\t\t\t\n\n<h1><span style=\"font-size: 180%;\">El compromiso de Francia y Philippe<\/span><\/h1>\n<h3>Alpaderm<\/h3>\n\n\t\t<\/div>\n\t\t\t\t\t<\/div>\n\n\t\n\n<\/div>\n\n\t\t<\/div>\n\n\t\t\n<style>\n#section_1923111569 {\n  padding-top: 100px;\n  padding-bottom: 100px;\n  background-color: rgb(0, 119, 200);\n}\n@media (min-width:550px) {\n  #section_1923111569 {\n    padding-top: 150px;\n    padding-bottom: 150px;\n  }\n}\n@media (min-width:850px) {\n  #section_1923111569 {\n    padding-top: 80px;\n    padding-bottom: 80px;\n  }\n}\n<\/style>\n\t<\/section>\n\t\n\n\t<section class=\"section\" id=\"section_1427605337\">\n\t\t<div class=\"section-bg fill\" >\n\t\t\t\t\t\t\t\t\t\n\t\t\t\n\n\t\t<\/div>\n\n\t\t\n\n\t\t<div class=\"section-content relative\">\n\t\t\t\n\n<div class=\"row\"  id=\"row-1562136230\">\n\n\n\t<div id=\"col-1059357699\" class=\"col small-12 large-12\"  >\n\t\t\t\t<div class=\"col-inner\"  >\n\t\t\t\n\t\t\t\n\n<div class=\"row row-small\"  id=\"row-902363703\">\n\n\n\t<div id=\"col-1052441581\" class=\"col medium-4 small-12 large-4\"  >\n\t\t\t\t<div class=\"col-inner\"  >\n\t\t\t\n\t\t\t\n\n\t<div class=\"box has-hover   has-hover box-shade dark box-text-bottom\" >\n\n\t\t<div class=\"box-image\" >\n\t\t\t\t\t\t<div class=\"image-cover\" style=\"padding-top:120%;\">\n\t\t\t\t<img loading=\"lazy\" decoding=\"async\" width=\"317\" height=\"317\" src=\"https:\/\/www.alpaderm.com\/wp-content\/uploads\/2021\/01\/imageInstitutionnelle.jpg\" class=\"attachment- size-\" alt=\"imageInstitutionnelle\" srcset=\"https:\/\/www.alpaderm.com\/wp-content\/uploads\/2021\/01\/imageInstitutionnelle.jpg 317w, https:\/\/www.alpaderm.com\/wp-content\/uploads\/2021\/01\/imageInstitutionnelle-100x100.jpg 100w, https:\/\/www.alpaderm.com\/wp-content\/uploads\/2021\/01\/imageInstitutionnelle-280x280.jpg 280w\" sizes=\"auto, (max-width: 317px) 100vw, 317px\" \/>\t\t\t\t\t\t\t\t<div class=\"shade\"><\/div>\t\t\t<\/div>\n\t\t\t\t\t<\/div>\n\n\t\t<div class=\"box-text text-left\" style=\"padding:20px 20px 0px 20px;\">\n\t\t\t<div class=\"box-text-inner\">\n\t\t\t\t\n\n<h3><span style=\"font-size: 160%;\">Nuestra Historia<\/span><\/h3>\n<p>Lorem ipsum dolor sit amet.<\/p>\n<a href=\"http:\/\/www.alpaderm.com\/notre-histoire\/\" class=\"button primary lowercase\"  style=\"border-radius:15px;\">\n\t\t<span>Desc\u00fabrelo<\/span>\n\t<\/a>\n\n\n\t<div id=\"gap-1458957723\" class=\"gap-element clearfix\" style=\"display:block; height:auto;\">\n\t\t\n<style>\n#gap-1458957723 {\n  padding-top: 30px;\n}\n<\/style>\n\t<\/div>\n\t\n\n\n\t\t\t<\/div>\n\t\t<\/div>\n\t<\/div>\n\t\n\n\t\t<\/div>\n\t\t\t\t\t<\/div>\n\n\t\n\n\t<div id=\"col-614357759\" class=\"col medium-4 small-12 large-4\"  >\n\t\t\t\t<div class=\"col-inner\"  >\n\t\t\t\n\t\t\t\n\n\t<div class=\"box has-hover   has-hover box-shade dark box-text-bottom\" >\n\n\t\t<div class=\"box-image\" >\n\t\t\t\t\t\t<div class=\"image-cover\" style=\"padding-top:120%;\">\n\t\t\t\t<img loading=\"lazy\" decoding=\"async\" width=\"193\" height=\"235\" src=\"https:\/\/www.alpaderm.com\/wp-content\/uploads\/2021\/01\/fille.png\" class=\"attachment- size-\" alt=\"fille\" \/>\t\t\t\t\t\t\t\t<div class=\"shade\"><\/div>\t\t\t<\/div>\n\t\t\t\t\t<\/div>\n\n\t\t<div class=\"box-text text-left\" style=\"padding:20px 20px 0px 20px;\">\n\t\t\t<div class=\"box-text-inner\">\n\t\t\t\t\n\n<h3><span style=\"font-size: 160%;\">Nuestros ingredientes<\/span><\/h3>\n<p>Lorem ipsum dolor sit amet.<\/p>\n<a href=\"https:\/\/www.alpaderm.com\/es\/alpaderm\/los-ingredientes\/\" class=\"button primary lowercase\"  style=\"border-radius:15px;\">\n\t\t<span>Desc\u00fabrelo<\/span>\n\t<\/a>\n\n\n\t<div id=\"gap-1258625178\" class=\"gap-element clearfix\" style=\"display:block; height:auto;\">\n\t\t\n<style>\n#gap-1258625178 {\n  padding-top: 30px;\n}\n<\/style>\n\t<\/div>\n\t\n\n\n\t\t\t<\/div>\n\t\t<\/div>\n\t<\/div>\n\t\n\n\t\t<\/div>\n\t\t\t\t\t<\/div>\n\n\t\n\n\t<div id=\"col-1041523042\" class=\"col medium-4 small-12 large-4\"  >\n\t\t\t\t<div class=\"col-inner\"  >\n\t\t\t\n\t\t\t\n\n\t<div class=\"box has-hover   has-hover box-shade dark box-text-bottom\" >\n\n\t\t<div class=\"box-image\" >\n\t\t\t\t\t\t<div class=\"image-cover\" style=\"padding-top:120%;\">\n\t\t\t\t<img loading=\"lazy\" decoding=\"async\" width=\"1707\" height=\"2560\" src=\"https:\/\/www.alpaderm.com\/wp-content\/uploads\/2021\/02\/DSC_0069-scaled.jpg\" class=\"attachment- size-\" alt=\"DSC 0069 scaled\" srcset=\"https:\/\/www.alpaderm.com\/wp-content\/uploads\/2021\/02\/DSC_0069-scaled.jpg 1707w, https:\/\/www.alpaderm.com\/wp-content\/uploads\/2021\/02\/DSC_0069-scaled-510x765.jpg 510w, https:\/\/www.alpaderm.com\/wp-content\/uploads\/2021\/02\/DSC_0069-267x400.jpg 267w, https:\/\/www.alpaderm.com\/wp-content\/uploads\/2021\/02\/DSC_0069-533x800.jpg 533w, https:\/\/www.alpaderm.com\/wp-content\/uploads\/2021\/02\/DSC_0069-768x1152.jpg 768w, https:\/\/www.alpaderm.com\/wp-content\/uploads\/2021\/02\/DSC_0069-1024x1536.jpg 1024w, https:\/\/www.alpaderm.com\/wp-content\/uploads\/2021\/02\/DSC_0069-1365x2048.jpg 1365w\" sizes=\"auto, (max-width: 1707px) 100vw, 1707px\" \/>\t\t\t\t\t\t\t\t<div class=\"shade\"><\/div>\t\t\t<\/div>\n\t\t\t\t\t<\/div>\n\n\t\t<div class=\"box-text text-left\" style=\"padding:20px 20px 0px 20px;\">\n\t\t\t<div class=\"box-text-inner\">\n\t\t\t\t\n\n<h3><span style=\"font-size: 160%;\">La tienda<\/span><\/h3>\n<p>Lorem ipsum dolor sit amet.<\/p>\n<a href=\"https:\/\/www.alpaderm.com\/es\/productos\/\" class=\"button primary lowercase\"  style=\"border-radius:15px;\">\n\t\t<span>Desc\u00fabrelo<\/span>\n\t<\/a>\n\n\n\t<div id=\"gap-670435342\" class=\"gap-element clearfix\" style=\"display:block; height:auto;\">\n\t\t\n<style>\n#gap-670435342 {\n  padding-top: 30px;\n}\n<\/style>\n\t<\/div>\n\t\n\n\n\t\t\t<\/div>\n\t\t<\/div>\n\t<\/div>\n\t\n\n\t\t<\/div>\n\t\t\t\t\t<\/div>\n\n\t\n\n<\/div>\n\n\t\t<\/div>\n\t\t\t\t\n<style>\n#col-1059357699 > .col-inner {\n  margin: -140px 0px 0px 0px;\n}\n<\/style>\n\t<\/div>\n\n\t\n\n<\/div>\n\n\t\t<\/div>\n\n\t\t\n<style>\n#section_1427605337 {\n  padding-top: 30px;\n  padding-bottom: 30px;\n}\n<\/style>\n\t<\/section>\n\t\n<div class=\"container section-title-container\" ><h3 class=\"section-title section-title-normal\"><b><\/b><span class=\"section-title-main\" >Nuestro compromiso<\/span><b><\/b><\/h3><\/div>\n\n\n\t<section class=\"section\" id=\"section_1711222547\">\n\t\t<div class=\"section-bg fill\" >\n\t\t\t\t\t\t\t\t\t\n\t\t\t\n\n\t\t<\/div>\n\n\t\t\n\n\t\t<div class=\"section-content relative\">\n\t\t\t\n\n<div class=\"row\"  id=\"row-985203900\">\n\n\n\t<div id=\"col-1459213357\" class=\"col small-12 large-12\"  >\n\t\t\t\t<div class=\"col-inner\"  >\n\t\t\t\n\t\t\t\n\n<p>Estamos comprometidos con<\/p>\n<ul class=\"notre-list\">\n<li><strong>HACER<\/strong> nuestros productos a partir de plantas naturales,<\/li>\n<li><strong>SELECT<\/strong> plantas tradicionalmente reconocidas por sus efectos,<\/li>\n<li><strong>FORMULAR<\/strong> nuestro cuidado para pieles fr\u00e1giles y delicadas,<\/li>\n<li><strong>EXCLUIR<\/strong> los aceites minerales, cualquier colorante y fragancia de qu\u00edmica sint\u00e9tica y conservantes qu\u00edmicos (parabenos y derivados) no autorizados por las especificaciones ECOCERT\/COSMOS y COSMEBIO,<\/li>\n<li><strong>UTILIZAR<\/strong> la investigaci\u00f3n y el desarrollo m\u00e1s avanzados y sostenibles,<\/li>\n<li><strong>SOMETER<\/strong> nuestros productos a una bater\u00eda de pruebas severas bajo control dermatol\u00f3gico,<\/li>\n<li><strong>PRODUCIR<\/strong> lotes de volumen equilibrado para garantizar una calidad y frescura \u00f3ptimas y limitar las existencias,<\/li>\n<li><strong>GARANTIZAR<\/strong> un m\u00e1ximo de ingredientes \u00aborg\u00e1nicos\u00bb con certificaci\u00f3n ECOCERT\/COSMOS y adhesi\u00f3n a la carta COSMEBIO,<\/li>\n<li><strong>RESPETAR<\/strong> el medio ambiente (envases reciclables) y no recurrir a la experimentaci\u00f3n con animales,<\/li>\n<li><strong>Controle RIGUROSAMENTE<\/strong> los suministros y cada etapa de fabricaci\u00f3n, de acuerdo con rigurosos est\u00e1ndares GMP.<\/li>\n<\/ul>\n\n\t\t<\/div>\n\t\t\t\t\t<\/div>\n\n\t\n\n<\/div>\n<div class=\"container section-title-container\" ><h3 class=\"section-title section-title-normal\"><b><\/b><span class=\"section-title-main\" >Certificado ECOCERT<\/span><b><\/b><\/h3><\/div>\n\n\n\t\t<\/div>\n\n\t\t\n<style>\n#section_1711222547 {\n  padding-top: 30px;\n  padding-bottom: 30px;\n}\n<\/style>\n\t<\/section>\n\t\n\n\t<section class=\"section\" id=\"section_1306004721\">\n\t\t<div class=\"section-bg fill\" >\n\t\t\t\t\t\t\t\t\t\n\t\t\t\n\n\t\t<\/div>\n\n\t\t\n\n\t\t<div class=\"section-content relative\">\n\t\t\t\n\n<div class=\"row\"  id=\"row-272202236\">\n\n\n\t<div id=\"col-2072310765\" class=\"col medium-6 small-12 large-6\"  >\n\t\t\t\t<div class=\"col-inner\"  >\n\t\t\t\n\t\t\t\n\n<p>La gama de cuidado de la piel Alpaderm ha superado todas las pruebas dermatol\u00f3gicas y microbiol\u00f3gicas necesarias. Cumple con los diversos requisitos legales, tanto suizos como europeos.<\/p>\n<p>Tambi\u00e9n est\u00e1 certificado por Ecocert para productos indicados con una estrella en su sitio de ventas en l\u00ednea.<\/p>\n<p>Certificaci\u00f3n Ecocert en detalle:<\/p>\n<p>La certificaci\u00f3n Ecocert ha definido un nivel de exigencia superior al de la normativa vigente sobre productos cosm\u00e9ticos. Garantiza el respeto por el consumidor y una valorizaci\u00f3n real de las sustancias naturales de calidad ecol\u00f3gica superior, as\u00ed como una pr\u00e1ctica real de respeto por el medio ambiente, en toda la cadena de producci\u00f3n.<\/p>\n\n\t\t<\/div>\n\t\t\t\t\t<\/div>\n\n\t\n\n\t<div id=\"col-1343341210\" class=\"col medium-6 small-12 large-6\"  >\n\t\t\t\t<div class=\"col-inner\"  >\n\t\t\t\n\t\t\t\n\n\t<div class=\"img has-hover x md-x lg-x y md-y lg-y\" id=\"image_1250010853\">\n\t\t\t\t\t\t\t\t<div class=\"img-inner dark\" >\n\t\t\t<img loading=\"lazy\" decoding=\"async\" width=\"640\" height=\"426\" src=\"https:\/\/www.alpaderm.com\/wp-content\/uploads\/2021\/02\/winter-4680713_640.jpg\" class=\"attachment-large size-large\" alt=\"winter 4680713 640\" srcset=\"https:\/\/www.alpaderm.com\/wp-content\/uploads\/2021\/02\/winter-4680713_640.jpg 640w, https:\/\/www.alpaderm.com\/wp-content\/uploads\/2021\/02\/winter-4680713_640-510x339.jpg 510w, https:\/\/www.alpaderm.com\/wp-content\/uploads\/2021\/02\/winter-4680713_640-601x400.jpg 601w\" sizes=\"auto, (max-width: 640px) 100vw, 640px\" \/>\t\t\t\t\t\t\n\t\t\t\t\t<\/div>\n\t\t\t\t\t\t\t\t\n<style>\n#image_1250010853 {\n  width: 100%;\n}\n<\/style>\n\t<\/div>\n\t\n\n\n\t\t<\/div>\n\t\t\t\t\t<\/div>\n\n\t\n\n<\/div>\n<div class=\"row\"  id=\"row-744204038\">\n\n\n\t<div id=\"col-2005163517\" class=\"col small-12 large-12\"  >\n\t\t\t\t<div class=\"col-inner\"  >\n\t\t\t\n\t\t\t\n\n<div class=\"row\"  id=\"row-859354171\">\n\n\n\t<div id=\"col-621468426\" class=\"col medium-6 small-12 large-6\"  >\n\t\t\t\t<div class=\"col-inner\"  >\n\t\t\t\n\t\t\t\n\n<blockquote>\n<p>Certificaciones probadas  <br>La gama de cuidado de la piel Alpaderm ha superado todas las pruebas dermatol\u00f3gicas y microbiol\u00f3gicas necesarias. Cumple con los diversos requisitos legales, tanto suizos como europeos.<\/p>\n<\/blockquote>\n\n\t\t<\/div>\n\t\t\t\t\t<\/div>\n\n\t\n\n\t<div id=\"col-1464444810\" class=\"col medium-6 small-12 large-6\"  >\n\t\t\t\t<div class=\"col-inner\"  >\n\t\t\t\n\t\t\t\n\n\t<div class=\"img has-hover x md-x lg-x y md-y lg-y\" id=\"image_1784752957\">\n\t\t\t\t\t\t\t\t<div class=\"img-inner dark\" >\n\t\t\t<img loading=\"lazy\" decoding=\"async\" width=\"300\" height=\"109\" src=\"https:\/\/www.alpaderm.com\/wp-content\/uploads\/2020\/12\/certifv2-300x109-1.png\" class=\"attachment-large size-large\" alt=\"certifv2 300x109 1\" \/>\t\t\t\t\t\t\n\t\t\t\t\t<\/div>\n\t\t\t\t\t\t\t\t\n<style>\n#image_1784752957 {\n  width: 58%;\n}\n<\/style>\n\t<\/div>\n\t\n\n\n\t\t<\/div>\n\t\t\t\t\t<\/div>\n\n\t\n\n<\/div>\n<p>En t\u00e9rminos de etiquetado, la siguiente declaraci\u00f3n aparece en los productos certificados: Cosm\u00e9ticos ecol\u00f3gicos y org\u00e1nicos certificados por ECOCERT Greenlife seg\u00fan el est\u00e1ndar ECOCERT disponible en http:\/\/cosmetiques.ecocert.com. Esta es la \u00fanica prueba v\u00e1lida de certificaci\u00f3n. Los ingredientes procedentes de la agricultura ecol\u00f3gica est\u00e1n marcados con un asterisco en la lista INCI*, que hace referencia a las palabras: ingredientes procedentes de la agricultura ecol\u00f3gica. Los porcentajes de ingredientes procedentes de la Agricultura Ecol\u00f3gica est\u00e1n claramente indicados en la etiqueta.<br>Aqu\u00ed hay una descripci\u00f3n general de los requisitos de las especificaciones:<\/p>\n<p>Un porcentaje m\u00ednimo del 95% en ingredientes de origen natural para que los fabricantes descuiden los ingredientes de los productos petroqu\u00edmicos, prefiriendo materias primas de recursos agr\u00edcolas, transformados por procesos respetuosos con el medio ambiente<br>Fragancias sint\u00e9ticas, colorantes, colorantes sint\u00e9ticos, siliconas, glicoles&#8230; est\u00e1n prohibidos. Solo se permiten unos pocos ingredientes sint\u00e9ticos esenciales que a\u00fan no est\u00e1n disponibles en origen natural.<br>Para verificar el cumplimiento de los requisitos de la norma, el fabricante es verificado una o dos veces al a\u00f1o por un auditor de Ecocert. Estos controles abarcar\u00e1n la verificaci\u00f3n, la adquisici\u00f3n, el envasado y el etiquetado de los productos.<\/p>\n<p>El laboratorio ALPADERM ha ido m\u00e1s all\u00e1 de los requisitos de ECOCERT para sustancias qu\u00edmicas sint\u00e9ticas.<\/p>\n<p>*INCI: desde el 1 de enero de 1998, la declaraci\u00f3n de componentes de productos cosm\u00e9ticos es obligatoria a nivel europeo gracias al sistema INCI (Nomenclatura Internacional de Ingredientes Cosm\u00e9ticos). Los componentes deben aparecer en el embalaje, los primeros de la lista constituyen la mayor parte del producto, los que son menos del 1% se enumeran fuera de servicio.<\/p>\n\n\t\t<\/div>\n\t\t\t\t\t<\/div>\n\n\t\n\n<\/div>\n<div class=\"container section-title-container\" ><h3 class=\"section-title section-title-normal\"><b><\/b><span class=\"section-title-main\" >Charte Cosm\u00e9bio<\/span><b><\/b><\/h3><\/div>\n\n\n\t\t<\/div>\n\n\t\t\n<style>\n#section_1306004721 {\n  padding-top: 30px;\n  padding-bottom: 30px;\n}\n<\/style>\n\t<\/section>\n\t\n\n\t<section class=\"section\" id=\"section_815029222\">\n\t\t<div class=\"section-bg fill\" >\n\t\t\t\t\t\t\t\t\t\n\t\t\t\n\n\t\t<\/div>\n\n\t\t\n\n\t\t<div class=\"section-content relative\">\n\t\t\t\n\n<div class=\"row\"  id=\"row-189963918\">\n\n\n\t<div id=\"col-1110825637\" class=\"col medium-6 small-12 large-6\"  >\n\t\t\t\t<div class=\"col-inner\"  >\n\t\t\t\n\t\t\t\n\n<p>1. Pour les produits :<br>a) S\u00e9lection des ingr\u00e9dients.<br>Comercializaci\u00f3n de productos cosm\u00e9ticos cuyos ingredientes sean naturales o de origen natural y provengan principalmente de agricultura ecol\u00f3gica controlada.<\/p>\n<p>Lista de ingredientes autorizados*<br>Lista de ingredientes excluidos*<br>* voir r\u00e9f\u00e9rentiel<\/p>\n<p>b) S\u00e9lection des proc\u00e9d\u00e9s de transformation et de fabrication.<br>Uso de procesos de transformaci\u00f3n y fabricaci\u00f3n no contaminantes, respetuosos con el Hombre y el Medio Ambiente, en todo el sector.<\/p>\n<p>liste de proc\u00e9d\u00e9s autoris\u00e9s*<br>liste de proc\u00e9d\u00e9s exclus*<br>* voir r\u00e9f\u00e9rentiel<\/p>\n<p>c) Obligation de garanties.<br>Especificaciones respetadas e ingredientes certificados por organismos de control independientes, validados por Cosmebio y el Estado.<\/p>\n\n\t\t<\/div>\n\t\t\t\t\t<\/div>\n\n\t\n\n\t<div id=\"col-533771217\" class=\"col medium-6 small-12 large-6\"  >\n\t\t\t\t<div class=\"col-inner\"  >\n\t\t\t\n\t\t\t\n\n\t<div class=\"img has-hover x md-x lg-x y md-y lg-y\" id=\"image_260087534\">\n\t\t\t\t\t\t\t\t<div class=\"img-inner dark\" >\n\t\t\t<img loading=\"lazy\" decoding=\"async\" width=\"640\" height=\"426\" src=\"https:\/\/www.alpaderm.com\/wp-content\/uploads\/2021\/01\/tree-1959267_640.jpg\" class=\"attachment-large size-large\" alt=\"tree 1959267 640\" srcset=\"https:\/\/www.alpaderm.com\/wp-content\/uploads\/2021\/01\/tree-1959267_640.jpg 640w, https:\/\/www.alpaderm.com\/wp-content\/uploads\/2021\/01\/tree-1959267_640-510x339.jpg 510w, https:\/\/www.alpaderm.com\/wp-content\/uploads\/2021\/01\/tree-1959267_640-601x400.jpg 601w\" sizes=\"auto, (max-width: 640px) 100vw, 640px\" \/>\t\t\t\t\t\t\n\t\t\t\t\t<\/div>\n\t\t\t\t\t\t\t\t\n<style>\n#image_260087534 {\n  width: 100%;\n}\n<\/style>\n\t<\/div>\n\t\n\n\n\t\t<\/div>\n\t\t\t\t\t<\/div>\n\n\t\n\n<\/div>\n<div class=\"row\"  id=\"row-1694976796\">\n\n\n\t<div id=\"col-437754634\" class=\"col medium-6 small-12 large-6\"  >\n\t\t\t\t<div class=\"col-inner\"  >\n\t\t\t\n\t\t\t\n\n<p>2. Pour les personnes :<br>D\u00e9marche mise en place pour :<\/p>\n<p>le respect et le bien-\u00eatre des consommateurs<br>le droit \u00e0 une information exhaustive<br>le besoin de transparence, aussi bien au niveau des ingr\u00e9dients que des produits finis.<br>Utilisation de logos sp\u00e9cifiques :<\/p>\n<p>Logo BIO<br>M\u00ednimo 95% de ingredientes naturales o de origen natural.Ingredientes procedentes de la agricultura ecol\u00f3gica: M\u00ednimo 10% del total de ingredientes<br>Ingredientes procedentes de la agricultura ecol\u00f3gica: M\u00ednimo 95% de ingredientes certificables<br>M\u00e1ximo 5% de ingredientes sint\u00e9ticos<br>Logo ECO<br>M\u00ednimo 95% de ingredientes naturales o de origen natural.ingredientes procedentes de la agricultura ecol\u00f3gica: M\u00ednimo 5% del total de ingredientes<br>Ingredientes procedentes de la agricultura ecol\u00f3gica: M\u00ednimo 50% de ingredientes certificables<br>M\u00e1ximo 5% de ingredientes sint\u00e9ticos<\/p>\n\n\t\t<\/div>\n\t\t\t\t\t<\/div>\n\n\t\n\n\t<div id=\"col-290918493\" class=\"col medium-6 small-12 large-6\"  >\n\t\t\t\t<div class=\"col-inner\"  >\n\t\t\t\n\t\t\t\n\n<p>3. Para el medio ambiente:<br>a) Respect de la vie<br>Respect des diff\u00e9rents r\u00e8gnes de la nature avec, entre autres :<br>Prohibici\u00f3n de la experimentaci\u00f3n con animales<br>Uso de m\u00e9todos alternativos de evaluaci\u00f3n de productos (toxicidad, eficacia)<br>b) Mediante medidas espec\u00edficas.<br>Respeto por el medio ambiente a todos los niveles:<\/p>\n<p>M\u00e9todos de obtenci\u00f3n de materias primas,<br>Procesos de transformaci\u00f3n,<br>Procesos de limpieza,<br>Procesos de envasado,<br>Biodegradabilidad de los productos acabados,<br>Reciclaje de envases y todos los residuos de su fabricaci\u00f3n&#8230;<br>&nbsp;<br>&nbsp;<\/p>\n<p>4. Para la econom\u00eda y la sociedad:<br>Engagement dans des objectifs de d\u00e9veloppement durable et de commerce \u00e9quitable.<\/p>\n<p>&nbsp;<\/p>\n\n\t\t<\/div>\n\t\t\t\t\t<\/div>\n\n\t\n\n<\/div>\n\n\t\t<\/div>\n\n\t\t\n<style>\n#section_815029222 {\n  padding-top: 30px;\n  padding-bottom: 30px;\n}\n<\/style>\n\t<\/section>\n\t\n\n\t<section class=\"section\" id=\"section_1372213890\">\n\t\t<div class=\"section-bg fill\" >\n\t\t\t<img loading=\"lazy\" decoding=\"async\" width=\"1920\" height=\"1080\" src=\"https:\/\/www.alpaderm.com\/wp-content\/uploads\/2021\/01\/Copie-de-Copie-de-Base-photo-2.png\" class=\"bg attachment-original size-original\" alt=\"Copie de Copie de Base photo 2\" \/>\t\t\t\t\t\t<div class=\"section-bg-overlay absolute fill\"><\/div>\n\t\t\t\n\n\t\t<\/div>\n\n\t\t\n\n\t\t<div class=\"section-content relative\">\n\t\t\t\n\n<div class=\"row\"  id=\"row-956021237\">\n\n\n\t<div id=\"col-1648461353\" class=\"col medium-6 small-12 large-6\"  >\n\t\t\t\t<div class=\"col-inner\"  >\n\t\t\t\n\t\t\t\n\n<p>&nbsp;<\/p>\n<p><span style=\"color: #ffffff;\">Mant\u00e9ngase al d\u00eda con las \u00faltimas noticias de Alpaderm, suscr\u00edbase a nuestro bolet\u00edn!&nbsp;<\/span><\/p>\n<p><span style=\"color: #ffffff;\">\u00a1RECIBE UN 10% DE DESCUENTO EN TU PR\u00d3XIMO PEDIDO!<\/span><\/p>\n\n\t\t<\/div>\n\t\t\t\t\t<\/div>\n\n\t\n\n\t<div id=\"col-823105975\" class=\"col medium-6 small-12 large-6\"  >\n\t\t\t\t<div class=\"col-inner\"  >\n\t\t\t\n\t\t\t\n\n<ul class=\"sidebar-wrapper ul-reset widgets-framed\"><\/ul>\n\n\n\t\t<\/div>\n\t\t\t\t\t<\/div>\n\n\t\n\n<\/div>\n\n\t\t<\/div>\n\n\t\t\n<style>\n#section_1372213890 {\n  padding-top: 59px;\n  padding-bottom: 59px;\n}\n#section_1372213890 .section-bg-overlay {\n  background-color: rgba(0, 119, 200, 0.55);\n}\n<\/style>\n\t<\/section>\n\t\n\n","protected":false},"excerpt":{"rendered":"","protected":false},"author":58,"featured_media":0,"parent":8760,"menu_order":0,"comment_status":"closed","ping_status":"closed","template":"page-blank.php","meta":{"footnotes":""},"class_list":["post-8778","page","type-page","status-publish","hentry"],"_links":{"self":[{"href":"https:\/\/www.alpaderm.com\/es\/wp-json\/wp\/v2\/pages\/8778","targetHints":{"allow":["GET"]}}],"collection":[{"href":"https:\/\/www.alpaderm.com\/es\/wp-json\/wp\/v2\/pages"}],"about":[{"href":"https:\/\/www.alpaderm.com\/es\/wp-json\/wp\/v2\/types\/page"}],"author":[{"embeddable":true,"href":"https:\/\/www.alpaderm.com\/es\/wp-json\/wp\/v2\/users\/58"}],"replies":[{"embeddable":true,"href":"https:\/\/www.alpaderm.com\/es\/wp-json\/wp\/v2\/comments?post=8778"}],"version-history":[{"count":3,"href":"https:\/\/www.alpaderm.com\/es\/wp-json\/wp\/v2\/pages\/8778\/revisions"}],"predecessor-version":[{"id":15985,"href":"https:\/\/www.alpaderm.com\/es\/wp-json\/wp\/v2\/pages\/8778\/revisions\/15985"}],"up":[{"embeddable":true,"href":"https:\/\/www.alpaderm.com\/es\/wp-json\/wp\/v2\/pages\/8760"}],"wp:attachment":[{"href":"https:\/\/www.alpaderm.com\/es\/wp-json\/wp\/v2\/media?parent=8778"}],"curies":[{"name":"wp","href":"https:\/\/api.w.org\/{rel}","templated":true}]}}