{"id":9310,"date":"2013-08-06T20:13:19","date_gmt":"2013-08-06T20:13:19","guid":{"rendered":"http:\/\/www.alpaderm.com\/classic-shop\/"},"modified":"2023-12-28T11:34:26","modified_gmt":"2023-12-28T11:34:26","slug":"classic-shop","status":"publish","type":"page","link":"https:\/\/www.alpaderm.com\/es\/","title":{"rendered":"Accueil"},"content":{"rendered":"\n\n  <div class=\"banner has-hover\" id=\"banner-847965592\">\n          <div class=\"banner-inner fill\">\n        <div class=\"banner-bg fill\" >\n            <img loading=\"lazy\" decoding=\"async\" width=\"1920\" height=\"1200\" src=\"https:\/\/www.alpaderm.com\/wp-content\/uploads\/2022\/04\/Alpaderm-Image-Lilly-SansLogo.jpg\" class=\"bg attachment-original size-original\" alt=\"\" \/>                        <div class=\"overlay\"><\/div>            \n                    <\/div>\n\t\t\n        <div class=\"banner-layers container\">\n            <div class=\"fill banner-link\"><\/div>            \n\n   <div id=\"text-box-457290819\" class=\"text-box banner-layer x95 md-x95 lg-x95 y50 md-y50 lg-y50 res-text\">\n                                <div class=\"text-box-content text dark\">\n              \n              <div class=\"text-inner text-center\">\n                  \n\n<h1 class=\"alt-font\" style=\"text-align: left;\"><span style=\"font-size: 100%;\">Un \u00e1ngel, el origen de nuestros productos<\/span><\/h1>\n\n              <\/div>\n           <\/div>\n                            \n<style>\n#text-box-457290819 .text-box-content {\n  background-color: rgba(11, 11, 11, 0.308);\n  font-size: 100%;\n}\n#text-box-457290819 .text-inner {\n  padding: 20px 20px 20px 20px;\n}\n#text-box-457290819 {\n  width: 60%;\n}\n@media (min-width:550px) {\n  #text-box-457290819 {\n    width: 42%;\n  }\n}\n<\/style>\n    <\/div>\n \n\n        <\/div>\n      <\/div>\n\n            \n<style>\n#banner-847965592 {\n  padding-top: 600px;\n  background-color: rgb(255, 255, 255);\n}\n#banner-847965592 .overlay {\n  background-color: rgba(190, 190, 190, 0.2);\n}\n#banner-847965592 .banner-bg img {\n  object-position: 0% 86%;\n}\n@media (min-width:550px) {\n  #banner-847965592 {\n    padding-top: 500px;\n  }\n}\n<\/style>\n  <\/div>\n\n\n<div class=\"row align-middle align-center\"  id=\"row-2123620374\">\n\n\n\t<div id=\"col-1154724153\" class=\"col medium-4 small-12 large-4\"  >\n\t\t\t\t<div class=\"col-inner\"  >\n\t\t\t\n\t\t\t\n\n\n\t\t<\/div>\n\t\t\t\t\n<style>\n#col-1154724153 > .col-inner {\n  padding: 0 0px 0px 0px;\n  margin: 0 0px 0px 0px;\n}\n<\/style>\n\t<\/div>\n\n\t\n\n\t<div id=\"col-280634458\" class=\"col medium-4 small-12 large-4\"  >\n\t\t\t\t<div class=\"col-inner text-center\"  >\n\t\t\t\n\t\t\t\n\n\t<div class=\"img has-hover x md-x lg-x y md-y lg-y\" id=\"image_1171172283\">\n\t\t\t\t\t\t<div data-animate=\"fadeInLeft\">\t\t<div class=\"img-inner dark\" style=\"margin:0 0px 0px 0px;\">\n\t\t\t<img loading=\"lazy\" decoding=\"async\" width=\"66\" height=\"65\" src=\"https:\/\/www.alpaderm.com\/wp-content\/uploads\/2021\/02\/B-fly.png\" class=\"attachment-original size-original\" alt=\"B fly\" \/>\t\t\t\t\t\t\n\t\t\t\t\t<\/div>\n\t\t<\/div>\t\t\t\t\t\t\n<style>\n#image_1171172283 {\n  width: 22%;\n}\n<\/style>\n\t<\/div>\n\t\n\n\n\t\t<\/div>\n\t\t\t\t\n<style>\n#col-280634458 > .col-inner {\n  padding: 0 0px 0px 0px;\n  margin: 0 0px 0px 0px;\n}\n<\/style>\n\t<\/div>\n\n\t\n\n\t<div id=\"col-1211553800\" class=\"col medium-4 small-12 large-4\"  >\n\t\t\t\t<div class=\"col-inner\"  >\n\t\t\t\n\t\t\t\n\n\n\t\t<\/div>\n\t\t\t\t\t<\/div>\n\n\t\n\n\n<style>\n#row-2123620374 > .col > .col-inner {\n  padding: 0 0px 0px 0px;\n}\n<\/style>\n<\/div>\n<div class=\"row\"  id=\"row-240908764\">\n\n\n\t<div id=\"col-1423514986\" class=\"col small-12 large-12\"  >\n\t\t\t\t<div class=\"col-inner\"  >\n\t\t\t\n\t\t\t\n\n<p><span style=\"font-size: 120%;\">Queridos amigos de Alpaderm,<\/span><\/p>\n<p><span style=\"font-size: 120%;\">Nos gustar\u00eda agradecerles su lealtad incondicional a lo lardo de los \u00faltimos 20 a\u00f1os (2004 \u2013 2024). Desde el principio hemos querido mantener para nuestros productos una pol\u00edtica de calidad sin concesiones. Pero hoy en d\u00eda, el contexto econ\u00f3mico y comercial ha cambiado mucho, los costes de los ingredientes se han disparado y fluct\u00faan constantemente, priv\u00e1ndonos de visibilidad&#8230; Hemos decidido hacer una pausa de producci\u00f3n a partir de diciembre de 2023. Sin embargo, nuestro compromiso con la lucha contra el eczema contin\u00faa&#8230;<\/span><\/p>\n<p><span style=\"font-size: 120%;\">Philippe y France J<\/span><\/p>\n<div class=\"row\"  id=\"row-342302219\">\n\n\n\t<div id=\"col-1250117574\" class=\"col small-12 large-12\"  >\n\t\t\t\t<div class=\"col-inner\"  >\n\t\t\t\n\t\t\t\n\n<div class=\"row row-small\"  id=\"row-216529601\">\n\n\n\t<div id=\"col-724447801\" class=\"col medium-4 small-12 large-4\"  >\n\t\t\t\t<div class=\"col-inner\"  >\n\t\t\t\n\t\t\t\n\n\t<div class=\"box has-hover   has-hover box-shadow-2 box-shade dark box-text-bottom\" >\n\n\t\t<div class=\"box-image\" >\n\t\t\t\t\t\t<div class=\"image-cover\" style=\"padding-top:100%;\">\n\t\t\t\t<img loading=\"lazy\" decoding=\"async\" width=\"317\" height=\"317\" src=\"https:\/\/www.alpaderm.com\/wp-content\/uploads\/2021\/01\/imageInstitutionnelle.jpg\" class=\"attachment- size-\" alt=\"imageInstitutionnelle\" srcset=\"https:\/\/www.alpaderm.com\/wp-content\/uploads\/2021\/01\/imageInstitutionnelle.jpg 317w, https:\/\/www.alpaderm.com\/wp-content\/uploads\/2021\/01\/imageInstitutionnelle-100x100.jpg 100w, https:\/\/www.alpaderm.com\/wp-content\/uploads\/2021\/01\/imageInstitutionnelle-280x280.jpg 280w\" sizes=\"auto, (max-width: 317px) 100vw, 317px\" \/>\t\t\t\t\t\t\t\t<div class=\"shade\"><\/div>\t\t\t<\/div>\n\t\t\t\t\t<\/div>\n\n\t\t<div class=\"box-text text-left\" style=\"padding:20px 20px 0px 20px;\">\n\t\t\t<div class=\"box-text-inner\">\n\t\t\t\t\n\n<h3><span style=\"font-size: 160%;\">Nuestra Historia<\/span><\/h3>\n<p>&nbsp;<\/p>\n<a href=\"https:\/\/www.alpaderm.com\/es\/alpaderm\/nuestra-historia\/\" class=\"button primary lowercase\"  style=\"border-radius:15px;\">\n\t\t<span>Desc\u00fabrelo<\/span>\n\t<\/a>\n\n\n\t<div id=\"gap-1856613534\" class=\"gap-element clearfix\" style=\"display:block; height:auto;\">\n\t\t\n<style>\n#gap-1856613534 {\n  padding-top: 30px;\n}\n<\/style>\n\t<\/div>\n\t\n\n\n\t\t\t<\/div>\n\t\t<\/div>\n\t<\/div>\n\t\n\n\t\t<\/div>\n\t\t\t\t\t<\/div>\n\n\t\n\n\t<div id=\"col-1138165234\" class=\"col medium-4 small-12 large-4\"  >\n\t\t\t\t<div class=\"col-inner\"  >\n\t\t\t\n\t\t\t\n\n\t<div class=\"box has-hover   has-hover box-shadow-2 box-shade dark box-text-bottom\" >\n\n\t\t<div class=\"box-image\" >\n\t\t\t\t\t\t<div class=\"image-cover\" style=\"padding-top:100%;\">\n\t\t\t\t<img loading=\"lazy\" decoding=\"async\" width=\"600\" height=\"582\" src=\"https:\/\/www.alpaderm.com\/wp-content\/uploads\/2021\/03\/Alpaderm-Image-Lilly-Carre\u03012.jpg\" class=\"attachment- size-\" alt=\"Alpaderm Image Lilly Carre\u03012\" srcset=\"https:\/\/www.alpaderm.com\/wp-content\/uploads\/2021\/03\/Alpaderm-Image-Lilly-Carre\u03012.jpg 600w, https:\/\/www.alpaderm.com\/wp-content\/uploads\/2021\/03\/Alpaderm-Image-Lilly-Carre\u03012-510x495.jpg 510w, https:\/\/www.alpaderm.com\/wp-content\/uploads\/2021\/03\/Alpaderm-Image-Lilly-Carre\u03012-412x400.jpg 412w\" sizes=\"auto, (max-width: 600px) 100vw, 600px\" \/>\t\t\t\t\t\t\t\t<div class=\"shade\"><\/div>\t\t\t<\/div>\n\t\t\t\t\t<\/div>\n\n\t\t<div class=\"box-text text-left\" style=\"padding:20px 20px 0px 20px;\">\n\t\t\t<div class=\"box-text-inner\">\n\t\t\t\t\n\n<h3><span style=\"font-size: 160%;\">Nuestro compromiso<\/span><\/h3>\n<p>&nbsp;<\/p>\n<a href=\"https:\/\/www.alpaderm.com\/es\/alpaderm\/nuestro-compromiso\/\" class=\"button primary lowercase\"  style=\"border-radius:15px;\">\n\t\t<span>Desc\u00fabrelo<\/span>\n\t<\/a>\n\n\n\t<div id=\"gap-511036293\" class=\"gap-element clearfix\" style=\"display:block; height:auto;\">\n\t\t\n<style>\n#gap-511036293 {\n  padding-top: 30px;\n}\n<\/style>\n\t<\/div>\n\t\n\n\n\t\t\t<\/div>\n\t\t<\/div>\n\t<\/div>\n\t\n\n\t\t<\/div>\n\t\t\t\t\t<\/div>\n\n\t\n\n\t<div id=\"col-1300607537\" class=\"col medium-4 small-12 large-4\"  >\n\t\t\t\t<div class=\"col-inner\"  >\n\t\t\t\n\t\t\t\n\n\t<div class=\"box has-hover   has-hover box-shadow-2 box-shade dark box-text-bottom\" >\n\n\t\t<div class=\"box-image\" >\n\t\t\t\t\t\t<div class=\"image-cover\" style=\"padding-top:100%;\">\n\t\t\t\t<img loading=\"lazy\" decoding=\"async\" width=\"1920\" height=\"907\" src=\"https:\/\/www.alpaderm.com\/wp-content\/uploads\/2020\/03\/Bandeau-v3B.jpg\" class=\"attachment- size-\" alt=\"Bandeau v3B\" srcset=\"https:\/\/www.alpaderm.com\/wp-content\/uploads\/2020\/03\/Bandeau-v3B.jpg 1920w, https:\/\/www.alpaderm.com\/wp-content\/uploads\/2020\/03\/Bandeau-v3B-510x241.jpg 510w, https:\/\/www.alpaderm.com\/wp-content\/uploads\/2020\/03\/Bandeau-v3B-300x142.jpg 300w, https:\/\/www.alpaderm.com\/wp-content\/uploads\/2020\/03\/Bandeau-v3B-1024x484.jpg 1024w, https:\/\/www.alpaderm.com\/wp-content\/uploads\/2020\/03\/Bandeau-v3B-768x363.jpg 768w, https:\/\/www.alpaderm.com\/wp-content\/uploads\/2020\/03\/Bandeau-v3B-1536x726.jpg 1536w\" sizes=\"auto, (max-width: 1920px) 100vw, 1920px\" \/>\t\t\t\t\t\t\t\t<div class=\"shade\"><\/div>\t\t\t<\/div>\n\t\t\t\t\t<\/div>\n\n\t\t<div class=\"box-text text-left\" style=\"padding:20px 20px 0px 20px;\">\n\t\t\t<div class=\"box-text-inner\">\n\t\t\t\t\n\n<h3><span style=\"font-size: 160%;\">Ingredientes<\/span><\/h3>\n<p>&nbsp;<\/p>\n<a href=\"https:\/\/www.alpaderm.com\/es\/alpaderm\/los-ingredientes\/\" class=\"button primary lowercase\"  style=\"border-radius:15px;\">\n\t\t<span>Desc\u00fabrelo<\/span>\n\t<\/a>\n\n\n\t<div id=\"gap-916565490\" class=\"gap-element clearfix\" style=\"display:block; height:auto;\">\n\t\t\n<style>\n#gap-916565490 {\n  padding-top: 30px;\n}\n<\/style>\n\t<\/div>\n\t\n\n\n\t\t\t<\/div>\n\t\t<\/div>\n\t<\/div>\n\t\n\n\t\t<\/div>\n\t\t\t\t\t<\/div>\n\n\t\n\n<\/div>\n\n\t\t<\/div>\n\t\t\t\t\t<\/div>\n\n\t\n\n<\/div>\n\n\t\t<\/div>\n\t\t\t\t\t<\/div>\n\n\t\n\n<\/div>\n\n\t<section class=\"section\" id=\"section_101025603\">\n\t\t<div class=\"section-bg fill\" >\n\t\t\t\t\t\t\t\t\t\n\t\t\t\n\n\t\t<\/div>\n\n\t\t\n\n\t\t<div class=\"section-content relative\">\n\t\t\t\n\n<div class=\"is-divider divider clearfix\" style=\"max-width:0px;\"><\/div>\n\n\t<div id=\"text-970120083\" class=\"text\">\n\t\t\n\n<h2 class=\"alt-font\"><span style=\"color: #ffffff; font-size: 140%;\">Nuestras \u00faltimas noticias<\/span><\/h2>\n\t\t\n<style>\n#text-970120083 {\n  text-align: center;\n}\n<\/style>\n\t<\/div>\n\t\n\t<div id=\"gap-1715128510\" class=\"gap-element clearfix\" style=\"display:block; height:auto;\">\n\t\t\n<style>\n#gap-1715128510 {\n  padding-top: 30px;\n}\n<\/style>\n\t<\/div>\n\t\n\n\n  \n    <div class=\"row large-columns-4 medium-columns-3 small-columns-1 slider row-slider slider-nav-circle slider-nav-outside slider-nav-push\"  data-flickity-options='{&quot;imagesLoaded&quot;: true, &quot;groupCells&quot;: &quot;100%&quot;, &quot;dragThreshold&quot; : 5, &quot;cellAlign&quot;: &quot;left&quot;,&quot;wrapAround&quot;: true,&quot;prevNextButtons&quot;: true,&quot;percentPosition&quot;: true,&quot;pageDots&quot;: false, &quot;rightToLeft&quot;: false, &quot;autoPlay&quot; : false}' >\n\n  <div class=\"col post-item\" data-animate=\"fadeInLeft\">\n\t\t\t<div class=\"col-inner\">\n\t\t\t\t<div class=\"box box-default box-text-bottom box-blog-post has-hover\">\n            \t\t\t\t\t<div class=\"box-image\" >\n  \t\t\t\t\t\t<div class=\"image-cover\" style=\"padding-top:70%;\">\n\t\t\t\t\t\t\t<a href=\"https:\/\/www.alpaderm.com\/es\/consejos\/entender-la-piel\/\" class=\"plain\" aria-label=\"ENTENDER LA PIEL\">\n\t\t\t\t\t\t\t\t<img loading=\"lazy\" decoding=\"async\" width=\"711\" height=\"400\" src=\"https:\/\/www.alpaderm.com\/wp-content\/uploads\/2019\/12\/4-1-711x400.png\" class=\"attachment-medium size-medium wp-post-image\" alt=\"4 1\" srcset=\"https:\/\/www.alpaderm.com\/wp-content\/uploads\/2019\/12\/4-1-711x400.png 711w, https:\/\/www.alpaderm.com\/wp-content\/uploads\/2019\/12\/4-1-510x287.png 510w, https:\/\/www.alpaderm.com\/wp-content\/uploads\/2019\/12\/4-1-1400x788.png 1400w, https:\/\/www.alpaderm.com\/wp-content\/uploads\/2019\/12\/4-1-768x432.png 768w, https:\/\/www.alpaderm.com\/wp-content\/uploads\/2019\/12\/4-1-1536x864.png 1536w, https:\/\/www.alpaderm.com\/wp-content\/uploads\/2019\/12\/4-1.png 1920w\" sizes=\"auto, (max-width: 711px) 100vw, 711px\" \/>\t\t\t\t\t\t\t<\/a>\n  \t\t\t\t\t\t\t  \t\t\t\t\t\t\t  \t\t\t\t\t\t<\/div>\n  \t\t\t\t\t\t  \t\t\t\t\t<\/div>\n          \t\t\t\t\t<div class=\"box-text text-center dark\" >\n\t\t\t\t\t<div class=\"box-text-inner blog-post-inner\">\n\n\t\t\t\t\t\n\t\t\t\t\t\t\t\t\t\t<h5 class=\"post-title is-large \">\n\t\t\t\t\t\t<a href=\"https:\/\/www.alpaderm.com\/es\/consejos\/entender-la-piel\/\" class=\"plain\">ENTENDER LA PIEL<\/a>\n\t\t\t\t\t<\/h5>\n\t\t\t\t\t\t\t\t\t\t<div class=\"is-divider\"><\/div>\n\t\t\t\t\t                    \n\t\t\t\t\t\n\t\t\t\t\t\n\t\t\t\t\t<\/div>\n\t\t\t\t\t<\/div>\n\t\t\t\t\t\t\t\t\t\t\t\t\t\t\t\t<div class=\"badge absolute top post-date badge-outline\">\n\t\t\t\t\t\t\t<div class=\"badge-inner\">\n\t\t\t\t\t\t\t\t<span class=\"post-date-day\">16<\/span><br>\n\t\t\t\t\t\t\t\t<span class=\"post-date-month is-xsmall\">Feb<\/span>\n\t\t\t\t\t\t\t<\/div>\n\t\t\t\t\t\t<\/div>\n\t\t\t\t\t\t\t\t\t<\/div>\n\t\t\t<\/div>\n\t\t<\/div><div class=\"col post-item\" data-animate=\"fadeInLeft\">\n\t\t\t<div class=\"col-inner\">\n\t\t\t\t<div class=\"box box-default box-text-bottom box-blog-post has-hover\">\n            \t\t\t\t\t<div class=\"box-image\" >\n  \t\t\t\t\t\t<div class=\"image-cover\" style=\"padding-top:70%;\">\n\t\t\t\t\t\t\t<a href=\"https:\/\/www.alpaderm.com\/es\/testimonios\/pflegeroutine-fuer-atopische-haut-2\/\" class=\"plain\" aria-label=\"RUTINA PARA LA PIEL AT\u00d3PICA\">\n\t\t\t\t\t\t\t\t<img loading=\"lazy\" decoding=\"async\" width=\"640\" height=\"359\" src=\"https:\/\/www.alpaderm.com\/wp-content\/uploads\/2021\/02\/two-man-hiking-on-snow-mountain-869258.jpg\" class=\"attachment-medium size-medium wp-post-image\" alt=\"two man hiking on snow mountain 869258\" srcset=\"https:\/\/www.alpaderm.com\/wp-content\/uploads\/2021\/02\/two-man-hiking-on-snow-mountain-869258.jpg 640w, https:\/\/www.alpaderm.com\/wp-content\/uploads\/2021\/02\/two-man-hiking-on-snow-mountain-869258-510x286.jpg 510w\" sizes=\"auto, (max-width: 640px) 100vw, 640px\" \/>\t\t\t\t\t\t\t<\/a>\n  \t\t\t\t\t\t\t  \t\t\t\t\t\t\t  \t\t\t\t\t\t<\/div>\n  \t\t\t\t\t\t  \t\t\t\t\t<\/div>\n          \t\t\t\t\t<div class=\"box-text text-center dark\" >\n\t\t\t\t\t<div class=\"box-text-inner blog-post-inner\">\n\n\t\t\t\t\t\n\t\t\t\t\t\t\t\t\t\t<h5 class=\"post-title is-large \">\n\t\t\t\t\t\t<a href=\"https:\/\/www.alpaderm.com\/es\/testimonios\/pflegeroutine-fuer-atopische-haut-2\/\" class=\"plain\">RUTINA PARA LA PIEL AT\u00d3PICA<\/a>\n\t\t\t\t\t<\/h5>\n\t\t\t\t\t\t\t\t\t\t<div class=\"is-divider\"><\/div>\n\t\t\t\t\t                    \n\t\t\t\t\t\n\t\t\t\t\t\n\t\t\t\t\t<\/div>\n\t\t\t\t\t<\/div>\n\t\t\t\t\t\t\t\t\t\t\t\t\t\t\t\t<div class=\"badge absolute top post-date badge-outline\">\n\t\t\t\t\t\t\t<div class=\"badge-inner\">\n\t\t\t\t\t\t\t\t<span class=\"post-date-day\">16<\/span><br>\n\t\t\t\t\t\t\t\t<span class=\"post-date-month is-xsmall\">Feb<\/span>\n\t\t\t\t\t\t\t<\/div>\n\t\t\t\t\t\t<\/div>\n\t\t\t\t\t\t\t\t\t<\/div>\n\t\t\t<\/div>\n\t\t<\/div><div class=\"col post-item\" data-animate=\"fadeInLeft\">\n\t\t\t<div class=\"col-inner\">\n\t\t\t\t<div class=\"box box-default box-text-bottom box-blog-post has-hover\">\n            \t\t\t\t\t<div class=\"box-image\" >\n  \t\t\t\t\t\t<div class=\"image-cover\" style=\"padding-top:70%;\">\n\t\t\t\t\t\t\t<a href=\"https:\/\/www.alpaderm.com\/es\/testimonios\/pflegeroutine-zur-hautreinigung\/\" class=\"plain\" aria-label=\"RUTINA PARA DESMAQUILLARSE\">\n\t\t\t\t\t\t\t\t<img loading=\"lazy\" decoding=\"async\" width=\"711\" height=\"400\" src=\"https:\/\/www.alpaderm.com\/wp-content\/uploads\/2021\/02\/Copie-de-Copie-de-Base-photo-711x400.png\" class=\"attachment-medium size-medium wp-post-image\" alt=\"Copie de Copie de Base photo\" srcset=\"https:\/\/www.alpaderm.com\/wp-content\/uploads\/2021\/02\/Copie-de-Copie-de-Base-photo-711x400.png 711w, https:\/\/www.alpaderm.com\/wp-content\/uploads\/2021\/02\/Copie-de-Copie-de-Base-photo-510x287.png 510w, https:\/\/www.alpaderm.com\/wp-content\/uploads\/2021\/02\/Copie-de-Copie-de-Base-photo-1400x788.png 1400w, https:\/\/www.alpaderm.com\/wp-content\/uploads\/2021\/02\/Copie-de-Copie-de-Base-photo-768x432.png 768w, https:\/\/www.alpaderm.com\/wp-content\/uploads\/2021\/02\/Copie-de-Copie-de-Base-photo-1536x864.png 1536w, https:\/\/www.alpaderm.com\/wp-content\/uploads\/2021\/02\/Copie-de-Copie-de-Base-photo.png 1920w\" sizes=\"auto, (max-width: 711px) 100vw, 711px\" \/>\t\t\t\t\t\t\t<\/a>\n  \t\t\t\t\t\t\t  \t\t\t\t\t\t\t  \t\t\t\t\t\t<\/div>\n  \t\t\t\t\t\t  \t\t\t\t\t<\/div>\n          \t\t\t\t\t<div class=\"box-text text-center dark\" >\n\t\t\t\t\t<div class=\"box-text-inner blog-post-inner\">\n\n\t\t\t\t\t\n\t\t\t\t\t\t\t\t\t\t<h5 class=\"post-title is-large \">\n\t\t\t\t\t\t<a href=\"https:\/\/www.alpaderm.com\/es\/testimonios\/pflegeroutine-zur-hautreinigung\/\" class=\"plain\">RUTINA PARA DESMAQUILLARSE<\/a>\n\t\t\t\t\t<\/h5>\n\t\t\t\t\t\t\t\t\t\t<div class=\"is-divider\"><\/div>\n\t\t\t\t\t                    \n\t\t\t\t\t\n\t\t\t\t\t\n\t\t\t\t\t<\/div>\n\t\t\t\t\t<\/div>\n\t\t\t\t\t\t\t\t\t\t\t\t\t\t\t\t<div class=\"badge absolute top post-date badge-outline\">\n\t\t\t\t\t\t\t<div class=\"badge-inner\">\n\t\t\t\t\t\t\t\t<span class=\"post-date-day\">16<\/span><br>\n\t\t\t\t\t\t\t\t<span class=\"post-date-month is-xsmall\">Feb<\/span>\n\t\t\t\t\t\t\t<\/div>\n\t\t\t\t\t\t<\/div>\n\t\t\t\t\t\t\t\t\t<\/div>\n\t\t\t<\/div>\n\t\t<\/div><div class=\"col post-item\" data-animate=\"fadeInLeft\">\n\t\t\t<div class=\"col-inner\">\n\t\t\t\t<div class=\"box box-default box-text-bottom box-blog-post has-hover\">\n            \t\t\t\t\t<div class=\"box-image\" >\n  \t\t\t\t\t\t<div class=\"image-cover\" style=\"padding-top:70%;\">\n\t\t\t\t\t\t\t<a href=\"https:\/\/www.alpaderm.com\/es\/testimonios\/rutina-para-desmaquillarse\/\" class=\"plain\" aria-label=\"Rutina Para Desmaquillarse\">\n\t\t\t\t\t\t\t\t<img loading=\"lazy\" decoding=\"async\" width=\"711\" height=\"400\" src=\"https:\/\/www.alpaderm.com\/wp-content\/uploads\/2021\/02\/Copie-de-Copie-de-Base-photo-711x400.png\" class=\"attachment-medium size-medium wp-post-image\" alt=\"Copie de Copie de Base photo\" srcset=\"https:\/\/www.alpaderm.com\/wp-content\/uploads\/2021\/02\/Copie-de-Copie-de-Base-photo-711x400.png 711w, https:\/\/www.alpaderm.com\/wp-content\/uploads\/2021\/02\/Copie-de-Copie-de-Base-photo-510x287.png 510w, https:\/\/www.alpaderm.com\/wp-content\/uploads\/2021\/02\/Copie-de-Copie-de-Base-photo-1400x788.png 1400w, https:\/\/www.alpaderm.com\/wp-content\/uploads\/2021\/02\/Copie-de-Copie-de-Base-photo-768x432.png 768w, https:\/\/www.alpaderm.com\/wp-content\/uploads\/2021\/02\/Copie-de-Copie-de-Base-photo-1536x864.png 1536w, https:\/\/www.alpaderm.com\/wp-content\/uploads\/2021\/02\/Copie-de-Copie-de-Base-photo.png 1920w\" sizes=\"auto, (max-width: 711px) 100vw, 711px\" \/>\t\t\t\t\t\t\t<\/a>\n  \t\t\t\t\t\t\t  \t\t\t\t\t\t\t  \t\t\t\t\t\t<\/div>\n  \t\t\t\t\t\t  \t\t\t\t\t<\/div>\n          \t\t\t\t\t<div class=\"box-text text-center dark\" >\n\t\t\t\t\t<div class=\"box-text-inner blog-post-inner\">\n\n\t\t\t\t\t\n\t\t\t\t\t\t\t\t\t\t<h5 class=\"post-title is-large \">\n\t\t\t\t\t\t<a href=\"https:\/\/www.alpaderm.com\/es\/testimonios\/rutina-para-desmaquillarse\/\" class=\"plain\">Rutina Para Desmaquillarse<\/a>\n\t\t\t\t\t<\/h5>\n\t\t\t\t\t\t\t\t\t\t<div class=\"is-divider\"><\/div>\n\t\t\t\t\t                    \n\t\t\t\t\t\n\t\t\t\t\t\n\t\t\t\t\t<\/div>\n\t\t\t\t\t<\/div>\n\t\t\t\t\t\t\t\t\t\t\t\t\t\t\t\t<div class=\"badge absolute top post-date badge-outline\">\n\t\t\t\t\t\t\t<div class=\"badge-inner\">\n\t\t\t\t\t\t\t\t<span class=\"post-date-day\">16<\/span><br>\n\t\t\t\t\t\t\t\t<span class=\"post-date-month is-xsmall\">Feb<\/span>\n\t\t\t\t\t\t\t<\/div>\n\t\t\t\t\t\t<\/div>\n\t\t\t\t\t\t\t\t\t<\/div>\n\t\t\t<\/div>\n\t\t<\/div><\/div>\n\n\n\t\t<\/div>\n\n\t\t\n<style>\n#section_101025603 {\n  padding-top: 0px;\n  padding-bottom: 0px;\n  margin-bottom: 0px;\n  min-height: 0px;\n  background-color: #0077c8;\n}\n<\/style>\n\t<\/section>\n\t\n\n","protected":false},"excerpt":{"rendered":"","protected":false},"author":58,"featured_media":0,"parent":0,"menu_order":1,"comment_status":"closed","ping_status":"closed","template":"page-blank.php","meta":{"footnotes":""},"class_list":["post-9310","page","type-page","status-publish","hentry"],"_links":{"self":[{"href":"https:\/\/www.alpaderm.com\/es\/wp-json\/wp\/v2\/pages\/9310","targetHints":{"allow":["GET"]}}],"collection":[{"href":"https:\/\/www.alpaderm.com\/es\/wp-json\/wp\/v2\/pages"}],"about":[{"href":"https:\/\/www.alpaderm.com\/es\/wp-json\/wp\/v2\/types\/page"}],"author":[{"embeddable":true,"href":"https:\/\/www.alpaderm.com\/es\/wp-json\/wp\/v2\/users\/58"}],"replies":[{"embeddable":true,"href":"https:\/\/www.alpaderm.com\/es\/wp-json\/wp\/v2\/comments?post=9310"}],"version-history":[{"count":5,"href":"https:\/\/www.alpaderm.com\/es\/wp-json\/wp\/v2\/pages\/9310\/revisions"}],"predecessor-version":[{"id":16164,"href":"https:\/\/www.alpaderm.com\/es\/wp-json\/wp\/v2\/pages\/9310\/revisions\/16164"}],"wp:attachment":[{"href":"https:\/\/www.alpaderm.com\/es\/wp-json\/wp\/v2\/media?parent=9310"}],"curies":[{"name":"wp","href":"https:\/\/api.w.org\/{rel}","templated":true}]}}