{"id":9321,"date":"2021-01-19T22:32:12","date_gmt":"2021-01-19T22:32:12","guid":{"rendered":"http:\/\/www.alpaderm.com\/peau-tres-seche\/"},"modified":"2023-12-27T21:20:08","modified_gmt":"2023-12-27T21:20:08","slug":"piel-muy-seca","status":"publish","type":"page","link":"https:\/\/www.alpaderm.com\/es\/piel-muy-seca\/","title":{"rendered":"Peau tr\u00e8s s\u00e8che"},"content":{"rendered":"\n\n  <div class=\"banner has-hover\" id=\"banner-1030297896\">\n          <div class=\"banner-inner fill\">\n        <div class=\"banner-bg fill\" >\n            <img loading=\"lazy\" decoding=\"async\" width=\"1020\" height=\"574\" src=\"https:\/\/www.alpaderm.com\/wp-content\/uploads\/2021\/03\/3-1400x788.jpg\" class=\"bg attachment-large size-large\" alt=\"\" \/>                                    \n                    <\/div>\n\t\t\n        <div class=\"banner-layers container\">\n            <div class=\"fill banner-link\"><\/div>            \n\n   <div id=\"text-box-508382463\" class=\"text-box banner-layer x15 md-x15 lg-x15 y50 md-y50 lg-y50 res-text\">\n                                <div class=\"text-box-content text dark\">\n              \n              <div class=\"text-inner text-center\">\n                  \n\n<p><span style=\"color: #ffffff; font-size: 130%;\">Formulado por una madre para su hija, el cerat alpino es un emoliente ultra nutritivo (crema fr\u00eda) para calmar la piel m\u00e1s seca o eccematosa.<\/span><\/p>\n\n              <\/div>\n           <\/div>\n                            \n<style>\n#text-box-508382463 {\n  width: 41%;\n}\n#text-box-508382463 .text-box-content {\n  font-size: 100%;\n}\n<\/style>\n    <\/div>\n \n   <div id=\"text-box-167839801\" class=\"text-box banner-layer x80 md-x80 lg-x80 y50 md-y50 lg-y50 res-text\">\n                                <div class=\"text-box-content text dark\">\n              \n              <div class=\"text-inner text-center\">\n                  \n\n\t<div class=\"img has-hover x md-x lg-x y md-y lg-y\" id=\"image_607177626\">\n\t\t\t\t\t\t<div data-animate=\"fadeInRight\">\t\t<div class=\"img-inner dark\" >\n\t\t\t<img loading=\"lazy\" decoding=\"async\" width=\"400\" height=\"800\" src=\"https:\/\/www.alpaderm.com\/wp-content\/uploads\/2022\/04\/cerat_t-400x800.png\" class=\"attachment-large size-large\" alt=\"\" srcset=\"https:\/\/www.alpaderm.com\/wp-content\/uploads\/2022\/04\/cerat_t-400x800.png 400w, https:\/\/www.alpaderm.com\/wp-content\/uploads\/2022\/04\/cerat_t-510x1020.png 510w, https:\/\/www.alpaderm.com\/wp-content\/uploads\/2022\/04\/cerat_t-200x400.png 200w, https:\/\/www.alpaderm.com\/wp-content\/uploads\/2022\/04\/cerat_t.png 540w\" sizes=\"auto, (max-width: 400px) 100vw, 400px\" \/>\t\t\t\t\t\t\n\t\t\t\t\t<\/div>\n\t\t<\/div>\t\t\t\t\t\t\n<style>\n#image_607177626 {\n  width: 75%;\n}\n<\/style>\n\t<\/div>\n\t\n\n\n              <\/div>\n           <\/div>\n                            \n<style>\n#text-box-167839801 {\n  width: 26%;\n}\n#text-box-167839801 .text-box-content {\n  font-size: 100%;\n}\n<\/style>\n    <\/div>\n \n\n        <\/div>\n      <\/div>\n\n            \n<style>\n#banner-1030297896 {\n  padding-top: 500px;\n}\n<\/style>\n  <\/div>\n\n\n\n\t<section class=\"section\" id=\"section_1769015770\">\n\t\t<div class=\"section-bg fill\" >\n\t\t\t\t\t\t\t\t\t\n\t\t\t\n\n\t\t<\/div>\n\n\t\t\n\n\t\t<div class=\"section-content relative\">\n\t\t\t\n\n<div class=\"row align-middle align-center\"  id=\"row-695491910\">\n\n\n\t<div id=\"col-2026028404\" class=\"col medium-4 small-12 large-4\"  >\n\t\t\t\t<div class=\"col-inner\"  >\n\t\t\t\n\t\t\t\n\n\n\t\t<\/div>\n\t\t\t\t\n<style>\n#col-2026028404 > .col-inner {\n  padding: 0 0px 0px 0px;\n  margin: 0 0px 0px 0px;\n}\n<\/style>\n\t<\/div>\n\n\t\n\n\t<div id=\"col-1240320420\" class=\"col medium-4 small-12 large-4\"  >\n\t\t\t\t<div class=\"col-inner text-center\"  >\n\t\t\t\n\t\t\t\n\n\t<div class=\"img has-hover x md-x lg-x y md-y lg-y\" id=\"image_1077033232\">\n\t\t\t\t\t\t<div data-animate=\"fadeInLeft\">\t\t<div class=\"img-inner dark\" style=\"margin:0 0px 0px 0px;\">\n\t\t\t<img loading=\"lazy\" decoding=\"async\" width=\"66\" height=\"65\" src=\"https:\/\/www.alpaderm.com\/wp-content\/uploads\/2021\/02\/B-fly.png\" class=\"attachment-original size-original\" alt=\"B fly\" \/>\t\t\t\t\t\t\n\t\t\t\t\t<\/div>\n\t\t<\/div>\t\t\t\t\t\t\n<style>\n#image_1077033232 {\n  width: 22%;\n}\n<\/style>\n\t<\/div>\n\t\n\n\n\t\t<\/div>\n\t\t\t\t\n<style>\n#col-1240320420 > .col-inner {\n  padding: 0 0px 0px 0px;\n  margin: 0 0px 0px 0px;\n}\n<\/style>\n\t<\/div>\n\n\t\n\n\t<div id=\"col-1609527835\" class=\"col medium-4 small-12 large-4\"  >\n\t\t\t\t<div class=\"col-inner\"  >\n\t\t\t\n\t\t\t\n\n\n\t\t<\/div>\n\t\t\t\t\t<\/div>\n\n\t\n\n\n<style>\n#row-695491910 > .col > .col-inner {\n  padding: 0 0px 0px 0px;\n}\n<\/style>\n<\/div>\n<div class=\"row\" style=\"max-width:1300px\" id=\"row-165600911\">\n\n\n\t<div id=\"col-2031405953\" class=\"col small-12 large-12\"  >\n\t\t\t\t<div class=\"col-inner text-center\"  >\n\t\t\t\n\t\t\t\n\n\t<div id=\"gap-1519376675\" class=\"gap-element clearfix\" style=\"display:block; height:auto;\">\n\t\t\n<style>\n#gap-1519376675 {\n  padding-top: 10px;\n}\n<\/style>\n\t<\/div>\n\t\n\n\n\t\t<\/div>\n\t\t\t\t\t<\/div>\n\n\t\n\n<\/div>\n\n\t\t<\/div>\n\n\t\t\n<style>\n#section_1769015770 {\n  padding-top: 30px;\n  padding-bottom: 30px;\n}\n<\/style>\n\t<\/section>\n\t\n\n\t<section class=\"section\" id=\"section_250744575\">\n\t\t<div class=\"section-bg fill\" >\n\t\t\t\t\t\t\t\t\t\n\t\t\t\n\n\t\t<\/div>\n\n\t\t\n\n\t\t<div class=\"section-content relative\">\n\t\t\t\n\n<div class=\"row align-middle\"  id=\"row-587789556\">\n\n\n\t<div id=\"col-1186362622\" class=\"col medium-6 small-12 large-6\"  >\n\t\t\t\t<div class=\"col-inner\"  >\n\t\t\t\n\t\t\t\n\n\t<div id=\"text-1998103719\" class=\"text\">\n\t\t\n\n<h2><span style=\"color: #ffffff;\">\u00a1El nuevo C\u00e9rat des Alpes ha llegado!  <\/span><\/h2>\n<ul>\n<li>Plantas y aceites preciosos con propiedades reconocidas desde hace siglos<\/li>\n<li>Producido con nuestra propia fuente de agua a 1500 m de altitud en los Alpes suizos<\/li>\n<li>Textura cremosa de las investigaciones m\u00e1s recientes.<\/li>\n<li>Testado dermatol\u00f3gicamente<\/li>\n<li>Utilizado en farmacias para preparaciones gal\u00e9nicas (ver frasco 500 g)<\/li>\n<\/ul>\n\t\t\n<style>\n#text-1998103719 {\n  color: rgb(255, 255, 255);\n}\n#text-1998103719 > * {\n  color: rgb(255, 255, 255);\n}\n<\/style>\n\t<\/div>\n\t\n\n\t\t<\/div>\n\t\t\t\t\n<style>\n#col-1186362622 > .col-inner {\n  padding: 10px 10px 10px 10px;\n}\n<\/style>\n\t<\/div>\n\n\t\n\n\t<div id=\"col-1352001356\" class=\"col medium-6 small-12 large-6\"  >\n\t\t\t\t<div class=\"col-inner text-center\"  >\n\t\t\t\n\t\t\t\n\n\t<div class=\"img has-hover x md-x lg-x y md-y lg-y\" id=\"image_908323389\">\n\t\t\t\t\t\t\t\t<div class=\"img-inner dark\" >\n\t\t\t<img loading=\"lazy\" decoding=\"async\" width=\"1080\" height=\"1080\" src=\"https:\/\/www.alpaderm.com\/wp-content\/uploads\/2021\/02\/1.png\" class=\"attachment-original size-original\" alt=\"1\" srcset=\"https:\/\/www.alpaderm.com\/wp-content\/uploads\/2021\/02\/1.png 1080w, https:\/\/www.alpaderm.com\/wp-content\/uploads\/2021\/02\/1-100x100.png 100w, https:\/\/www.alpaderm.com\/wp-content\/uploads\/2021\/02\/1-510x510.png 510w, https:\/\/www.alpaderm.com\/wp-content\/uploads\/2021\/02\/1-400x400.png 400w, https:\/\/www.alpaderm.com\/wp-content\/uploads\/2021\/02\/1-800x800.png 800w, https:\/\/www.alpaderm.com\/wp-content\/uploads\/2021\/02\/1-280x280.png 280w, https:\/\/www.alpaderm.com\/wp-content\/uploads\/2021\/02\/1-768x768.png 768w\" sizes=\"auto, (max-width: 1080px) 100vw, 1080px\" \/>\t\t\t\t\t\t\n\t\t\t\t\t<\/div>\n\t\t\t\t\t\t\t\t\n<style>\n#image_908323389 {\n  width: 77%;\n}\n<\/style>\n\t<\/div>\n\t\n\n\n\t\t<\/div>\n\t\t\t\t\n<style>\n#col-1352001356 > .col-inner {\n  padding: 0px 0px 0px 0px;\n  margin: 0 0px 0px 0px;\n}\n<\/style>\n\t<\/div>\n\n\t\n\n\n<style>\n#row-587789556 > .col > .col-inner {\n  padding: 31px 0px 0px 0px;\n}\n<\/style>\n<\/div>\n<div class=\"row align-middle\"  id=\"row-1170129303\">\n\n\n\t<div id=\"col-1994611620\" class=\"col medium-6 small-12 large-6\"  >\n\t\t\t\t<div class=\"col-inner\"  >\n\t\t\t\n\t\t\t\n\n\t<div id=\"text-3238616453\" class=\"text\">\n\t\t\n\n<h2><span style=\"color: #ffffff;\">\u00bfPor qu\u00e9 usar un emoliente \/ crema fr\u00eda en la piel alterada afectada &#8230; \u00bfPor ejemplo dermatitis at\u00f3pica&nbsp;?<\/span><\/h2>\n<p><br><span style=\"color: #ffffff;\">Por consejo de un m\u00e9dico, el uso de una crema emoliente sobre pieles alteradas o muy secas es esencial para restaurar no solo la barrera cut\u00e1nea actuando sobre el aumento de la hidrataci\u00f3n de las capas superficiales de la epidermis, sino tambi\u00e9n para mantener los l\u00edpidos entre las c\u00e9lulas y as\u00ed hacer que la piel sea m\u00e1s flexible.  <\/span><\/p>\n\t\t\n<style>\n#text-3238616453 {\n  color: rgb(255, 255, 255);\n}\n#text-3238616453 > * {\n  color: rgb(255, 255, 255);\n}\n<\/style>\n\t<\/div>\n\t\n\n\t\t<\/div>\n\t\t\t\t\n<style>\n#col-1994611620 > .col-inner {\n  padding: 10px 10px 10px 10px;\n}\n<\/style>\n\t<\/div>\n\n\t\n\n\t<div id=\"col-764933416\" class=\"col medium-6 small-12 large-6\"  >\n\t\t\t\t<div class=\"col-inner text-center\"  >\n\t\t\t\n\t\t\t\n\n\t<div class=\"img has-hover x md-x lg-x y md-y lg-y\" id=\"image_1001957615\">\n\t\t\t\t\t\t\t\t<div class=\"img-inner image-cover dark\" style=\"padding-top:100%;\">\n\t\t\t<img loading=\"lazy\" decoding=\"async\" width=\"1080\" height=\"1080\" src=\"https:\/\/www.alpaderm.com\/wp-content\/uploads\/2021\/02\/Peau.png\" class=\"attachment-original size-original\" alt=\"Peau\" srcset=\"https:\/\/www.alpaderm.com\/wp-content\/uploads\/2021\/02\/Peau.png 1080w, https:\/\/www.alpaderm.com\/wp-content\/uploads\/2021\/02\/Peau-100x100.png 100w, https:\/\/www.alpaderm.com\/wp-content\/uploads\/2021\/02\/Peau-510x510.png 510w, https:\/\/www.alpaderm.com\/wp-content\/uploads\/2021\/02\/Peau-400x400.png 400w, https:\/\/www.alpaderm.com\/wp-content\/uploads\/2021\/02\/Peau-800x800.png 800w, https:\/\/www.alpaderm.com\/wp-content\/uploads\/2021\/02\/Peau-280x280.png 280w, https:\/\/www.alpaderm.com\/wp-content\/uploads\/2021\/02\/Peau-768x768.png 768w\" sizes=\"auto, (max-width: 1080px) 100vw, 1080px\" \/>\t\t\t\t\t\t\n\t\t\t\t\t<\/div>\n\t\t\t\t\t\t\t\t\n<style>\n#image_1001957615 {\n  width: 78%;\n}\n<\/style>\n\t<\/div>\n\t\n\n\n\t\t<\/div>\n\t\t\t\t\n<style>\n#col-764933416 > .col-inner {\n  padding: 0px 0px 0px 0px;\n  margin: 0 0px 0px 0px;\n}\n<\/style>\n\t<\/div>\n\n\t\n\n\n<style>\n#row-1170129303 > .col > .col-inner {\n  padding: 31px 0px 0px 0px;\n}\n<\/style>\n<\/div>\n\n\t\t<\/div>\n\n\t\t\n<style>\n#section_250744575 {\n  padding-top: 0px;\n  padding-bottom: 0px;\n  background-color: #0077c8;\n}\n<\/style>\n\t<\/section>\n\t\n\n\t<section class=\"section\" id=\"section_293425584\">\n\t\t<div class=\"section-bg fill\" >\n\t\t\t\t\t\t\t\t\t\n\t\t\t\n\n\t\t<\/div>\n\n\t\t\n\n\t\t<div class=\"section-content relative\">\n\t\t\t\n\n\t<div id=\"gap-53764989\" class=\"gap-element clearfix\" style=\"display:block; height:auto;\">\n\t\t\n<style>\n#gap-53764989 {\n  padding-top: 40px;\n}\n<\/style>\n\t<\/div>\n\t\n\n<div class=\"is-divider divider clearfix\" style=\"max-width:0px;height:17px;\"><\/div>\n\n<div class=\"row\"  id=\"row-1317539222\">\n\n\n\t<div id=\"col-248082357\" class=\"col medium-6 small-12 large-6\"  >\n\t\t\t\t<div class=\"col-inner\"  >\n\t\t\t\n\t\t\t\n\n\t<div class=\"img has-hover x md-x lg-x y md-y lg-y\" id=\"image_1940170947\">\n\t\t\t\t\t\t\t\t<div class=\"img-inner image-cover dark\" style=\"padding-top:82%;margin:10px 10px 10px 10px;\">\n\t\t\t<img loading=\"lazy\" decoding=\"async\" width=\"491\" height=\"400\" src=\"https:\/\/www.alpaderm.com\/wp-content\/uploads\/2021\/02\/Atopic-491x400.jpg\" class=\"attachment-medium size-medium\" alt=\"Atopic\" srcset=\"https:\/\/www.alpaderm.com\/wp-content\/uploads\/2021\/02\/Atopic-491x400.jpg 491w, https:\/\/www.alpaderm.com\/wp-content\/uploads\/2021\/02\/Atopic-510x416.jpg 510w, https:\/\/www.alpaderm.com\/wp-content\/uploads\/2021\/02\/Atopic-768x626.jpg 768w, https:\/\/www.alpaderm.com\/wp-content\/uploads\/2021\/02\/Atopic.jpg 780w\" sizes=\"auto, (max-width: 491px) 100vw, 491px\" \/>\t\t\t\t\t\t\n\t\t\t\t\t<\/div>\n\t\t\t\t\t\t\t\t\n<style>\n#image_1940170947 {\n  width: 100%;\n}\n<\/style>\n\t<\/div>\n\t\n\n\n\t\t<\/div>\n\t\t\t\t\t<\/div>\n\n\t\n\n\t<div id=\"col-1143407047\" class=\"col medium-6 small-12 large-6\"  >\n\t\t\t\t<div class=\"col-inner\"  >\n\t\t\t\n\t\t\t\n\n\t<div id=\"text-4009526975\" class=\"text\">\n\t\t\n\n<h2>ECCEMA&#8230; EN CIFRAS<\/h2>\n<p>En todo el mundo&nbsp;:  <br>Prevalencia en adultos&nbsp;: alrededor del 4%&nbsp;&nbsp;&nbsp; <br>Prevalencia en ni\u00f1os&nbsp;: 10-15% (Europa occidental)  <br>El n\u00famero de pacientes afectados se ha triplicado en 30 a\u00f1os en los pa\u00edses industrializados<br>&nbsp;<br>En Francia&nbsp;:  <br>2,5 millones de personas afectadas, es decir, casi el 5% de la poblaci\u00f3n  <br>El 30% de las consultas dermatol\u00f3gicas est\u00e1n relacionadas con eczemas  <br>Beb\u00e9 de un a\u00f1o&nbsp;: 15%<br>Ni\u00f1os menores de 7 a\u00f1os&nbsp;: 20%<br>Ni\u00f1os de 7 a 16 a\u00f1os&nbsp;: 18%<\/p>\n\t\t\n<style>\n#text-4009526975 {\n  color: rgb(0, 119, 200);\n}\n#text-4009526975 > * {\n  color: rgb(0, 119, 200);\n}\n<\/style>\n\t<\/div>\n\t\n\n\t\t<\/div>\n\t\t\t\t\n<style>\n#col-1143407047 > .col-inner {\n  padding: 10px 10px 10px 10px;\n  margin: px 10px 10px 10px;\n}\n<\/style>\n\t<\/div>\n\n\t\n\n<\/div>\n\n\t\t<\/div>\n\n\t\t\n<style>\n#section_293425584 {\n  padding-top: 0px;\n  padding-bottom: 0px;\n}\n<\/style>\n\t<\/section>\n\t\n\n","protected":false},"excerpt":{"rendered":"","protected":false},"author":58,"featured_media":0,"parent":0,"menu_order":0,"comment_status":"closed","ping_status":"closed","template":"page-blank.php","meta":{"footnotes":""},"class_list":["post-9321","page","type-page","status-publish","hentry"],"_links":{"self":[{"href":"https:\/\/www.alpaderm.com\/es\/wp-json\/wp\/v2\/pages\/9321","targetHints":{"allow":["GET"]}}],"collection":[{"href":"https:\/\/www.alpaderm.com\/es\/wp-json\/wp\/v2\/pages"}],"about":[{"href":"https:\/\/www.alpaderm.com\/es\/wp-json\/wp\/v2\/types\/page"}],"author":[{"embeddable":true,"href":"https:\/\/www.alpaderm.com\/es\/wp-json\/wp\/v2\/users\/58"}],"replies":[{"embeddable":true,"href":"https:\/\/www.alpaderm.com\/es\/wp-json\/wp\/v2\/comments?post=9321"}],"version-history":[{"count":5,"href":"https:\/\/www.alpaderm.com\/es\/wp-json\/wp\/v2\/pages\/9321\/revisions"}],"predecessor-version":[{"id":16161,"href":"https:\/\/www.alpaderm.com\/es\/wp-json\/wp\/v2\/pages\/9321\/revisions\/16161"}],"wp:attachment":[{"href":"https:\/\/www.alpaderm.com\/es\/wp-json\/wp\/v2\/media?parent=9321"}],"curies":[{"name":"wp","href":"https:\/\/api.w.org\/{rel}","templated":true}]}}